{"id":2372,"date":"2023-05-15T11:35:04","date_gmt":"2023-05-15T09:35:04","guid":{"rendered":"https:\/\/berninabrussels.be\/?post_type=product&#038;p=2372"},"modified":"2023-05-22T10:07:18","modified_gmt":"2023-05-22T08:07:18","slug":"machine-veritas-marie","status":"publish","type":"product","link":"https:\/\/berninabrussels.be\/?product=machine-veritas-marie","title":{"rendered":"Machine Veritas Marie"},"content":{"rendered":"<p><strong>VERITAS Marie est parfaite pour les d\u00e9butantes.<\/strong><\/p>\n<p>La VERITAS Marie est le choix id\u00e9al pour les couturi\u00e8res d\u00e9butantes et avanc\u00e9es qui cherchent une machine \u00e0 coudre pour les r\u00e9parations et les travaux de couture simples. Elle dispose des fonctionnalit\u00e9s de base les plus importantes, comme les points de base, le surjet et les points de fantaisie sans trop de fioritures. En plus, elle est tellement conviviale qu&rsquo;on ne risque pas de faire un mauvais choix en optant pour la VERITAS Marie.<\/p>\n","protected":false},"excerpt":{"rendered":"<p>Prix sur devis<\/p>\n","protected":false},"featured_media":2373,"comment_status":"open","ping_status":"closed","template":"","meta":{"om_disable_all_campaigns":false,"_monsterinsights_skip_tracking":false,"_monsterinsights_sitenote_active":false,"_monsterinsights_sitenote_note":"","_monsterinsights_sitenote_category":0,"_uf_show_specific_survey":0,"_uf_disable_surveys":false},"product_brand":[],"product_cat":[29,16,41],"product_tag":[],"giftcard-category":[],"class_list":{"0":"post-2372","1":"product","2":"type-product","3":"status-publish","4":"has-post-thumbnail","6":"product_cat-machines","7":"product_cat-machines-menageres","8":"product_cat-mecanique","10":"first","11":"instock","12":"shipping-taxable","13":"purchasable","14":"product-type-simple"},"aioseo_notices":[],"jetpack_sharing_enabled":true,"_links":{"self":[{"href":"https:\/\/berninabrussels.be\/index.php?rest_route=\/wp\/v2\/product\/2372","targetHints":{"allow":["GET"]}}],"collection":[{"href":"https:\/\/berninabrussels.be\/index.php?rest_route=\/wp\/v2\/product"}],"about":[{"href":"https:\/\/berninabrussels.be\/index.php?rest_route=\/wp\/v2\/types\/product"}],"replies":[{"embeddable":true,"href":"https:\/\/berninabrussels.be\/index.php?rest_route=%2Fwp%2Fv2%2Fcomments&post=2372"}],"wp:featuredmedia":[{"embeddable":true,"href":"https:\/\/berninabrussels.be\/index.php?rest_route=\/wp\/v2\/media\/2373"}],"wp:attachment":[{"href":"https:\/\/berninabrussels.be\/index.php?rest_route=%2Fwp%2Fv2%2Fmedia&parent=2372"}],"wp:term":[{"taxonomy":"product_brand","embeddable":true,"href":"https:\/\/berninabrussels.be\/index.php?rest_route=%2Fwp%2Fv2%2Fproduct_brand&post=2372"},{"taxonomy":"product_cat","embeddable":true,"href":"https:\/\/berninabrussels.be\/index.php?rest_route=%2Fwp%2Fv2%2Fproduct_cat&post=2372"},{"taxonomy":"product_tag","embeddable":true,"href":"https:\/\/berninabrussels.be\/index.php?rest_route=%2Fwp%2Fv2%2Fproduct_tag&post=2372"},{"taxonomy":"giftcard-category","embeddable":true,"href":"https:\/\/berninabrussels.be\/index.php?rest_route=%2Fwp%2Fv2%2Fgiftcard-category&post=2372"}],"curies":[{"name":"wp","href":"https:\/\/api.w.org\/{rel}","templated":true}]}}