{"id":2370,"date":"2023-05-15T11:29:33","date_gmt":"2023-05-15T09:29:33","guid":{"rendered":"https:\/\/berninabrussels.be\/?post_type=product&#038;p=2370"},"modified":"2024-04-04T17:48:42","modified_gmt":"2024-04-04T15:48:42","slug":"bernette-64","status":"publish","type":"product","link":"https:\/\/berninabrussels.be\/?product=bernette-64","title":{"rendered":"Bernette 64 + Cours de prise en main offert"},"content":{"rendered":"<p>La surjeteuse avec un enfileur \u00e0 air pour enfiler automatiquement les fils du boucleur. Il n&rsquo;a jamais \u00e9t\u00e9 aussi facile de commencer \u00e0 coudre.<\/p>\n<p>La machine b64 AIRLOCK poss\u00e8de encore plus d&rsquo;atouts: le bras libre facilite la couture de manches et de manchettes. Vous allez adorer la vaste surface de travail \u00e0 droite de l&rsquo;aiguille et la table rallonge.<\/p>\n<p>Cinq LEDs garantissent un \u00e9clairage lumineux de la surface de travail. Le pied-de-biche peut \u00eatre abaiss\u00e9 et relev\u00e9 temporairement \u00e0 l&rsquo;aide du syst\u00e8me mains libres bernette afin que vos mains puissent rester libres pour guider le tissu.<\/p>\n<p>Avec 16 diff\u00e9rents points \u00e0 s\u00e9lectionner et une vitesse de couture pouvant atteindre jusqu&rsquo;\u00e0 1 300 points par minute, tu pourras finir ton ouvrage en un rien de temps!<\/p>\n","protected":false},"excerpt":{"rendered":"<p>La surjeteuse avec un enfileur \u00e0 air pour enfiler automatiquement les fils du boucleur. Il n&rsquo;a jamais \u00e9t\u00e9 aussi facile de commencer \u00e0 coudre. La machine b64 AIRLOCK poss\u00e8de encore plus d&rsquo;atouts: le bras libre facilite la couture de manches et de manchettes. Vous allez adorer la vaste surface de travail \u00e0 droite de l&rsquo;aiguille&hellip;<\/p>\n","protected":false},"featured_media":2371,"comment_status":"open","ping_status":"closed","template":"","meta":{"om_disable_all_campaigns":false,"_monsterinsights_skip_tracking":false,"_monsterinsights_sitenote_active":false,"_monsterinsights_sitenote_note":"","_monsterinsights_sitenote_category":0,"_uf_show_specific_survey":0,"_uf_disable_surveys":false},"product_brand":[],"product_cat":[29,45,53],"product_tag":[],"giftcard-category":[],"class_list":{"0":"post-2370","1":"product","2":"type-product","3":"status-publish","4":"has-post-thumbnail","6":"product_cat-machines","7":"product_cat-surjeteuse-accesoires","8":"product_cat-surjeteuse-recouvreuse","10":"first","11":"instock","12":"sale","13":"shipping-taxable","14":"purchasable","15":"product-type-simple"},"aioseo_notices":[],"jetpack_sharing_enabled":true,"_links":{"self":[{"href":"https:\/\/berninabrussels.be\/index.php?rest_route=\/wp\/v2\/product\/2370","targetHints":{"allow":["GET"]}}],"collection":[{"href":"https:\/\/berninabrussels.be\/index.php?rest_route=\/wp\/v2\/product"}],"about":[{"href":"https:\/\/berninabrussels.be\/index.php?rest_route=\/wp\/v2\/types\/product"}],"replies":[{"embeddable":true,"href":"https:\/\/berninabrussels.be\/index.php?rest_route=%2Fwp%2Fv2%2Fcomments&post=2370"}],"wp:featuredmedia":[{"embeddable":true,"href":"https:\/\/berninabrussels.be\/index.php?rest_route=\/wp\/v2\/media\/2371"}],"wp:attachment":[{"href":"https:\/\/berninabrussels.be\/index.php?rest_route=%2Fwp%2Fv2%2Fmedia&parent=2370"}],"wp:term":[{"taxonomy":"product_brand","embeddable":true,"href":"https:\/\/berninabrussels.be\/index.php?rest_route=%2Fwp%2Fv2%2Fproduct_brand&post=2370"},{"taxonomy":"product_cat","embeddable":true,"href":"https:\/\/berninabrussels.be\/index.php?rest_route=%2Fwp%2Fv2%2Fproduct_cat&post=2370"},{"taxonomy":"product_tag","embeddable":true,"href":"https:\/\/berninabrussels.be\/index.php?rest_route=%2Fwp%2Fv2%2Fproduct_tag&post=2370"},{"taxonomy":"giftcard-category","embeddable":true,"href":"https:\/\/berninabrussels.be\/index.php?rest_route=%2Fwp%2Fv2%2Fgiftcard-category&post=2370"}],"curies":[{"name":"wp","href":"https:\/\/api.w.org\/{rel}","templated":true}]}}