{"id":2368,"date":"2023-05-15T11:24:14","date_gmt":"2023-05-15T09:24:14","guid":{"rendered":"https:\/\/berninabrussels.be\/?post_type=product&#038;p=2368"},"modified":"2025-11-11T07:03:51","modified_gmt":"2025-11-11T06:03:51","slug":"surjeteuse-bernina-l460","status":"publish","type":"product","link":"https:\/\/berninabrussels.be\/?product=surjeteuse-bernina-l460","title":{"rendered":"Surjeteuse BERNINA L460"},"content":{"rendered":"<h4>Le compl\u00e9ment parfait de la machine \u00e0 coudre.<\/h4>\n<p>Cette surjeteuse offre un confort optimal. Elle coupe, coud et surfile en une \u00e9tape. La L 460 r\u00e9alise des coutures et des ourlets professionnels avec la plus haute qualit\u00e9 de point \u2013 qu&rsquo;il s&rsquo;agisse d&rsquo;ourlets roul\u00e9s ou de bordures d\u00e9coratives. C&rsquo;est le compl\u00e9ment parfait de la machine \u00e0 coudre.<\/p>\n","protected":false},"excerpt":{"rendered":"<p>Le compl\u00e9ment parfait de la machine \u00e0 coudre. Cette surjeteuse offre un confort optimal. Elle coupe, coud et surfile en une \u00e9tape. La L 460 r\u00e9alise des coutures et des ourlets professionnels avec la plus haute qualit\u00e9 de point \u2013 qu&rsquo;il s&rsquo;agisse d&rsquo;ourlets roul\u00e9s ou de bordures d\u00e9coratives. C&rsquo;est le compl\u00e9ment parfait de la machine&hellip;<\/p>\n","protected":false},"featured_media":2369,"comment_status":"open","ping_status":"closed","template":"","meta":{"om_disable_all_campaigns":false,"_monsterinsights_skip_tracking":false,"_monsterinsights_sitenote_active":false,"_monsterinsights_sitenote_note":"","_monsterinsights_sitenote_category":0,"_uf_show_specific_survey":0,"_uf_disable_surveys":false},"product_brand":[],"product_cat":[29,45,53],"product_tag":[],"giftcard-category":[],"class_list":{"0":"post-2368","1":"product","2":"type-product","3":"status-publish","4":"has-post-thumbnail","6":"product_cat-machines","7":"product_cat-surjeteuse-accesoires","8":"product_cat-surjeteuse-recouvreuse","10":"first","11":"instock","12":"sale","13":"shipping-taxable","14":"purchasable","15":"product-type-simple"},"aioseo_notices":[],"jetpack_sharing_enabled":true,"_links":{"self":[{"href":"https:\/\/berninabrussels.be\/index.php?rest_route=\/wp\/v2\/product\/2368","targetHints":{"allow":["GET"]}}],"collection":[{"href":"https:\/\/berninabrussels.be\/index.php?rest_route=\/wp\/v2\/product"}],"about":[{"href":"https:\/\/berninabrussels.be\/index.php?rest_route=\/wp\/v2\/types\/product"}],"replies":[{"embeddable":true,"href":"https:\/\/berninabrussels.be\/index.php?rest_route=%2Fwp%2Fv2%2Fcomments&post=2368"}],"wp:featuredmedia":[{"embeddable":true,"href":"https:\/\/berninabrussels.be\/index.php?rest_route=\/wp\/v2\/media\/2369"}],"wp:attachment":[{"href":"https:\/\/berninabrussels.be\/index.php?rest_route=%2Fwp%2Fv2%2Fmedia&parent=2368"}],"wp:term":[{"taxonomy":"product_brand","embeddable":true,"href":"https:\/\/berninabrussels.be\/index.php?rest_route=%2Fwp%2Fv2%2Fproduct_brand&post=2368"},{"taxonomy":"product_cat","embeddable":true,"href":"https:\/\/berninabrussels.be\/index.php?rest_route=%2Fwp%2Fv2%2Fproduct_cat&post=2368"},{"taxonomy":"product_tag","embeddable":true,"href":"https:\/\/berninabrussels.be\/index.php?rest_route=%2Fwp%2Fv2%2Fproduct_tag&post=2368"},{"taxonomy":"giftcard-category","embeddable":true,"href":"https:\/\/berninabrussels.be\/index.php?rest_route=%2Fwp%2Fv2%2Fgiftcard-category&post=2368"}],"curies":[{"name":"wp","href":"https:\/\/api.w.org\/{rel}","templated":true}]}}