{"id":2366,"date":"2023-05-15T11:16:58","date_gmt":"2023-05-15T09:16:58","guid":{"rendered":"https:\/\/berninabrussels.be\/?post_type=product&#038;p=2366"},"modified":"2025-10-31T18:32:18","modified_gmt":"2025-10-31T17:32:18","slug":"surjeteuse-bernina-l450","status":"publish","type":"product","link":"https:\/\/berninabrussels.be\/?product=surjeteuse-bernina-l450","title":{"rendered":"Surjeteuse Bernina L450 + Cours de prise en main offert"},"content":{"rendered":"<p>Une surjeteuse est la parfaite accompagnatrice d&rsquo;une machine \u00e0 coudre. Pratique et conviviale, cette sp\u00e9cialiste vous permet de cr\u00e9er rapidement vos projets de couture.<br \/>\nInnovantes, ces caract\u00e9ristiques vous garantissent une commande simplifi\u00e9e et une qualit\u00e9 professionnelle de point.<\/p>\n","protected":false},"excerpt":{"rendered":"<p>Une surjeteuse est la parfaite accompagnatrice d&rsquo;une machine \u00e0 coudre. Pratique et conviviale, cette sp\u00e9cialiste vous permet de cr\u00e9er rapidement vos projets de couture. Innovantes, ces caract\u00e9ristiques vous garantissent une commande simplifi\u00e9e et une qualit\u00e9 professionnelle de point.<\/p>\n","protected":false},"featured_media":2367,"comment_status":"open","ping_status":"closed","template":"","meta":{"om_disable_all_campaigns":false,"_monsterinsights_skip_tracking":false,"_monsterinsights_sitenote_active":false,"_monsterinsights_sitenote_note":"","_monsterinsights_sitenote_category":0,"_uf_show_specific_survey":0,"_uf_disable_surveys":false},"product_brand":[],"product_cat":[29,45,53],"product_tag":[],"giftcard-category":[],"class_list":{"0":"post-2366","1":"product","2":"type-product","3":"status-publish","4":"has-post-thumbnail","6":"product_cat-machines","7":"product_cat-surjeteuse-accesoires","8":"product_cat-surjeteuse-recouvreuse","10":"first","11":"instock","12":"sale","13":"shipping-taxable","14":"purchasable","15":"product-type-simple"},"aioseo_notices":[],"jetpack_sharing_enabled":true,"_links":{"self":[{"href":"https:\/\/berninabrussels.be\/index.php?rest_route=\/wp\/v2\/product\/2366","targetHints":{"allow":["GET"]}}],"collection":[{"href":"https:\/\/berninabrussels.be\/index.php?rest_route=\/wp\/v2\/product"}],"about":[{"href":"https:\/\/berninabrussels.be\/index.php?rest_route=\/wp\/v2\/types\/product"}],"replies":[{"embeddable":true,"href":"https:\/\/berninabrussels.be\/index.php?rest_route=%2Fwp%2Fv2%2Fcomments&post=2366"}],"wp:featuredmedia":[{"embeddable":true,"href":"https:\/\/berninabrussels.be\/index.php?rest_route=\/wp\/v2\/media\/2367"}],"wp:attachment":[{"href":"https:\/\/berninabrussels.be\/index.php?rest_route=%2Fwp%2Fv2%2Fmedia&parent=2366"}],"wp:term":[{"taxonomy":"product_brand","embeddable":true,"href":"https:\/\/berninabrussels.be\/index.php?rest_route=%2Fwp%2Fv2%2Fproduct_brand&post=2366"},{"taxonomy":"product_cat","embeddable":true,"href":"https:\/\/berninabrussels.be\/index.php?rest_route=%2Fwp%2Fv2%2Fproduct_cat&post=2366"},{"taxonomy":"product_tag","embeddable":true,"href":"https:\/\/berninabrussels.be\/index.php?rest_route=%2Fwp%2Fv2%2Fproduct_tag&post=2366"},{"taxonomy":"giftcard-category","embeddable":true,"href":"https:\/\/berninabrussels.be\/index.php?rest_route=%2Fwp%2Fv2%2Fgiftcard-category&post=2366"}],"curies":[{"name":"wp","href":"https:\/\/api.w.org\/{rel}","templated":true}]}}