{"id":236,"date":"2023-05-05T19:59:21","date_gmt":"2023-05-05T17:59:21","guid":{"rendered":"https:\/\/berninabrussels.be\/?post_type=product&#038;p=236"},"modified":"2025-05-26T02:13:06","modified_gmt":"2025-05-26T00:13:06","slug":"machine-a-coudre-pfaff-select-3-2","status":"publish","type":"product","link":"https:\/\/berninabrussels.be\/?product=machine-a-coudre-pfaff-select-3-2","title":{"rendered":"Machine \u00e0 coudre PFAFF Select 3.2 + cours de prise en main"},"content":{"rendered":"<h3>Machine \u00e0 coudre Pfaff Select 3.2<\/h3>\n<h4>L\u2019entra\u00eenement du tissu est parfait sur l\u2019endroit comme l\u2019envers !<\/h4>\n<p>Si vous optez pour la vous tirerez beaucoup d\u2018avantages de ce confort de couture extraordinaire qu\u2019est l\u2018IDTTM (le double entra\u00eenement int\u00e9gr\u00e9) ! Des millions de couturi\u00e8res, \u00e0 travers le monde entier, ne jurent plus que par lui! Il est la garantie d\u2019un entra\u00eenement parfait du tissu sur l\u2019envers comme sur l\u2019endroit, d\u2019o\u00f9 des coutures impeccables sur n\u2019importe quel type de tissu.<\/p>\n","protected":false},"excerpt":{"rendered":"<p>Machine \u00e0 coudre Pfaff Select 3.2 L\u2019entra\u00eenement du tissu est parfait sur l\u2019endroit comme l\u2019envers ! Si vous optez pour la vous tirerez beaucoup d\u2018avantages de ce confort de couture extraordinaire qu\u2019est l\u2018IDTTM (le double entra\u00eenement int\u00e9gr\u00e9) ! Des millions de couturi\u00e8res, \u00e0 travers le monde entier, ne jurent plus que par lui! Il est&hellip;<\/p>\n","protected":false},"featured_media":239,"comment_status":"open","ping_status":"closed","template":"","meta":{"om_disable_all_campaigns":false,"_monsterinsights_skip_tracking":false,"_monsterinsights_sitenote_active":false,"_monsterinsights_sitenote_note":"","_monsterinsights_sitenote_category":0,"_uf_show_specific_survey":0,"_uf_disable_surveys":false},"product_brand":[],"product_cat":[29,16,41],"product_tag":[],"giftcard-category":[],"class_list":{"0":"post-236","1":"product","2":"type-product","3":"status-publish","4":"has-post-thumbnail","6":"product_cat-machines","7":"product_cat-machines-menageres","8":"product_cat-mecanique","10":"first","11":"instock","12":"shipping-taxable","13":"purchasable","14":"product-type-simple"},"aioseo_notices":[],"jetpack_sharing_enabled":true,"_links":{"self":[{"href":"https:\/\/berninabrussels.be\/index.php?rest_route=\/wp\/v2\/product\/236","targetHints":{"allow":["GET"]}}],"collection":[{"href":"https:\/\/berninabrussels.be\/index.php?rest_route=\/wp\/v2\/product"}],"about":[{"href":"https:\/\/berninabrussels.be\/index.php?rest_route=\/wp\/v2\/types\/product"}],"replies":[{"embeddable":true,"href":"https:\/\/berninabrussels.be\/index.php?rest_route=%2Fwp%2Fv2%2Fcomments&post=236"}],"wp:featuredmedia":[{"embeddable":true,"href":"https:\/\/berninabrussels.be\/index.php?rest_route=\/wp\/v2\/media\/239"}],"wp:attachment":[{"href":"https:\/\/berninabrussels.be\/index.php?rest_route=%2Fwp%2Fv2%2Fmedia&parent=236"}],"wp:term":[{"taxonomy":"product_brand","embeddable":true,"href":"https:\/\/berninabrussels.be\/index.php?rest_route=%2Fwp%2Fv2%2Fproduct_brand&post=236"},{"taxonomy":"product_cat","embeddable":true,"href":"https:\/\/berninabrussels.be\/index.php?rest_route=%2Fwp%2Fv2%2Fproduct_cat&post=236"},{"taxonomy":"product_tag","embeddable":true,"href":"https:\/\/berninabrussels.be\/index.php?rest_route=%2Fwp%2Fv2%2Fproduct_tag&post=236"},{"taxonomy":"giftcard-category","embeddable":true,"href":"https:\/\/berninabrussels.be\/index.php?rest_route=%2Fwp%2Fv2%2Fgiftcard-category&post=236"}],"curies":[{"name":"wp","href":"https:\/\/api.w.org\/{rel}","templated":true}]}}