{"id":235,"date":"2023-05-05T19:59:13","date_gmt":"2023-05-05T17:59:13","guid":{"rendered":"https:\/\/berninabrussels.be\/?post_type=product&#038;p=235"},"modified":"2025-04-13T16:19:22","modified_gmt":"2025-04-13T14:19:22","slug":"machine-a-coudre-singer-c430-professional","status":"publish","type":"product","link":"https:\/\/berninabrussels.be\/?product=machine-a-coudre-singer-c430-professional","title":{"rendered":"Machine \u00e0 coudre SINGER C430 Professional"},"content":{"rendered":"<p>La machine \u00e0 coudre \u00e9lectronique SINGER\u00ae C430 dispose d&rsquo;une grande facilit\u00e9 d&rsquo;utilisation et d&rsquo;une large gamme de points et de polices, vous permettant des possibilit\u00e9s cr\u00e9atives illimit\u00e9es.<\/p>\n<div class=\"container sm-padding\">\n<div class=\"col-sm-8 col-sm-offset-2\">\n<div class=\"embed-responsive embed-responsive-16by9\"><iframe src=\"https:\/\/www.youtube.com\/embed\/n9SnpRDMA98?rel=0\" allowfullscreen=\"allowfullscreen\" data-mce-fragment=\"1\"><\/iframe><\/div>\n<\/div>\n<\/div>\n<p>La machine \u00e0 coudre SINGER C430 \u00e9lectronique est parfaite pour la r\u00e9alisation de tout type de projet. Donnez \u00e0 chaque projet une touche personnelle avec cinq polices diff\u00e9rentes et 810 points int\u00e9gr\u00e9s.<\/p>\n<p>M\u00e9langez les points et le lettrage pour cr\u00e9er des s\u00e9quences de points uniques pour des possibilit\u00e9s infinies de projets personnalis\u00e9s. De nombreux points de couture peuvent \u00eatre reproduits en miroir et allong\u00e9s pour des possibilit\u00e9s encore plus cr\u00e9atives.<\/p>\n","protected":false},"excerpt":{"rendered":"<p>La machine \u00e0 coudre \u00e9lectronique SINGER\u00ae C430 dispose d&rsquo;une grande facilit\u00e9 d&rsquo;utilisation et d&rsquo;une large gamme de points et de polices, vous permettant des possibilit\u00e9s cr\u00e9atives illimit\u00e9es. La machine \u00e0 coudre SINGER C430 \u00e9lectronique est parfaite pour la r\u00e9alisation de tout type de projet. Donnez \u00e0 chaque projet une touche personnelle avec cinq polices diff\u00e9rentes&hellip;<\/p>\n","protected":false},"featured_media":238,"comment_status":"open","ping_status":"closed","template":"","meta":{"om_disable_all_campaigns":false,"_monsterinsights_skip_tracking":false,"_monsterinsights_sitenote_active":false,"_monsterinsights_sitenote_note":"","_monsterinsights_sitenote_category":0,"_uf_show_specific_survey":0,"_uf_disable_surveys":false},"product_brand":[],"product_cat":[40,29,16],"product_tag":[],"giftcard-category":[],"class_list":{"0":"post-235","1":"product","2":"type-product","3":"status-publish","4":"has-post-thumbnail","6":"product_cat-electronique","7":"product_cat-machines","8":"product_cat-machines-menageres","10":"first","11":"instock","12":"sale","13":"shipping-taxable","14":"purchasable","15":"product-type-simple"},"aioseo_notices":[],"jetpack_sharing_enabled":true,"_links":{"self":[{"href":"https:\/\/berninabrussels.be\/index.php?rest_route=\/wp\/v2\/product\/235","targetHints":{"allow":["GET"]}}],"collection":[{"href":"https:\/\/berninabrussels.be\/index.php?rest_route=\/wp\/v2\/product"}],"about":[{"href":"https:\/\/berninabrussels.be\/index.php?rest_route=\/wp\/v2\/types\/product"}],"replies":[{"embeddable":true,"href":"https:\/\/berninabrussels.be\/index.php?rest_route=%2Fwp%2Fv2%2Fcomments&post=235"}],"wp:featuredmedia":[{"embeddable":true,"href":"https:\/\/berninabrussels.be\/index.php?rest_route=\/wp\/v2\/media\/238"}],"wp:attachment":[{"href":"https:\/\/berninabrussels.be\/index.php?rest_route=%2Fwp%2Fv2%2Fmedia&parent=235"}],"wp:term":[{"taxonomy":"product_brand","embeddable":true,"href":"https:\/\/berninabrussels.be\/index.php?rest_route=%2Fwp%2Fv2%2Fproduct_brand&post=235"},{"taxonomy":"product_cat","embeddable":true,"href":"https:\/\/berninabrussels.be\/index.php?rest_route=%2Fwp%2Fv2%2Fproduct_cat&post=235"},{"taxonomy":"product_tag","embeddable":true,"href":"https:\/\/berninabrussels.be\/index.php?rest_route=%2Fwp%2Fv2%2Fproduct_tag&post=235"},{"taxonomy":"giftcard-category","embeddable":true,"href":"https:\/\/berninabrussels.be\/index.php?rest_route=%2Fwp%2Fv2%2Fgiftcard-category&post=235"}],"curies":[{"name":"wp","href":"https:\/\/api.w.org\/{rel}","templated":true}]}}