{"id":2323,"date":"2023-05-11T19:26:12","date_gmt":"2023-05-11T17:26:12","guid":{"rendered":"https:\/\/berninabrussels.be\/?post_type=product&#038;p=2323"},"modified":"2025-05-26T09:57:40","modified_gmt":"2025-05-26T07:57:40","slug":"fer-casoli-fv71","status":"publish","type":"product","link":"https:\/\/berninabrussels.be\/?product=fer-casoli-fv71","title":{"rendered":"FER CASOLI FV71"},"content":{"rendered":"<div>Le fer \u00e0 repasser est la composante la plus importante d&rsquo;une installation de repassage compl\u00e8te.\u00a0Une poign\u00e9e ergonomique\u00a0vous permet de manipuler le fer toute la journ\u00e9e sans fatigue.<\/div>\n<div><\/div>\n<div>La concentration\u00a0de trous sur la semelle\u00a0permet une grande superficie de repassage, pour un repassage\u00a0 \u00e0 sec parfait, tandis que le\u00a0thermostat r\u00e9glable\u00a0garantit une temp\u00e9rature de repassage constante et ad\u00e9quate.<\/div>\n<div><\/div>\n<div>Nos fers \u00e0 repasser sont \u00e9quip\u00e9s d&rsquo;une\u00a0s\u00e9curit\u00e9 suppl\u00e9mentaire, gr\u00e2ce \u00e0 laquelle l&rsquo;alimentation sera coup\u00e9e en cas de surchauffe. Le\u00a0cordon d&rsquo;alimentation en vapeur et \u00e9lectrique de 2,5 m\u00e8tres de long\u00a0vous permet d&rsquo;atteindre sans peine le bout de la planche \u00e0 repasser.<\/div>\n<div><\/div>\n<div>Mont\u00e9e avec fiche<\/div>\n","protected":false},"excerpt":{"rendered":"<p>Le fer \u00e0 repasser est la composante la plus importante d&rsquo;une installation de repassage compl\u00e8te.\u00a0Une poign\u00e9e ergonomique\u00a0vous permet de manipuler le fer toute la journ\u00e9e sans fatigue. La concentration\u00a0de trous sur la semelle\u00a0permet une grande superficie de repassage, pour un repassage\u00a0 \u00e0 sec parfait, tandis que le\u00a0thermostat r\u00e9glable\u00a0garantit une temp\u00e9rature de repassage constante et ad\u00e9quate.&hellip;<\/p>\n","protected":false},"featured_media":2324,"comment_status":"open","ping_status":"closed","template":"","meta":{"om_disable_all_campaigns":false,"_monsterinsights_skip_tracking":false,"_monsterinsights_sitenote_active":false,"_monsterinsights_sitenote_note":"","_monsterinsights_sitenote_category":0,"_uf_show_specific_survey":0,"_uf_disable_surveys":false},"product_brand":[],"product_cat":[234],"product_tag":[],"giftcard-category":[],"class_list":{"0":"post-2323","1":"product","2":"type-product","3":"status-publish","4":"has-post-thumbnail","6":"product_cat-fers","8":"first","9":"instock","10":"shipping-taxable","11":"purchasable","12":"product-type-simple"},"aioseo_notices":[],"jetpack_sharing_enabled":true,"_links":{"self":[{"href":"https:\/\/berninabrussels.be\/index.php?rest_route=\/wp\/v2\/product\/2323","targetHints":{"allow":["GET"]}}],"collection":[{"href":"https:\/\/berninabrussels.be\/index.php?rest_route=\/wp\/v2\/product"}],"about":[{"href":"https:\/\/berninabrussels.be\/index.php?rest_route=\/wp\/v2\/types\/product"}],"replies":[{"embeddable":true,"href":"https:\/\/berninabrussels.be\/index.php?rest_route=%2Fwp%2Fv2%2Fcomments&post=2323"}],"wp:featuredmedia":[{"embeddable":true,"href":"https:\/\/berninabrussels.be\/index.php?rest_route=\/wp\/v2\/media\/2324"}],"wp:attachment":[{"href":"https:\/\/berninabrussels.be\/index.php?rest_route=%2Fwp%2Fv2%2Fmedia&parent=2323"}],"wp:term":[{"taxonomy":"product_brand","embeddable":true,"href":"https:\/\/berninabrussels.be\/index.php?rest_route=%2Fwp%2Fv2%2Fproduct_brand&post=2323"},{"taxonomy":"product_cat","embeddable":true,"href":"https:\/\/berninabrussels.be\/index.php?rest_route=%2Fwp%2Fv2%2Fproduct_cat&post=2323"},{"taxonomy":"product_tag","embeddable":true,"href":"https:\/\/berninabrussels.be\/index.php?rest_route=%2Fwp%2Fv2%2Fproduct_tag&post=2323"},{"taxonomy":"giftcard-category","embeddable":true,"href":"https:\/\/berninabrussels.be\/index.php?rest_route=%2Fwp%2Fv2%2Fgiftcard-category&post=2323"}],"curies":[{"name":"wp","href":"https:\/\/api.w.org\/{rel}","templated":true}]}}