{"id":2321,"date":"2023-05-11T19:26:12","date_gmt":"2023-05-11T17:26:12","guid":{"rendered":"https:\/\/berninabrussels.be\/?post_type=product&#038;p=2321"},"modified":"2025-05-26T01:33:41","modified_gmt":"2025-05-25T23:33:41","slug":"fer-casoli-electronique-fe-55","status":"publish","type":"product","link":"https:\/\/berninabrussels.be\/?product=fer-casoli-electronique-fe-55","title":{"rendered":"FER CASOLI \u00c9LECTRONIQUE FE-55"},"content":{"rendered":"<h1 class=\"product_title entry-title\">FER \u00c9LECTRONIQUE INDUSTRIEL MOD. FE-55<\/h1>\n<div class=\"woocommerce-product-details__short-description\">\n<p>\u2013 R\u00e9glage \u00e9lectronique de la temp\u00e9rature<\/p>\n<p>\u2013 Semelle avec protection anti-\u00e9raflure en Nichel et Teflon<\/p>\n<p>\u2013 Protection contre la chaleur et la vapeur<\/p>\n<p>CARACT\u00c9RISTIQUES TECHNIQUES:<\/p>\n<p>\u2013 Semelle avec r\u00e9sistance incorpor\u00e9e et protection en Teflon-Nichel<\/p>\n<p>\u2013 Groupe thermostat \u00e9lectronique<\/p>\n<p>\u2013 Thermofusible<\/p>\n<p>\u2013 Poids 1,600 kg<\/p>\n<p>\u2013 R\u00e9sistance 1000 W<\/p>\n<p>\u2013 230V\/50Hz<\/p>\n<p>Un troller est disponible en option.<\/p>\n<\/div>\n","protected":false},"excerpt":{"rendered":"<p>FER \u00c9LECTRONIQUE INDUSTRIEL MOD. FE-55 \u2013 R\u00e9glage \u00e9lectronique de la temp\u00e9rature \u2013 Semelle avec protection anti-\u00e9raflure en Nichel et Teflon \u2013 Protection contre la chaleur et la vapeur CARACT\u00c9RISTIQUES TECHNIQUES: \u2013 Semelle avec r\u00e9sistance incorpor\u00e9e et protection en Teflon-Nichel \u2013 Groupe thermostat \u00e9lectronique \u2013 Thermofusible \u2013 Poids 1,600 kg \u2013 R\u00e9sistance 1000 W \u2013 230V\/50Hz&hellip;<\/p>\n","protected":false},"featured_media":2322,"comment_status":"open","ping_status":"closed","template":"","meta":{"om_disable_all_campaigns":false,"_monsterinsights_skip_tracking":false,"_monsterinsights_sitenote_active":false,"_monsterinsights_sitenote_note":"","_monsterinsights_sitenote_category":0,"_uf_show_specific_survey":0,"_uf_disable_surveys":false},"product_brand":[],"product_cat":[234],"product_tag":[],"giftcard-category":[],"class_list":{"0":"post-2321","1":"product","2":"type-product","3":"status-publish","4":"has-post-thumbnail","6":"product_cat-fers","8":"first","9":"instock","10":"shipping-taxable","11":"purchasable","12":"product-type-simple"},"aioseo_notices":[],"jetpack_sharing_enabled":true,"_links":{"self":[{"href":"https:\/\/berninabrussels.be\/index.php?rest_route=\/wp\/v2\/product\/2321","targetHints":{"allow":["GET"]}}],"collection":[{"href":"https:\/\/berninabrussels.be\/index.php?rest_route=\/wp\/v2\/product"}],"about":[{"href":"https:\/\/berninabrussels.be\/index.php?rest_route=\/wp\/v2\/types\/product"}],"replies":[{"embeddable":true,"href":"https:\/\/berninabrussels.be\/index.php?rest_route=%2Fwp%2Fv2%2Fcomments&post=2321"}],"wp:featuredmedia":[{"embeddable":true,"href":"https:\/\/berninabrussels.be\/index.php?rest_route=\/wp\/v2\/media\/2322"}],"wp:attachment":[{"href":"https:\/\/berninabrussels.be\/index.php?rest_route=%2Fwp%2Fv2%2Fmedia&parent=2321"}],"wp:term":[{"taxonomy":"product_brand","embeddable":true,"href":"https:\/\/berninabrussels.be\/index.php?rest_route=%2Fwp%2Fv2%2Fproduct_brand&post=2321"},{"taxonomy":"product_cat","embeddable":true,"href":"https:\/\/berninabrussels.be\/index.php?rest_route=%2Fwp%2Fv2%2Fproduct_cat&post=2321"},{"taxonomy":"product_tag","embeddable":true,"href":"https:\/\/berninabrussels.be\/index.php?rest_route=%2Fwp%2Fv2%2Fproduct_tag&post=2321"},{"taxonomy":"giftcard-category","embeddable":true,"href":"https:\/\/berninabrussels.be\/index.php?rest_route=%2Fwp%2Fv2%2Fgiftcard-category&post=2321"}],"curies":[{"name":"wp","href":"https:\/\/api.w.org\/{rel}","templated":true}]}}