{"id":232,"date":"2023-05-05T19:54:11","date_gmt":"2023-05-05T17:54:11","guid":{"rendered":"https:\/\/berninabrussels.be\/?post_type=product&#038;p=232"},"modified":"2025-05-25T22:11:10","modified_gmt":"2025-05-25T20:11:10","slug":"machine-a-coudre-singer-featherweight-c240","status":"publish","type":"product","link":"https:\/\/berninabrussels.be\/?product=machine-a-coudre-singer-featherweight-c240","title":{"rendered":"Machine \u00e0 coudre SINGER Featherweight C240"},"content":{"rendered":"<h3>FEATHERWEIGHT<\/h3>\n<h4>L\u00e9g\u00e8re, compacte et compl\u00e8te !<\/h4>\n<p align=\"center\">Cette machine est compacte et compl\u00e8te, elle est facile \u00e0 transporter et poss\u00e8de aussi de nombreuses fonctionnalit\u00e9s.<\/p>\n<div class=\"container sm-padding\">\n<div class=\"col-sm-8 col-sm-offset-2\">\n<div class=\"embed-responsive embed-responsive-16by9\"><\/div>\n<\/div>\n<\/div>\n","protected":false},"excerpt":{"rendered":"<p>FEATHERWEIGHT L\u00e9g\u00e8re, compacte et compl\u00e8te ! Cette machine est compacte et compl\u00e8te, elle est facile \u00e0 transporter et poss\u00e8de aussi de nombreuses fonctionnalit\u00e9s.<\/p>\n","protected":false},"featured_media":233,"comment_status":"open","ping_status":"closed","template":"","meta":{"om_disable_all_campaigns":false,"_monsterinsights_skip_tracking":false,"_monsterinsights_sitenote_active":false,"_monsterinsights_sitenote_note":"","_monsterinsights_sitenote_category":0,"_uf_show_specific_survey":0,"_uf_disable_surveys":false},"product_brand":[],"product_cat":[40,29,16],"product_tag":[],"giftcard-category":[],"class_list":{"0":"post-232","1":"product","2":"type-product","3":"status-publish","4":"has-post-thumbnail","6":"product_cat-electronique","7":"product_cat-machines","8":"product_cat-machines-menageres","10":"first","11":"instock","12":"sale","13":"shipping-taxable","14":"purchasable","15":"product-type-simple"},"aioseo_notices":[],"jetpack_sharing_enabled":true,"_links":{"self":[{"href":"https:\/\/berninabrussels.be\/index.php?rest_route=\/wp\/v2\/product\/232","targetHints":{"allow":["GET"]}}],"collection":[{"href":"https:\/\/berninabrussels.be\/index.php?rest_route=\/wp\/v2\/product"}],"about":[{"href":"https:\/\/berninabrussels.be\/index.php?rest_route=\/wp\/v2\/types\/product"}],"replies":[{"embeddable":true,"href":"https:\/\/berninabrussels.be\/index.php?rest_route=%2Fwp%2Fv2%2Fcomments&post=232"}],"wp:featuredmedia":[{"embeddable":true,"href":"https:\/\/berninabrussels.be\/index.php?rest_route=\/wp\/v2\/media\/233"}],"wp:attachment":[{"href":"https:\/\/berninabrussels.be\/index.php?rest_route=%2Fwp%2Fv2%2Fmedia&parent=232"}],"wp:term":[{"taxonomy":"product_brand","embeddable":true,"href":"https:\/\/berninabrussels.be\/index.php?rest_route=%2Fwp%2Fv2%2Fproduct_brand&post=232"},{"taxonomy":"product_cat","embeddable":true,"href":"https:\/\/berninabrussels.be\/index.php?rest_route=%2Fwp%2Fv2%2Fproduct_cat&post=232"},{"taxonomy":"product_tag","embeddable":true,"href":"https:\/\/berninabrussels.be\/index.php?rest_route=%2Fwp%2Fv2%2Fproduct_tag&post=232"},{"taxonomy":"giftcard-category","embeddable":true,"href":"https:\/\/berninabrussels.be\/index.php?rest_route=%2Fwp%2Fv2%2Fgiftcard-category&post=232"}],"curies":[{"name":"wp","href":"https:\/\/api.w.org\/{rel}","templated":true}]}}