{"id":2311,"date":"2023-05-11T19:22:50","date_gmt":"2023-05-11T17:22:50","guid":{"rendered":"https:\/\/berninabrussels.be\/?post_type=product&#038;p=2311"},"modified":"2023-05-11T19:25:05","modified_gmt":"2023-05-11T17:25:05","slug":"poids-de-lisiere-petit-modele","status":"publish","type":"product","link":"https:\/\/berninabrussels.be\/?product=poids-de-lisiere-petit-modele","title":{"rendered":"Poids de lisi\u00e8re petit mod\u00e8le"},"content":{"rendered":"<div><span style=\"font-size: x-large;\">Poids de lisi\u00e8re \u00e0 griffes<\/span><\/div>\n<div><\/div>\n<div><span style=\"font-size: medium;\">Les poids de lisi\u00e8re\u00a0permettent de\u00a0tendre l\u00e9g\u00e8rement la laine de chaque c\u00f4t\u00e9\u00a0pour \u00e9viter les boucles\u00a0et avoir\u00a0de plus belles finitions.<\/span><\/div>\n<div><\/div>\n<div><span style=\"font-size: medium;\">Accessoire indispensable pour des laines difficiles.<\/span><\/div>\n","protected":false},"excerpt":{"rendered":"<p>Poids de lisi\u00e8re \u00e0 griffes Les poids de lisi\u00e8re\u00a0permettent de\u00a0tendre l\u00e9g\u00e8rement la laine de chaque c\u00f4t\u00e9\u00a0pour \u00e9viter les boucles\u00a0et avoir\u00a0de plus belles finitions. Accessoire indispensable pour des laines difficiles.<\/p>\n","protected":false},"featured_media":2312,"comment_status":"open","ping_status":"closed","template":"","meta":{"om_disable_all_campaigns":false,"_monsterinsights_skip_tracking":false,"_monsterinsights_sitenote_active":false,"_monsterinsights_sitenote_note":"","_monsterinsights_sitenote_category":0,"_uf_show_specific_survey":0,"_uf_disable_surveys":false},"product_brand":[],"product_cat":[15],"product_tag":[],"giftcard-category":[],"class_list":{"0":"post-2311","1":"product","2":"type-product","3":"status-publish","4":"has-post-thumbnail","6":"product_cat-non-classe","8":"first","9":"instock","10":"shipping-taxable","11":"purchasable","12":"product-type-simple"},"aioseo_notices":[],"jetpack_sharing_enabled":true,"_links":{"self":[{"href":"https:\/\/berninabrussels.be\/index.php?rest_route=\/wp\/v2\/product\/2311","targetHints":{"allow":["GET"]}}],"collection":[{"href":"https:\/\/berninabrussels.be\/index.php?rest_route=\/wp\/v2\/product"}],"about":[{"href":"https:\/\/berninabrussels.be\/index.php?rest_route=\/wp\/v2\/types\/product"}],"replies":[{"embeddable":true,"href":"https:\/\/berninabrussels.be\/index.php?rest_route=%2Fwp%2Fv2%2Fcomments&post=2311"}],"wp:featuredmedia":[{"embeddable":true,"href":"https:\/\/berninabrussels.be\/index.php?rest_route=\/wp\/v2\/media\/2312"}],"wp:attachment":[{"href":"https:\/\/berninabrussels.be\/index.php?rest_route=%2Fwp%2Fv2%2Fmedia&parent=2311"}],"wp:term":[{"taxonomy":"product_brand","embeddable":true,"href":"https:\/\/berninabrussels.be\/index.php?rest_route=%2Fwp%2Fv2%2Fproduct_brand&post=2311"},{"taxonomy":"product_cat","embeddable":true,"href":"https:\/\/berninabrussels.be\/index.php?rest_route=%2Fwp%2Fv2%2Fproduct_cat&post=2311"},{"taxonomy":"product_tag","embeddable":true,"href":"https:\/\/berninabrussels.be\/index.php?rest_route=%2Fwp%2Fv2%2Fproduct_tag&post=2311"},{"taxonomy":"giftcard-category","embeddable":true,"href":"https:\/\/berninabrussels.be\/index.php?rest_route=%2Fwp%2Fv2%2Fgiftcard-category&post=2311"}],"curies":[{"name":"wp","href":"https:\/\/api.w.org\/{rel}","templated":true}]}}