{"id":228,"date":"2023-05-05T19:50:52","date_gmt":"2023-05-05T17:50:52","guid":{"rendered":"https:\/\/berninabrussels.be\/?post_type=product&#038;p=228"},"modified":"2025-05-25T20:53:11","modified_gmt":"2025-05-25T18:53:11","slug":"machine-a-coudre-singer-heavy-duty-6705c","status":"publish","type":"product","link":"https:\/\/berninabrussels.be\/?product=machine-a-coudre-singer-heavy-duty-6705c","title":{"rendered":"Machine \u00e0 coudre SINGER Heavy Duty 6705C"},"content":{"rendered":"<h3>Machine \u00e0 coudre Singer Heavy Duty 6705C<\/h3>\n<p>La SINGER\u00ae Heavy Duty\u2122 6705 ne compte pas moins de 411 applications de points de couture. Cette machine dispose de 7 styles de boutonni\u00e8res, d&rsquo;une police de caract\u00e8res et d&rsquo;une m\u00e9moire, pouvant contenir 40 caract\u00e8res.<\/p>\n","protected":false},"excerpt":{"rendered":"<p>Machine \u00e0 coudre Singer Heavy Duty 6705C La SINGER\u00ae Heavy Duty\u2122 6705 ne compte pas moins de 411 applications de points de couture. Cette machine dispose de 7 styles de boutonni\u00e8res, d&rsquo;une police de caract\u00e8res et d&rsquo;une m\u00e9moire, pouvant contenir 40 caract\u00e8res.<\/p>\n","protected":false},"featured_media":234,"comment_status":"open","ping_status":"closed","template":"","meta":{"om_disable_all_campaigns":false,"_monsterinsights_skip_tracking":false,"_monsterinsights_sitenote_active":false,"_monsterinsights_sitenote_note":"","_monsterinsights_sitenote_category":0,"_uf_show_specific_survey":0,"_uf_disable_surveys":false},"product_brand":[],"product_cat":[40,29,16],"product_tag":[],"giftcard-category":[],"class_list":{"0":"post-228","1":"product","2":"type-product","3":"status-publish","4":"has-post-thumbnail","6":"product_cat-electronique","7":"product_cat-machines","8":"product_cat-machines-menageres","10":"first","11":"instock","12":"sale","13":"shipping-taxable","14":"purchasable","15":"product-type-simple"},"aioseo_notices":[],"jetpack_sharing_enabled":true,"_links":{"self":[{"href":"https:\/\/berninabrussels.be\/index.php?rest_route=\/wp\/v2\/product\/228","targetHints":{"allow":["GET"]}}],"collection":[{"href":"https:\/\/berninabrussels.be\/index.php?rest_route=\/wp\/v2\/product"}],"about":[{"href":"https:\/\/berninabrussels.be\/index.php?rest_route=\/wp\/v2\/types\/product"}],"replies":[{"embeddable":true,"href":"https:\/\/berninabrussels.be\/index.php?rest_route=%2Fwp%2Fv2%2Fcomments&post=228"}],"wp:featuredmedia":[{"embeddable":true,"href":"https:\/\/berninabrussels.be\/index.php?rest_route=\/wp\/v2\/media\/234"}],"wp:attachment":[{"href":"https:\/\/berninabrussels.be\/index.php?rest_route=%2Fwp%2Fv2%2Fmedia&parent=228"}],"wp:term":[{"taxonomy":"product_brand","embeddable":true,"href":"https:\/\/berninabrussels.be\/index.php?rest_route=%2Fwp%2Fv2%2Fproduct_brand&post=228"},{"taxonomy":"product_cat","embeddable":true,"href":"https:\/\/berninabrussels.be\/index.php?rest_route=%2Fwp%2Fv2%2Fproduct_cat&post=228"},{"taxonomy":"product_tag","embeddable":true,"href":"https:\/\/berninabrussels.be\/index.php?rest_route=%2Fwp%2Fv2%2Fproduct_tag&post=228"},{"taxonomy":"giftcard-category","embeddable":true,"href":"https:\/\/berninabrussels.be\/index.php?rest_route=%2Fwp%2Fv2%2Fgiftcard-category&post=228"}],"curies":[{"name":"wp","href":"https:\/\/api.w.org\/{rel}","templated":true}]}}