{"id":225,"date":"2023-05-05T19:09:37","date_gmt":"2023-05-05T17:09:37","guid":{"rendered":"https:\/\/berninabrussels.be\/?post_type=product&#038;p=225"},"modified":"2025-05-26T13:48:19","modified_gmt":"2025-05-26T11:48:19","slug":"machine-a-coudre-pfaff-quilt-ambition-635","status":"publish","type":"product","link":"https:\/\/berninabrussels.be\/?product=machine-a-coudre-pfaff-quilt-ambition-635","title":{"rendered":"Machine \u00e0 coudre PFAFF Quilt Ambition 635 + trolley Pfaff en cadeau (179 \u20ac) cours de prise en main"},"content":{"rendered":"<h3>Machine \u00e0 coudre Pfaff Ambition 635<\/h3>\n<h4>Mod\u00e8le en \u00e9dition limit\u00e9e !<\/h4>\n<p>Depuis 160 ans, PFAFF\u00ae d\u00e9veloppe des machines \u00e0 coudre de haute qualit\u00e9 qui se distinguent par leur look moderne, leurs performances sup\u00e9rieures et leur totale libert\u00e9 de conception. C\u00e9l\u00e9brez le 160e anniversaire avec la machine \u00e0 coudre PFAFF\u00ae quilt ambition\u2122 635 en \u00e9dition limit\u00e9e. Une pr\u00e9cision in\u00e9gal\u00e9e et des innovations impressionnantes sont propos\u00e9es en standard avec un \u00e9cran tactile couleur, le syst\u00e8me IDT\u2122 original, un enfileur d&rsquo;aiguille semi-automatique et &#8211; jusqu&rsquo;\u00e0 \u00e9puisement des stocks &#8211; un jeu anniversaire de 5 pieds presseurs BONUS. Les quilteurs sont enthousiasm\u00e9s par la grande surface de couture et l&rsquo;impressionnante gamme de points.<\/p>\n","protected":false},"excerpt":{"rendered":"<p>Machine \u00e0 coudre Pfaff Ambition 635 Mod\u00e8le en \u00e9dition limit\u00e9e ! Depuis 160 ans, PFAFF\u00ae d\u00e9veloppe des machines \u00e0 coudre de haute qualit\u00e9 qui se distinguent par leur look moderne, leurs performances sup\u00e9rieures et leur totale libert\u00e9 de conception. C\u00e9l\u00e9brez le 160e anniversaire avec la machine \u00e0 coudre PFAFF\u00ae quilt ambition\u2122 635 en \u00e9dition limit\u00e9e.&hellip;<\/p>\n","protected":false},"featured_media":226,"comment_status":"open","ping_status":"closed","template":"","meta":{"om_disable_all_campaigns":false,"_monsterinsights_skip_tracking":false,"_monsterinsights_sitenote_active":false,"_monsterinsights_sitenote_note":"","_monsterinsights_sitenote_category":0,"_uf_show_specific_survey":0,"_uf_disable_surveys":false},"product_brand":[],"product_cat":[40,29,16],"product_tag":[],"giftcard-category":[],"class_list":{"0":"post-225","1":"product","2":"type-product","3":"status-publish","4":"has-post-thumbnail","6":"product_cat-electronique","7":"product_cat-machines","8":"product_cat-machines-menageres","10":"first","11":"instock","12":"shipping-taxable","13":"purchasable","14":"product-type-simple"},"aioseo_notices":[],"jetpack_sharing_enabled":true,"_links":{"self":[{"href":"https:\/\/berninabrussels.be\/index.php?rest_route=\/wp\/v2\/product\/225","targetHints":{"allow":["GET"]}}],"collection":[{"href":"https:\/\/berninabrussels.be\/index.php?rest_route=\/wp\/v2\/product"}],"about":[{"href":"https:\/\/berninabrussels.be\/index.php?rest_route=\/wp\/v2\/types\/product"}],"replies":[{"embeddable":true,"href":"https:\/\/berninabrussels.be\/index.php?rest_route=%2Fwp%2Fv2%2Fcomments&post=225"}],"wp:featuredmedia":[{"embeddable":true,"href":"https:\/\/berninabrussels.be\/index.php?rest_route=\/wp\/v2\/media\/226"}],"wp:attachment":[{"href":"https:\/\/berninabrussels.be\/index.php?rest_route=%2Fwp%2Fv2%2Fmedia&parent=225"}],"wp:term":[{"taxonomy":"product_brand","embeddable":true,"href":"https:\/\/berninabrussels.be\/index.php?rest_route=%2Fwp%2Fv2%2Fproduct_brand&post=225"},{"taxonomy":"product_cat","embeddable":true,"href":"https:\/\/berninabrussels.be\/index.php?rest_route=%2Fwp%2Fv2%2Fproduct_cat&post=225"},{"taxonomy":"product_tag","embeddable":true,"href":"https:\/\/berninabrussels.be\/index.php?rest_route=%2Fwp%2Fv2%2Fproduct_tag&post=225"},{"taxonomy":"giftcard-category","embeddable":true,"href":"https:\/\/berninabrussels.be\/index.php?rest_route=%2Fwp%2Fv2%2Fgiftcard-category&post=225"}],"curies":[{"name":"wp","href":"https:\/\/api.w.org\/{rel}","templated":true}]}}