{"id":222,"date":"2023-05-05T19:02:39","date_gmt":"2023-05-05T17:02:39","guid":{"rendered":"https:\/\/berninabrussels.be\/?post_type=product&#038;p=222"},"modified":"2026-04-11T21:01:07","modified_gmt":"2026-04-11T19:01:07","slug":"machine-a-coudre-pfaff-quilt-expression-720","status":"publish","type":"product","link":"https:\/\/berninabrussels.be\/?product=machine-a-coudre-pfaff-quilt-expression-720","title":{"rendered":"Machine \u00e0 coudre PFAFF Quilt Expression 720 + trolley Pfaff en cadeau (179 \u20ac) cours de prise en main"},"content":{"rendered":"<h3>Machine \u00e0 coudre Pfaff Quilt Expression 720<\/h3>\n<h4>CONTR\u00d4LE \u00c9L\u00c9GANT&#8230;<\/h4>\n<div class=\"row irow-xs\">\n<div class=\"col-md-3 col-sm-4\"><a class=\"btn btn-primary\" href=\"https:\/\/www.stecker.be\/Images\/ImageDescriptionArticle\/PDF_Machines\/Pfaff\/pfaff-quilt-expression-720.pdf\" target=\"_blank\" rel=\"noopener\"><i class=\"fa fa-cloud-download\"><\/i>T\u00e9l\u00e9charger la brochure<\/a><\/div>\n<div class=\"col-md-9 col-sm-8\">\n<p>L&rsquo;incroyable machine \u00e0 coudre expression\u2122 720 d\u00e9voile une fonctionnalit\u00e9 \u00e9l\u00e9gante avec gr\u00e2ce et pr\u00e9cision.<br \/>\nD\u00e9couvrez la profondeur de cette machine \u00e0 la fois sophistiqu\u00e9e et robuste, et exploitez ses capacit\u00e9s artistiques.<\/p>\n<\/div>\n<\/div>\n","protected":false},"excerpt":{"rendered":"<p>Machine \u00e0 coudre Pfaff Quilt Expression 720 CONTR\u00d4LE \u00c9L\u00c9GANT&#8230; T\u00e9l\u00e9charger la brochure L&rsquo;incroyable machine \u00e0 coudre expression\u2122 720 d\u00e9voile une fonctionnalit\u00e9 \u00e9l\u00e9gante avec gr\u00e2ce et pr\u00e9cision. D\u00e9couvrez la profondeur de cette machine \u00e0 la fois sophistiqu\u00e9e et robuste, et exploitez ses capacit\u00e9s artistiques.<\/p>\n","protected":false},"featured_media":224,"comment_status":"open","ping_status":"closed","template":"","meta":{"om_disable_all_campaigns":false,"_monsterinsights_skip_tracking":false,"_monsterinsights_sitenote_active":false,"_monsterinsights_sitenote_note":"","_monsterinsights_sitenote_category":0,"_uf_show_specific_survey":0,"_uf_disable_surveys":false},"product_brand":[],"product_cat":[40,29,16],"product_tag":[],"giftcard-category":[],"class_list":{"0":"post-222","1":"product","2":"type-product","3":"status-publish","4":"has-post-thumbnail","6":"product_cat-electronique","7":"product_cat-machines","8":"product_cat-machines-menageres","10":"first","11":"instock","12":"shipping-taxable","13":"purchasable","14":"product-type-simple"},"aioseo_notices":[],"jetpack_sharing_enabled":true,"_links":{"self":[{"href":"https:\/\/berninabrussels.be\/index.php?rest_route=\/wp\/v2\/product\/222","targetHints":{"allow":["GET"]}}],"collection":[{"href":"https:\/\/berninabrussels.be\/index.php?rest_route=\/wp\/v2\/product"}],"about":[{"href":"https:\/\/berninabrussels.be\/index.php?rest_route=\/wp\/v2\/types\/product"}],"replies":[{"embeddable":true,"href":"https:\/\/berninabrussels.be\/index.php?rest_route=%2Fwp%2Fv2%2Fcomments&post=222"}],"wp:featuredmedia":[{"embeddable":true,"href":"https:\/\/berninabrussels.be\/index.php?rest_route=\/wp\/v2\/media\/224"}],"wp:attachment":[{"href":"https:\/\/berninabrussels.be\/index.php?rest_route=%2Fwp%2Fv2%2Fmedia&parent=222"}],"wp:term":[{"taxonomy":"product_brand","embeddable":true,"href":"https:\/\/berninabrussels.be\/index.php?rest_route=%2Fwp%2Fv2%2Fproduct_brand&post=222"},{"taxonomy":"product_cat","embeddable":true,"href":"https:\/\/berninabrussels.be\/index.php?rest_route=%2Fwp%2Fv2%2Fproduct_cat&post=222"},{"taxonomy":"product_tag","embeddable":true,"href":"https:\/\/berninabrussels.be\/index.php?rest_route=%2Fwp%2Fv2%2Fproduct_tag&post=222"},{"taxonomy":"giftcard-category","embeddable":true,"href":"https:\/\/berninabrussels.be\/index.php?rest_route=%2Fwp%2Fv2%2Fgiftcard-category&post=222"}],"curies":[{"name":"wp","href":"https:\/\/api.w.org\/{rel}","templated":true}]}}