{"id":219,"date":"2023-05-05T18:53:30","date_gmt":"2023-05-05T16:53:30","guid":{"rendered":"https:\/\/berninabrussels.be\/?post_type=product&#038;p=219"},"modified":"2025-05-25T22:08:17","modified_gmt":"2025-05-25T20:08:17","slug":"machine-a-coudre-pfaff-expression-710","status":"publish","type":"product","link":"https:\/\/berninabrussels.be\/?product=machine-a-coudre-pfaff-expression-710","title":{"rendered":"Machine \u00e0 coudre PFAFF Expression 710 + trolley Pfaff en cadeau (179 \u20ac)"},"content":{"rendered":"<p>Les machines \u00e0 coudre PFAFF\u00ae expression\u2122 allient \u00e0 la fois technologie raffin\u00e9e et r\u00e9sultats impressionnants.<br \/>\nL\u2019\u00e9l\u00e9gance sophistiqu\u00e9e est assur\u00e9e par plus de 155 ans d\u2019h\u00e9ritage et d&rsquo;ing\u00e9niosit\u00e9 allemande.<\/p>\n","protected":false},"excerpt":{"rendered":"<p>Les machines \u00e0 coudre PFAFF\u00ae expression\u2122 allient \u00e0 la fois technologie raffin\u00e9e et r\u00e9sultats impressionnants. L\u2019\u00e9l\u00e9gance sophistiqu\u00e9e est assur\u00e9e par plus de 155 ans d\u2019h\u00e9ritage et d&rsquo;ing\u00e9niosit\u00e9 allemande.<\/p>\n","protected":false},"featured_media":221,"comment_status":"open","ping_status":"closed","template":"","meta":{"om_disable_all_campaigns":false,"_monsterinsights_skip_tracking":false,"_monsterinsights_sitenote_active":false,"_monsterinsights_sitenote_note":"","_monsterinsights_sitenote_category":0,"_uf_show_specific_survey":0,"_uf_disable_surveys":false},"product_brand":[],"product_cat":[40,29,16],"product_tag":[],"giftcard-category":[],"class_list":{"0":"post-219","1":"product","2":"type-product","3":"status-publish","4":"has-post-thumbnail","6":"product_cat-electronique","7":"product_cat-machines","8":"product_cat-machines-menageres","10":"first","11":"instock","12":"shipping-taxable","13":"purchasable","14":"product-type-simple"},"aioseo_notices":[],"jetpack_sharing_enabled":true,"_links":{"self":[{"href":"https:\/\/berninabrussels.be\/index.php?rest_route=\/wp\/v2\/product\/219","targetHints":{"allow":["GET"]}}],"collection":[{"href":"https:\/\/berninabrussels.be\/index.php?rest_route=\/wp\/v2\/product"}],"about":[{"href":"https:\/\/berninabrussels.be\/index.php?rest_route=\/wp\/v2\/types\/product"}],"replies":[{"embeddable":true,"href":"https:\/\/berninabrussels.be\/index.php?rest_route=%2Fwp%2Fv2%2Fcomments&post=219"}],"wp:featuredmedia":[{"embeddable":true,"href":"https:\/\/berninabrussels.be\/index.php?rest_route=\/wp\/v2\/media\/221"}],"wp:attachment":[{"href":"https:\/\/berninabrussels.be\/index.php?rest_route=%2Fwp%2Fv2%2Fmedia&parent=219"}],"wp:term":[{"taxonomy":"product_brand","embeddable":true,"href":"https:\/\/berninabrussels.be\/index.php?rest_route=%2Fwp%2Fv2%2Fproduct_brand&post=219"},{"taxonomy":"product_cat","embeddable":true,"href":"https:\/\/berninabrussels.be\/index.php?rest_route=%2Fwp%2Fv2%2Fproduct_cat&post=219"},{"taxonomy":"product_tag","embeddable":true,"href":"https:\/\/berninabrussels.be\/index.php?rest_route=%2Fwp%2Fv2%2Fproduct_tag&post=219"},{"taxonomy":"giftcard-category","embeddable":true,"href":"https:\/\/berninabrussels.be\/index.php?rest_route=%2Fwp%2Fv2%2Fgiftcard-category&post=219"}],"curies":[{"name":"wp","href":"https:\/\/api.w.org\/{rel}","templated":true}]}}