{"id":2165,"date":"2023-05-11T19:37:24","date_gmt":"2023-05-11T17:37:24","guid":{"rendered":"https:\/\/berninabrussels.be\/?post_type=product&#038;p=2165"},"modified":"2023-05-11T19:37:24","modified_gmt":"2023-05-11T17:37:24","slug":"pince-de-transfert-de-mailles-65mm","status":"publish","type":"product","link":"https:\/\/berninabrussels.be\/?product=pince-de-transfert-de-mailles-65mm","title":{"rendered":"Pince de transfert de mailles 6,5mm"},"content":{"rendered":"<p>Cette pince de transfert est recommand\u00e9es si vous d\u00e9sirez transf\u00e9rer plusieurs mailles en une seule fois. Elle s&rsquo;utilise de la m\u00eame mani\u00e8re que les outils de transferts classiques.<\/p>\n<p>Ce peigne convient pour les machines \u00e0 tricoter jauge 6.5 mm.<\/p>\n","protected":false},"excerpt":{"rendered":"<p>Cette pince de transfert est recommand\u00e9es si vous d\u00e9sirez transf\u00e9rer plusieurs mailles en une seule fois. Elle s&rsquo;utilise de la m\u00eame mani\u00e8re que les outils de transferts classiques. Ce peigne convient pour les machines \u00e0 tricoter jauge 6.5 mm.<\/p>\n","protected":false},"featured_media":2166,"comment_status":"open","ping_status":"closed","template":"","meta":{"om_disable_all_campaigns":false,"_monsterinsights_skip_tracking":false,"_monsterinsights_sitenote_active":false,"_monsterinsights_sitenote_note":"","_monsterinsights_sitenote_category":0,"_uf_show_specific_survey":0,"_uf_disable_surveys":false},"product_brand":[],"product_cat":[15],"product_tag":[],"giftcard-category":[],"class_list":{"0":"post-2165","1":"product","2":"type-product","3":"status-publish","4":"has-post-thumbnail","6":"product_cat-non-classe","8":"first","9":"instock","10":"shipping-taxable","11":"purchasable","12":"product-type-simple"},"aioseo_notices":[],"jetpack_sharing_enabled":true,"_links":{"self":[{"href":"https:\/\/berninabrussels.be\/index.php?rest_route=\/wp\/v2\/product\/2165","targetHints":{"allow":["GET"]}}],"collection":[{"href":"https:\/\/berninabrussels.be\/index.php?rest_route=\/wp\/v2\/product"}],"about":[{"href":"https:\/\/berninabrussels.be\/index.php?rest_route=\/wp\/v2\/types\/product"}],"replies":[{"embeddable":true,"href":"https:\/\/berninabrussels.be\/index.php?rest_route=%2Fwp%2Fv2%2Fcomments&post=2165"}],"wp:featuredmedia":[{"embeddable":true,"href":"https:\/\/berninabrussels.be\/index.php?rest_route=\/wp\/v2\/media\/2166"}],"wp:attachment":[{"href":"https:\/\/berninabrussels.be\/index.php?rest_route=%2Fwp%2Fv2%2Fmedia&parent=2165"}],"wp:term":[{"taxonomy":"product_brand","embeddable":true,"href":"https:\/\/berninabrussels.be\/index.php?rest_route=%2Fwp%2Fv2%2Fproduct_brand&post=2165"},{"taxonomy":"product_cat","embeddable":true,"href":"https:\/\/berninabrussels.be\/index.php?rest_route=%2Fwp%2Fv2%2Fproduct_cat&post=2165"},{"taxonomy":"product_tag","embeddable":true,"href":"https:\/\/berninabrussels.be\/index.php?rest_route=%2Fwp%2Fv2%2Fproduct_tag&post=2165"},{"taxonomy":"giftcard-category","embeddable":true,"href":"https:\/\/berninabrussels.be\/index.php?rest_route=%2Fwp%2Fv2%2Fgiftcard-category&post=2165"}],"curies":[{"name":"wp","href":"https:\/\/api.w.org\/{rel}","templated":true}]}}