{"id":2163,"date":"2023-05-11T19:37:24","date_gmt":"2023-05-11T17:37:24","guid":{"rendered":"https:\/\/berninabrussels.be\/?post_type=product&#038;p=2163"},"modified":"2023-05-11T19:37:24","modified_gmt":"2023-05-11T17:37:24","slug":"set-doutils-de-transfert-45678","status":"publish","type":"product","link":"https:\/\/berninabrussels.be\/?product=set-doutils-de-transfert-45678","title":{"rendered":"Set d&rsquo;outils de transfert 4+5+6+7+8"},"content":{"rendered":"<h3>Set d&rsquo;outils de transfert pour machine \u00e0 tricoter<\/h3>\n<p>Ce set de peignes est r\u00e9serv\u00e9 \u00e0 la Silver Reed SK155 et aux Brother KH260 &#8211; KH230<\/p>\n<p>Ce set comprend les outils de transfert suivant :<\/p>\n<ul>\n<li><i class=\"fa fa-check fa-fw text-success\"><\/i>\u00a0Outil de transfert 9,0 mm 8 points<\/li>\n<li><i class=\"fa fa-check fa-fw text-success\"><\/i>\u00a0Outil de transfert 9,0 mm 7 points<\/li>\n<li><i class=\"fa fa-check fa-fw text-success\"><\/i>\u00a0Outil de transfert 9,0 mm 6 points<\/li>\n<li><i class=\"fa fa-check fa-fw text-success\"><\/i>\u00a0Outil de transfert 9,0 mm 5 points<\/li>\n<li><i class=\"fa fa-check fa-fw text-success\"><\/i>\u00a0Outil de transfert 9,0 mm 4 points<\/li>\n<\/ul>\n","protected":false},"excerpt":{"rendered":"<p>Set d&rsquo;outils de transfert pour machine \u00e0 tricoter Ce set de peignes est r\u00e9serv\u00e9 \u00e0 la Silver Reed SK155 et aux Brother KH260 &#8211; KH230 Ce set comprend les outils de transfert suivant : \u00a0Outil de transfert 9,0 mm 8 points \u00a0Outil de transfert 9,0 mm 7 points \u00a0Outil de transfert 9,0 mm 6 points&hellip;<\/p>\n","protected":false},"featured_media":2164,"comment_status":"open","ping_status":"closed","template":"","meta":{"om_disable_all_campaigns":false,"_monsterinsights_skip_tracking":false,"_monsterinsights_sitenote_active":false,"_monsterinsights_sitenote_note":"","_monsterinsights_sitenote_category":0,"_uf_show_specific_survey":0,"_uf_disable_surveys":false},"product_brand":[],"product_cat":[15],"product_tag":[],"giftcard-category":[],"class_list":{"0":"post-2163","1":"product","2":"type-product","3":"status-publish","4":"has-post-thumbnail","6":"product_cat-non-classe","8":"first","9":"instock","10":"shipping-taxable","11":"purchasable","12":"product-type-simple"},"aioseo_notices":[],"jetpack_sharing_enabled":true,"_links":{"self":[{"href":"https:\/\/berninabrussels.be\/index.php?rest_route=\/wp\/v2\/product\/2163","targetHints":{"allow":["GET"]}}],"collection":[{"href":"https:\/\/berninabrussels.be\/index.php?rest_route=\/wp\/v2\/product"}],"about":[{"href":"https:\/\/berninabrussels.be\/index.php?rest_route=\/wp\/v2\/types\/product"}],"replies":[{"embeddable":true,"href":"https:\/\/berninabrussels.be\/index.php?rest_route=%2Fwp%2Fv2%2Fcomments&post=2163"}],"wp:featuredmedia":[{"embeddable":true,"href":"https:\/\/berninabrussels.be\/index.php?rest_route=\/wp\/v2\/media\/2164"}],"wp:attachment":[{"href":"https:\/\/berninabrussels.be\/index.php?rest_route=%2Fwp%2Fv2%2Fmedia&parent=2163"}],"wp:term":[{"taxonomy":"product_brand","embeddable":true,"href":"https:\/\/berninabrussels.be\/index.php?rest_route=%2Fwp%2Fv2%2Fproduct_brand&post=2163"},{"taxonomy":"product_cat","embeddable":true,"href":"https:\/\/berninabrussels.be\/index.php?rest_route=%2Fwp%2Fv2%2Fproduct_cat&post=2163"},{"taxonomy":"product_tag","embeddable":true,"href":"https:\/\/berninabrussels.be\/index.php?rest_route=%2Fwp%2Fv2%2Fproduct_tag&post=2163"},{"taxonomy":"giftcard-category","embeddable":true,"href":"https:\/\/berninabrussels.be\/index.php?rest_route=%2Fwp%2Fv2%2Fgiftcard-category&post=2163"}],"curies":[{"name":"wp","href":"https:\/\/api.w.org\/{rel}","templated":true}]}}