{"id":2159,"date":"2023-05-11T19:37:24","date_gmt":"2023-05-11T17:37:24","guid":{"rendered":"https:\/\/berninabrussels.be\/?post_type=product&#038;p=2159"},"modified":"2023-05-11T19:37:24","modified_gmt":"2023-05-11T17:37:24","slug":"poincon-6-chas-pour-machine-a-tricoter","status":"publish","type":"product","link":"https:\/\/berninabrussels.be\/?product=poincon-6-chas-pour-machine-a-tricoter","title":{"rendered":"Poin\u00e7on 6 chas pour machine \u00e0 tricoter"},"content":{"rendered":"<div>Sert \u00e0 d\u00e9placer 6 mailles ensembles.<\/div>\n<p>&nbsp;<\/p>\n<p>Ecartement de 6 mm<\/p>\n<p>Exemples : r\u00e9aliser des diminutions, des torsades, des points fantaisies\u00a0 &#8230;<\/p>\n","protected":false},"excerpt":{"rendered":"<p>Sert \u00e0 d\u00e9placer 6 mailles ensembles. &nbsp; Ecartement de 6 mm Exemples : r\u00e9aliser des diminutions, des torsades, des points fantaisies\u00a0 &#8230;<\/p>\n","protected":false},"featured_media":2160,"comment_status":"open","ping_status":"closed","template":"","meta":{"om_disable_all_campaigns":false,"_monsterinsights_skip_tracking":false,"_monsterinsights_sitenote_active":false,"_monsterinsights_sitenote_note":"","_monsterinsights_sitenote_category":0,"_uf_show_specific_survey":0,"_uf_disable_surveys":false},"product_brand":[],"product_cat":[15],"product_tag":[],"giftcard-category":[],"class_list":{"0":"post-2159","1":"product","2":"type-product","3":"status-publish","4":"has-post-thumbnail","6":"product_cat-non-classe","8":"first","9":"instock","10":"shipping-taxable","11":"purchasable","12":"product-type-simple"},"aioseo_notices":[],"jetpack_sharing_enabled":true,"_links":{"self":[{"href":"https:\/\/berninabrussels.be\/index.php?rest_route=\/wp\/v2\/product\/2159","targetHints":{"allow":["GET"]}}],"collection":[{"href":"https:\/\/berninabrussels.be\/index.php?rest_route=\/wp\/v2\/product"}],"about":[{"href":"https:\/\/berninabrussels.be\/index.php?rest_route=\/wp\/v2\/types\/product"}],"replies":[{"embeddable":true,"href":"https:\/\/berninabrussels.be\/index.php?rest_route=%2Fwp%2Fv2%2Fcomments&post=2159"}],"wp:featuredmedia":[{"embeddable":true,"href":"https:\/\/berninabrussels.be\/index.php?rest_route=\/wp\/v2\/media\/2160"}],"wp:attachment":[{"href":"https:\/\/berninabrussels.be\/index.php?rest_route=%2Fwp%2Fv2%2Fmedia&parent=2159"}],"wp:term":[{"taxonomy":"product_brand","embeddable":true,"href":"https:\/\/berninabrussels.be\/index.php?rest_route=%2Fwp%2Fv2%2Fproduct_brand&post=2159"},{"taxonomy":"product_cat","embeddable":true,"href":"https:\/\/berninabrussels.be\/index.php?rest_route=%2Fwp%2Fv2%2Fproduct_cat&post=2159"},{"taxonomy":"product_tag","embeddable":true,"href":"https:\/\/berninabrussels.be\/index.php?rest_route=%2Fwp%2Fv2%2Fproduct_tag&post=2159"},{"taxonomy":"giftcard-category","embeddable":true,"href":"https:\/\/berninabrussels.be\/index.php?rest_route=%2Fwp%2Fv2%2Fgiftcard-category&post=2159"}],"curies":[{"name":"wp","href":"https:\/\/api.w.org\/{rel}","templated":true}]}}