{"id":2103,"date":"2023-05-11T19:37:42","date_gmt":"2023-05-11T17:37:42","guid":{"rendered":"https:\/\/berninabrussels.be\/?post_type=product&#038;p=2103"},"modified":"2023-05-11T19:37:42","modified_gmt":"2023-05-11T17:37:42","slug":"report-de-mailles-16-mailles","status":"publish","type":"product","link":"https:\/\/berninabrussels.be\/?product=report-de-mailles-16-mailles","title":{"rendered":"Report de mailles 16 mailles"},"content":{"rendered":"<h3>Report de mailles 20 chas<\/h3>\n<p>Ce peigne est con\u00e7u pour les machines \u00e0 jauge 4,5mm et sert \u00e0 d\u00e9placer 20 mailles ensembles.<br \/>\nExemples : r\u00e9aliser des diminutions, des torsades, des points fantaisies\u00a0 &#8230;<\/p>\n","protected":false},"excerpt":{"rendered":"<div class=\"wrapper\">\n<div class=\"content\">\n<div class=\"container\">\n<div class=\"row\">\n<article class=\"col-sm-12 maincontent\">\n<div id=\"ctl00_ContentPlaceHolder1_ctl00_ContentPlaceHolder1_RadAjaxPanelItemInfoPanel\" class=\"RadAjaxPanel\">\n<div id=\"ctl00_ContentPlaceHolder1_RadAjaxPanelItemInfo\" class=\"container\">\n<div class=\"container\">\n<div class=\"tabs tabs-border-highlight\">\n<div class=\"tab-content no-border\">\n<div id=\"description\" class=\"tab-pane fade in active\">\n<div class=\"row irow-sm\">\n<div class=\"col-md-12\">\n<div id=\"DetailsAsync\">\n<p><b>Machine \u00e0 Tricoter Brother et Silver Reed<\/b><\/p>\n<\/div>\n<\/div>\n<\/div>\n<\/div>\n<\/div>\n<\/div>\n<\/div>\n<\/div>\n<\/div>\n<\/article>\n<\/div>\n<\/div>\n<\/div>\n<\/div>\n<div id=\"FooterAsync\">\n<div class=\"container hidden-sm hidden-xs\"><\/div>\n<\/div>\n","protected":false},"featured_media":2104,"comment_status":"open","ping_status":"closed","template":"","meta":{"om_disable_all_campaigns":false,"_monsterinsights_skip_tracking":false,"_monsterinsights_sitenote_active":false,"_monsterinsights_sitenote_note":"","_monsterinsights_sitenote_category":0,"_uf_show_specific_survey":0,"_uf_disable_surveys":false},"product_brand":[],"product_cat":[15],"product_tag":[],"giftcard-category":[],"class_list":{"0":"post-2103","1":"product","2":"type-product","3":"status-publish","4":"has-post-thumbnail","6":"product_cat-non-classe","8":"first","9":"instock","10":"shipping-taxable","11":"purchasable","12":"product-type-simple"},"aioseo_notices":[],"jetpack_sharing_enabled":true,"_links":{"self":[{"href":"https:\/\/berninabrussels.be\/index.php?rest_route=\/wp\/v2\/product\/2103","targetHints":{"allow":["GET"]}}],"collection":[{"href":"https:\/\/berninabrussels.be\/index.php?rest_route=\/wp\/v2\/product"}],"about":[{"href":"https:\/\/berninabrussels.be\/index.php?rest_route=\/wp\/v2\/types\/product"}],"replies":[{"embeddable":true,"href":"https:\/\/berninabrussels.be\/index.php?rest_route=%2Fwp%2Fv2%2Fcomments&post=2103"}],"wp:featuredmedia":[{"embeddable":true,"href":"https:\/\/berninabrussels.be\/index.php?rest_route=\/wp\/v2\/media\/2104"}],"wp:attachment":[{"href":"https:\/\/berninabrussels.be\/index.php?rest_route=%2Fwp%2Fv2%2Fmedia&parent=2103"}],"wp:term":[{"taxonomy":"product_brand","embeddable":true,"href":"https:\/\/berninabrussels.be\/index.php?rest_route=%2Fwp%2Fv2%2Fproduct_brand&post=2103"},{"taxonomy":"product_cat","embeddable":true,"href":"https:\/\/berninabrussels.be\/index.php?rest_route=%2Fwp%2Fv2%2Fproduct_cat&post=2103"},{"taxonomy":"product_tag","embeddable":true,"href":"https:\/\/berninabrussels.be\/index.php?rest_route=%2Fwp%2Fv2%2Fproduct_tag&post=2103"},{"taxonomy":"giftcard-category","embeddable":true,"href":"https:\/\/berninabrussels.be\/index.php?rest_route=%2Fwp%2Fv2%2Fgiftcard-category&post=2103"}],"curies":[{"name":"wp","href":"https:\/\/api.w.org\/{rel}","templated":true}]}}