{"id":2002,"date":"2023-05-11T19:33:05","date_gmt":"2023-05-11T17:33:05","guid":{"rendered":"https:\/\/berninabrussels.be\/?post_type=product&#038;p=2002"},"modified":"2023-05-11T19:33:05","modified_gmt":"2023-05-11T17:33:05","slug":"kit-cablage-designaknit-usb-5-brother","status":"publish","type":"product","link":"https:\/\/berninabrussels.be\/?product=kit-cablage-designaknit-usb-5-brother","title":{"rendered":"Kit cablage Designaknit USB 5 Brother"},"content":{"rendered":"<h3>Kit c\u00e2blage DesignaKnit USB 5<\/h3>\n<p>Ce kit permet de t\u00e9l\u00e9charger des motifs \u00e0 partir de DesignaKnit, et de charger des motifs de la s\u00e9rie 900 dans DesignaKnit. Les motifs de la s\u00e9rie 900 sont ceux charg\u00e9s \u00e0 partir d&rsquo;une autre source dans la machine \u00e0 tricoter ou le PPD (par exemple \u00e0 partir du PPD, du lecteur de disques Brother FB100 ou de DesignaKnit).<\/p>\n<p>Ce kit permet le t\u00e9l\u00e9chargement et le chargement avec les machines KH930, KH940, KH950i, KH965i, KH970, et avec le PPD utilisant la cartouche III en mode KH900, ou avec le PPD utilisant la cartouche CK35.<\/p>\n<p>Ce c\u00e2ble est identique au BrotherLink 1 USB, sauf qu&rsquo;il comprend un bras magn\u00e9tique qui se fixe au chariot et permet ainsi le tricotage interactif avec n&rsquo;importe quelle machine \u00e0 tricoter, y compris les machines non \u00e9lectroniques.<br \/>\nLe Brotherlink 5 USB est \u00e9quip\u00e9 d&rsquo;un bras magn\u00e9tique qui se fixe sur le chariot et qui g\u00e9n\u00e8re le signal vers DesignaKnit. Le tricot simple se fait sans le r\u00e9glage KC et est donc plus facile, plus silencieux.<\/p>\n","protected":false},"excerpt":{"rendered":"<p>Kit c\u00e2blage DesignaKnit USB 5 Ce kit permet de t\u00e9l\u00e9charger des motifs \u00e0 partir de DesignaKnit, et de charger des motifs de la s\u00e9rie 900 dans DesignaKnit. Les motifs de la s\u00e9rie 900 sont ceux charg\u00e9s \u00e0 partir d&rsquo;une autre source dans la machine \u00e0 tricoter ou le PPD (par exemple \u00e0 partir du PPD,&hellip;<\/p>\n","protected":false},"featured_media":2003,"comment_status":"open","ping_status":"closed","template":"","meta":{"om_disable_all_campaigns":false,"_monsterinsights_skip_tracking":false,"_monsterinsights_sitenote_active":false,"_monsterinsights_sitenote_note":"","_monsterinsights_sitenote_category":0,"_uf_show_specific_survey":0,"_uf_disable_surveys":false},"product_brand":[],"product_cat":[15],"product_tag":[],"giftcard-category":[],"class_list":{"0":"post-2002","1":"product","2":"type-product","3":"status-publish","4":"has-post-thumbnail","6":"product_cat-non-classe","8":"first","9":"instock","10":"shipping-taxable","11":"purchasable","12":"product-type-simple"},"aioseo_notices":[],"jetpack_sharing_enabled":true,"_links":{"self":[{"href":"https:\/\/berninabrussels.be\/index.php?rest_route=\/wp\/v2\/product\/2002","targetHints":{"allow":["GET"]}}],"collection":[{"href":"https:\/\/berninabrussels.be\/index.php?rest_route=\/wp\/v2\/product"}],"about":[{"href":"https:\/\/berninabrussels.be\/index.php?rest_route=\/wp\/v2\/types\/product"}],"replies":[{"embeddable":true,"href":"https:\/\/berninabrussels.be\/index.php?rest_route=%2Fwp%2Fv2%2Fcomments&post=2002"}],"wp:featuredmedia":[{"embeddable":true,"href":"https:\/\/berninabrussels.be\/index.php?rest_route=\/wp\/v2\/media\/2003"}],"wp:attachment":[{"href":"https:\/\/berninabrussels.be\/index.php?rest_route=%2Fwp%2Fv2%2Fmedia&parent=2002"}],"wp:term":[{"taxonomy":"product_brand","embeddable":true,"href":"https:\/\/berninabrussels.be\/index.php?rest_route=%2Fwp%2Fv2%2Fproduct_brand&post=2002"},{"taxonomy":"product_cat","embeddable":true,"href":"https:\/\/berninabrussels.be\/index.php?rest_route=%2Fwp%2Fv2%2Fproduct_cat&post=2002"},{"taxonomy":"product_tag","embeddable":true,"href":"https:\/\/berninabrussels.be\/index.php?rest_route=%2Fwp%2Fv2%2Fproduct_tag&post=2002"},{"taxonomy":"giftcard-category","embeddable":true,"href":"https:\/\/berninabrussels.be\/index.php?rest_route=%2Fwp%2Fv2%2Fgiftcard-category&post=2002"}],"curies":[{"name":"wp","href":"https:\/\/api.w.org\/{rel}","templated":true}]}}