{"id":1996,"date":"2023-05-11T19:33:05","date_gmt":"2023-05-11T17:33:05","guid":{"rendered":"https:\/\/berninabrussels.be\/?post_type=product&#038;p=1996"},"modified":"2023-05-11T19:33:05","modified_gmt":"2023-05-11T17:33:05","slug":"kit-cablage-designaknitusb-silverreed","status":"publish","type":"product","link":"https:\/\/berninabrussels.be\/?product=kit-cablage-designaknitusb-silverreed","title":{"rendered":"Kit cablage DesignaKnitUSB SilverReed"},"content":{"rendered":"<h3>Kit Screen link SL-USB USB DesignaKnit<\/h3>\n<p>Pour machine \u00e0 tricoter \u00e0 cartes.<br \/>\nLien universel \u00e0 DesignaKnit pour les machines \u00e0 tricoter\u00a0non-\u00e9lectroniques\u00a0pour une utilisation en tant que dispositif de mise en forme (comme le guide patron ou lecteur de patron).<\/p>\n<p>Ce c\u00e2ble est recommand\u00e9 pour les machines \u00e0 cartes perfor\u00e9es ou simple (Silver LK150-SK280-155-150-Brother 840-860-355.<\/p>\n<p>Branchez le c\u00e2ble sur votre PC. L&rsquo;autre extr\u00e9mit\u00e9 sur du Velcro au lit principal. L&rsquo;aimant (fournis) est fix\u00e9\u00a0au chariot . Ce c\u00e2ble est la cl\u00e9 pour faire d&rsquo;une simple machine \u00e0 tricoter un travail sophistiqu\u00e9. Si vous avez un certain nombre de machines \u00e0 tricoter, il est possible d&rsquo; acheter l&rsquo;aimant seul avec le\u00a0velcro et de le coller sur vos diff\u00e9rentes machines.<\/p>\n","protected":false},"excerpt":{"rendered":"<p>Kit Screen link SL-USB USB DesignaKnit Pour machine \u00e0 tricoter \u00e0 cartes. Lien universel \u00e0 DesignaKnit pour les machines \u00e0 tricoter\u00a0non-\u00e9lectroniques\u00a0pour une utilisation en tant que dispositif de mise en forme (comme le guide patron ou lecteur de patron). Ce c\u00e2ble est recommand\u00e9 pour les machines \u00e0 cartes perfor\u00e9es ou simple (Silver LK150-SK280-155-150-Brother 840-860-355. Branchez&hellip;<\/p>\n","protected":false},"featured_media":1997,"comment_status":"open","ping_status":"closed","template":"","meta":{"om_disable_all_campaigns":false,"_monsterinsights_skip_tracking":false,"_monsterinsights_sitenote_active":false,"_monsterinsights_sitenote_note":"","_monsterinsights_sitenote_category":0,"_uf_show_specific_survey":0,"_uf_disable_surveys":false},"product_brand":[],"product_cat":[15],"product_tag":[],"giftcard-category":[],"class_list":{"0":"post-1996","1":"product","2":"type-product","3":"status-publish","4":"has-post-thumbnail","6":"product_cat-non-classe","8":"first","9":"instock","10":"shipping-taxable","11":"purchasable","12":"product-type-simple"},"aioseo_notices":[],"jetpack_sharing_enabled":true,"_links":{"self":[{"href":"https:\/\/berninabrussels.be\/index.php?rest_route=\/wp\/v2\/product\/1996","targetHints":{"allow":["GET"]}}],"collection":[{"href":"https:\/\/berninabrussels.be\/index.php?rest_route=\/wp\/v2\/product"}],"about":[{"href":"https:\/\/berninabrussels.be\/index.php?rest_route=\/wp\/v2\/types\/product"}],"replies":[{"embeddable":true,"href":"https:\/\/berninabrussels.be\/index.php?rest_route=%2Fwp%2Fv2%2Fcomments&post=1996"}],"wp:featuredmedia":[{"embeddable":true,"href":"https:\/\/berninabrussels.be\/index.php?rest_route=\/wp\/v2\/media\/1997"}],"wp:attachment":[{"href":"https:\/\/berninabrussels.be\/index.php?rest_route=%2Fwp%2Fv2%2Fmedia&parent=1996"}],"wp:term":[{"taxonomy":"product_brand","embeddable":true,"href":"https:\/\/berninabrussels.be\/index.php?rest_route=%2Fwp%2Fv2%2Fproduct_brand&post=1996"},{"taxonomy":"product_cat","embeddable":true,"href":"https:\/\/berninabrussels.be\/index.php?rest_route=%2Fwp%2Fv2%2Fproduct_cat&post=1996"},{"taxonomy":"product_tag","embeddable":true,"href":"https:\/\/berninabrussels.be\/index.php?rest_route=%2Fwp%2Fv2%2Fproduct_tag&post=1996"},{"taxonomy":"giftcard-category","embeddable":true,"href":"https:\/\/berninabrussels.be\/index.php?rest_route=%2Fwp%2Fv2%2Fgiftcard-category&post=1996"}],"curies":[{"name":"wp","href":"https:\/\/api.w.org\/{rel}","templated":true}]}}