{"id":1979,"date":"2023-05-11T19:33:06","date_gmt":"2023-05-11T17:33:06","guid":{"rendered":"https:\/\/berninabrussels.be\/?post_type=product&#038;p=1979"},"modified":"2023-05-11T19:33:06","modified_gmt":"2023-05-11T17:33:06","slug":"griffes-de-suspension-de-poids-165gr","status":"publish","type":"product","link":"https:\/\/berninabrussels.be\/?product=griffes-de-suspension-de-poids-165gr","title":{"rendered":"Griffes de suspension de poids 165gr"},"content":{"rendered":"<h3>Crocs de suspension<\/h3>\n<p>Les poids de lisi\u00e8re permettent de tendre l\u00e9g\u00e8rement la laine de chaque c\u00f4t\u00e9 pour \u00e9viter les boucles et avoir de plus belles finitions.<br \/>\nAccessoire indispensable pour des laines difficiles.<\/p>\n","protected":false},"excerpt":{"rendered":"<p>Crocs de suspension Les poids de lisi\u00e8re permettent de tendre l\u00e9g\u00e8rement la laine de chaque c\u00f4t\u00e9 pour \u00e9viter les boucles et avoir de plus belles finitions. Accessoire indispensable pour des laines difficiles.<\/p>\n","protected":false},"featured_media":1980,"comment_status":"open","ping_status":"closed","template":"","meta":{"om_disable_all_campaigns":false,"_monsterinsights_skip_tracking":false,"_monsterinsights_sitenote_active":false,"_monsterinsights_sitenote_note":"","_monsterinsights_sitenote_category":0,"_uf_show_specific_survey":0,"_uf_disable_surveys":false},"product_brand":[],"product_cat":[15],"product_tag":[],"giftcard-category":[],"class_list":{"0":"post-1979","1":"product","2":"type-product","3":"status-publish","4":"has-post-thumbnail","6":"product_cat-non-classe","8":"first","9":"instock","10":"shipping-taxable","11":"purchasable","12":"product-type-simple"},"aioseo_notices":[],"jetpack_sharing_enabled":true,"_links":{"self":[{"href":"https:\/\/berninabrussels.be\/index.php?rest_route=\/wp\/v2\/product\/1979","targetHints":{"allow":["GET"]}}],"collection":[{"href":"https:\/\/berninabrussels.be\/index.php?rest_route=\/wp\/v2\/product"}],"about":[{"href":"https:\/\/berninabrussels.be\/index.php?rest_route=\/wp\/v2\/types\/product"}],"replies":[{"embeddable":true,"href":"https:\/\/berninabrussels.be\/index.php?rest_route=%2Fwp%2Fv2%2Fcomments&post=1979"}],"wp:featuredmedia":[{"embeddable":true,"href":"https:\/\/berninabrussels.be\/index.php?rest_route=\/wp\/v2\/media\/1980"}],"wp:attachment":[{"href":"https:\/\/berninabrussels.be\/index.php?rest_route=%2Fwp%2Fv2%2Fmedia&parent=1979"}],"wp:term":[{"taxonomy":"product_brand","embeddable":true,"href":"https:\/\/berninabrussels.be\/index.php?rest_route=%2Fwp%2Fv2%2Fproduct_brand&post=1979"},{"taxonomy":"product_cat","embeddable":true,"href":"https:\/\/berninabrussels.be\/index.php?rest_route=%2Fwp%2Fv2%2Fproduct_cat&post=1979"},{"taxonomy":"product_tag","embeddable":true,"href":"https:\/\/berninabrussels.be\/index.php?rest_route=%2Fwp%2Fv2%2Fproduct_tag&post=1979"},{"taxonomy":"giftcard-category","embeddable":true,"href":"https:\/\/berninabrussels.be\/index.php?rest_route=%2Fwp%2Fv2%2Fgiftcard-category&post=1979"}],"curies":[{"name":"wp","href":"https:\/\/api.w.org\/{rel}","templated":true}]}}