{"id":1956,"date":"2023-05-11T11:01:17","date_gmt":"2023-05-11T09:01:17","guid":{"rendered":"https:\/\/berninabrussels.be\/?post_type=product&#038;p=1956"},"modified":"2024-04-10T13:28:00","modified_gmt":"2024-04-10T11:28:00","slug":"silver-reed-double-fonture-srp60n","status":"publish","type":"product","link":"https:\/\/berninabrussels.be\/?product=silver-reed-double-fonture-srp60n","title":{"rendered":"SILVER REED Double fonture SRP60N"},"content":{"rendered":"<p>La SRP60N (200 aiguilles) est pr\u00e9vue pour \u00eatre mont\u00e9e sur la premi\u00e8re fonture SK280 et SK840. Vous pourrez tricoter : les faux jours, les c\u00f4tes perl\u00e9es, anglaises, 1\/1, 2\/2, etc.<\/p>\n<p>Elle apportera une nouvelle dimension \u00e0 votre tricot , car elle ne se contente pas de tricoter des c\u00f4tes. Avec la SRP60N, vous pourrez faire une quantit\u00e9 de nouveaux points tels que le jacquard \u00e0 envers uni, les variations de c\u00f4tes bonneterie, les c\u00f4tes plates cheval\u00e9es, les c\u00f4tes perl\u00e9es, les c\u00f4tes anglaises, les c\u00f4tes bonneterie fantaisie, la dentelle et le filet, etc.<\/p>\n","protected":false},"excerpt":{"rendered":"<p>La SRP60N (200 aiguilles) est pr\u00e9vue pour \u00eatre mont\u00e9e sur la premi\u00e8re fonture SK280 et SK840. Vous pourrez tricoter : les faux jours, les c\u00f4tes perl\u00e9es, anglaises, 1\/1, 2\/2, etc. Elle apportera une nouvelle dimension \u00e0 votre tricot , car elle ne se contente pas de tricoter des c\u00f4tes. Avec la SRP60N, vous pourrez faire&hellip;<\/p>\n","protected":false},"featured_media":1957,"comment_status":"open","ping_status":"closed","template":"","meta":{"om_disable_all_campaigns":false,"_monsterinsights_skip_tracking":false,"_monsterinsights_sitenote_active":false,"_monsterinsights_sitenote_note":"","_monsterinsights_sitenote_category":0,"_uf_show_specific_survey":0,"_uf_disable_surveys":false},"product_brand":[],"product_cat":[238],"product_tag":[],"giftcard-category":[],"class_list":{"0":"post-1956","1":"product","2":"type-product","3":"status-publish","4":"has-post-thumbnail","6":"product_cat-chariots","8":"first","9":"instock","10":"sale","11":"shipping-taxable","12":"purchasable","13":"product-type-simple"},"aioseo_notices":[],"jetpack_sharing_enabled":true,"_links":{"self":[{"href":"https:\/\/berninabrussels.be\/index.php?rest_route=\/wp\/v2\/product\/1956","targetHints":{"allow":["GET"]}}],"collection":[{"href":"https:\/\/berninabrussels.be\/index.php?rest_route=\/wp\/v2\/product"}],"about":[{"href":"https:\/\/berninabrussels.be\/index.php?rest_route=\/wp\/v2\/types\/product"}],"replies":[{"embeddable":true,"href":"https:\/\/berninabrussels.be\/index.php?rest_route=%2Fwp%2Fv2%2Fcomments&post=1956"}],"wp:featuredmedia":[{"embeddable":true,"href":"https:\/\/berninabrussels.be\/index.php?rest_route=\/wp\/v2\/media\/1957"}],"wp:attachment":[{"href":"https:\/\/berninabrussels.be\/index.php?rest_route=%2Fwp%2Fv2%2Fmedia&parent=1956"}],"wp:term":[{"taxonomy":"product_brand","embeddable":true,"href":"https:\/\/berninabrussels.be\/index.php?rest_route=%2Fwp%2Fv2%2Fproduct_brand&post=1956"},{"taxonomy":"product_cat","embeddable":true,"href":"https:\/\/berninabrussels.be\/index.php?rest_route=%2Fwp%2Fv2%2Fproduct_cat&post=1956"},{"taxonomy":"product_tag","embeddable":true,"href":"https:\/\/berninabrussels.be\/index.php?rest_route=%2Fwp%2Fv2%2Fproduct_tag&post=1956"},{"taxonomy":"giftcard-category","embeddable":true,"href":"https:\/\/berninabrussels.be\/index.php?rest_route=%2Fwp%2Fv2%2Fgiftcard-category&post=1956"}],"curies":[{"name":"wp","href":"https:\/\/api.w.org\/{rel}","templated":true}]}}