{"id":1946,"date":"2023-05-11T10:49:09","date_gmt":"2023-05-11T08:49:09","guid":{"rendered":"https:\/\/berninabrussels.be\/?post_type=product&#038;p=1946"},"modified":"2023-11-09T20:46:37","modified_gmt":"2023-11-09T19:46:37","slug":"silver-reed-sk155","status":"publish","type":"product","link":"https:\/\/berninabrussels.be\/?product=silver-reed-sk155","title":{"rendered":"SILVER REED SK155"},"content":{"rendered":"<h3>Machine \u00e0 tricoter Silver Reed SK155<\/h3>\n<p><center><\/p>\n<h3 style=\"text-align: left;\">Jauge de 9 mm 110 aiguilles (plus ou moins des laines de 3,5 \u00e0 6,5)<\/h3>\n<p><\/center><\/p>\n<p style=\"text-align: left;\" align=\"center\">La SK 155 est une machine qui tricote les points fantaisies avec le lecteur de cartes perfor\u00e9es de la machine.<\/p>\n<p>&nbsp;<\/p>\n","protected":false},"excerpt":{"rendered":"<p>Une machine \u00e0 tricoter automatique qui tricote des fils sport, bouclette ou m\u00e8che aussi facilement que des fils fins ! Vous pouvez tricoter comme une professionnelle. Avec la machine, grosse laine \u00e0 carte perfor\u00e9e, enti\u00e8rement automatique, tricotez du jersey, du point ramass\u00e9 et fils tir\u00e9s, du jacquard, du tissage et de la dentelle.<\/p>\n<p>Vous pouvez tricoter des fils mohair, du coton m\u00eame rigide, du ruban, de la chenille, de la laine bouclette, etc. Le mod\u00e8le 155 les aime &#8230; !<\/p>\n<p>Choisissez l&rsquo;une des cartes perfor\u00e9es et vous pouvez alors commencer votre propre collection en vrai styliste. De nombreux accessoires, cartes perfor\u00e9es, livret d&rsquo;instruction sont livr\u00e9s avec le mod\u00e8le 155.<\/p>\n","protected":false},"featured_media":1947,"comment_status":"open","ping_status":"closed","template":"","meta":{"om_disable_all_campaigns":false,"_monsterinsights_skip_tracking":false,"_monsterinsights_sitenote_active":false,"_monsterinsights_sitenote_note":"","_monsterinsights_sitenote_category":0,"_uf_show_specific_survey":0,"_uf_disable_surveys":false},"product_brand":[],"product_cat":[237],"product_tag":[],"giftcard-category":[],"class_list":{"0":"post-1946","1":"product","2":"type-product","3":"status-publish","4":"has-post-thumbnail","6":"product_cat-machines-a-tricoter","8":"first","9":"instock","10":"sale","11":"shipping-taxable","12":"purchasable","13":"product-type-simple"},"aioseo_notices":[],"jetpack_sharing_enabled":true,"_links":{"self":[{"href":"https:\/\/berninabrussels.be\/index.php?rest_route=\/wp\/v2\/product\/1946","targetHints":{"allow":["GET"]}}],"collection":[{"href":"https:\/\/berninabrussels.be\/index.php?rest_route=\/wp\/v2\/product"}],"about":[{"href":"https:\/\/berninabrussels.be\/index.php?rest_route=\/wp\/v2\/types\/product"}],"replies":[{"embeddable":true,"href":"https:\/\/berninabrussels.be\/index.php?rest_route=%2Fwp%2Fv2%2Fcomments&post=1946"}],"wp:featuredmedia":[{"embeddable":true,"href":"https:\/\/berninabrussels.be\/index.php?rest_route=\/wp\/v2\/media\/1947"}],"wp:attachment":[{"href":"https:\/\/berninabrussels.be\/index.php?rest_route=%2Fwp%2Fv2%2Fmedia&parent=1946"}],"wp:term":[{"taxonomy":"product_brand","embeddable":true,"href":"https:\/\/berninabrussels.be\/index.php?rest_route=%2Fwp%2Fv2%2Fproduct_brand&post=1946"},{"taxonomy":"product_cat","embeddable":true,"href":"https:\/\/berninabrussels.be\/index.php?rest_route=%2Fwp%2Fv2%2Fproduct_cat&post=1946"},{"taxonomy":"product_tag","embeddable":true,"href":"https:\/\/berninabrussels.be\/index.php?rest_route=%2Fwp%2Fv2%2Fproduct_tag&post=1946"},{"taxonomy":"giftcard-category","embeddable":true,"href":"https:\/\/berninabrussels.be\/index.php?rest_route=%2Fwp%2Fv2%2Fgiftcard-category&post=1946"}],"curies":[{"name":"wp","href":"https:\/\/api.w.org\/{rel}","templated":true}]}}