{"id":1942,"date":"2023-05-11T10:45:25","date_gmt":"2023-05-11T08:45:25","guid":{"rendered":"https:\/\/berninabrussels.be\/?post_type=product&#038;p=1942"},"modified":"2024-04-10T14:50:19","modified_gmt":"2024-04-10T12:50:19","slug":"machine-a-tricoter-sk280","status":"publish","type":"product","link":"https:\/\/berninabrussels.be\/?product=machine-a-tricoter-sk280","title":{"rendered":"MACHINE \u00c0 TRICOTER SK280 d\u00e9mo gratuite sur rdv"},"content":{"rendered":"<p><strong>Machine \u00e0 tricoter SK 280<\/strong><\/p>\n<p>Machine \u00e0 tricoter \u00e0 cartes perfor\u00e9es. Avec la premi\u00e8re fonture SK280, qui peut \u00eatre utilis\u00e9e seule, vous pourrez tricoter :<\/p>\n<ul>\n<li>Le jersey<\/li>\n<li>Le jacquard<\/li>\n<li>Les points ramass\u00e9s<\/li>\n<li>Les dentelles<\/li>\n<li>Les points fantaisie<\/li>\n<\/ul>\n","protected":false},"excerpt":{"rendered":"<p>Machine \u00e0 tricoter SK 280 Machine \u00e0 tricoter \u00e0 cartes perfor\u00e9es. Avec la premi\u00e8re fonture SK280, qui peut \u00eatre utilis\u00e9e seule, vous pourrez tricoter : Le jersey Le jacquard Les points ramass\u00e9s Les dentelles Les points fantaisie<\/p>\n","protected":false},"featured_media":1943,"comment_status":"open","ping_status":"closed","template":"","meta":{"om_disable_all_campaigns":false,"_monsterinsights_skip_tracking":false,"_monsterinsights_sitenote_active":false,"_monsterinsights_sitenote_note":"","_monsterinsights_sitenote_category":0,"_uf_show_specific_survey":0,"_uf_disable_surveys":false},"product_brand":[],"product_cat":[237],"product_tag":[],"giftcard-category":[],"class_list":{"0":"post-1942","1":"product","2":"type-product","3":"status-publish","4":"has-post-thumbnail","6":"product_cat-machines-a-tricoter","8":"first","9":"instock","10":"sale","11":"shipping-taxable","12":"purchasable","13":"product-type-simple"},"aioseo_notices":[],"jetpack_sharing_enabled":true,"_links":{"self":[{"href":"https:\/\/berninabrussels.be\/index.php?rest_route=\/wp\/v2\/product\/1942","targetHints":{"allow":["GET"]}}],"collection":[{"href":"https:\/\/berninabrussels.be\/index.php?rest_route=\/wp\/v2\/product"}],"about":[{"href":"https:\/\/berninabrussels.be\/index.php?rest_route=\/wp\/v2\/types\/product"}],"replies":[{"embeddable":true,"href":"https:\/\/berninabrussels.be\/index.php?rest_route=%2Fwp%2Fv2%2Fcomments&post=1942"}],"wp:featuredmedia":[{"embeddable":true,"href":"https:\/\/berninabrussels.be\/index.php?rest_route=\/wp\/v2\/media\/1943"}],"wp:attachment":[{"href":"https:\/\/berninabrussels.be\/index.php?rest_route=%2Fwp%2Fv2%2Fmedia&parent=1942"}],"wp:term":[{"taxonomy":"product_brand","embeddable":true,"href":"https:\/\/berninabrussels.be\/index.php?rest_route=%2Fwp%2Fv2%2Fproduct_brand&post=1942"},{"taxonomy":"product_cat","embeddable":true,"href":"https:\/\/berninabrussels.be\/index.php?rest_route=%2Fwp%2Fv2%2Fproduct_cat&post=1942"},{"taxonomy":"product_tag","embeddable":true,"href":"https:\/\/berninabrussels.be\/index.php?rest_route=%2Fwp%2Fv2%2Fproduct_tag&post=1942"},{"taxonomy":"giftcard-category","embeddable":true,"href":"https:\/\/berninabrussels.be\/index.php?rest_route=%2Fwp%2Fv2%2Fgiftcard-category&post=1942"}],"curies":[{"name":"wp","href":"https:\/\/api.w.org\/{rel}","templated":true}]}}