{"id":1939,"date":"2023-05-11T10:42:58","date_gmt":"2023-05-11T08:42:58","guid":{"rendered":"https:\/\/berninabrussels.be\/?post_type=product&#038;p=1939"},"modified":"2024-04-10T14:51:32","modified_gmt":"2024-04-10T12:51:32","slug":"silver-reed-lk150","status":"publish","type":"product","link":"https:\/\/berninabrussels.be\/?product=silver-reed-lk150","title":{"rendered":"SILVER REED LK150 (d\u00e9mo gratuite sur rdv)"},"content":{"rendered":"<div class=\"EncartDescriptionProduit\">\n<p>Gr\u00e2ce \u00e0 ses deux jauges, la machine \u00e0 tricoter Silver Reed tricote les\u00a0<strong>grosses et moyennes laines\u00a0<\/strong><strong>ainsi que les fils \u00e0 effets : fils \u00e0 longs poils, \u00e0 relief, irr\u00e9guliers, etc.<\/strong><\/p>\n<p>Le mod\u00e8le LK 150 est enti\u00e8rement m\u00e9canique. Sa\u00a0<strong>simplicit\u00e9 d\u2019utilisation et de conception<\/strong>\u00a0vous enchantera d\u00e8s le d\u00e9but. Vous serez tr\u00e8s vite capable de r\u00e9aliser des v\u00eatements en tricot de toutes sortes.<\/p>\n<p>L\u2019\u00e9cartement modulables de ses aiguilles (6,5 mm ou 13 mm) vous permet de tricoter des fils du n\u00b03 au n\u00b08. Vous pourrez aussi r\u00e9aliser des tricots pour toutes saisons.<\/p>\n<p>L\u00e9g\u00e8re, compacte, vous pourrez la ranger tr\u00e8s facilement.<\/p>\n<\/div>\n","protected":false},"excerpt":{"rendered":"<p>Gr\u00e2ce \u00e0 ses deux jauges, la machine \u00e0 tricoter Silver Reed tricote les\u00a0grosses et moyennes laines\u00a0ainsi que les fils \u00e0 effets : fils \u00e0 longs poils, \u00e0 relief, irr\u00e9guliers, etc. Le mod\u00e8le LK 150 est enti\u00e8rement m\u00e9canique. Sa\u00a0simplicit\u00e9 d\u2019utilisation et de conception\u00a0vous enchantera d\u00e8s le d\u00e9but. Vous serez tr\u00e8s vite capable de r\u00e9aliser des v\u00eatements&hellip;<\/p>\n","protected":false},"featured_media":1941,"comment_status":"open","ping_status":"closed","template":"","meta":{"om_disable_all_campaigns":false,"_monsterinsights_skip_tracking":false,"_monsterinsights_sitenote_active":false,"_monsterinsights_sitenote_note":"","_monsterinsights_sitenote_category":0,"_uf_show_specific_survey":0,"_uf_disable_surveys":false},"product_brand":[],"product_cat":[237],"product_tag":[],"giftcard-category":[],"class_list":{"0":"post-1939","1":"product","2":"type-product","3":"status-publish","4":"has-post-thumbnail","6":"product_cat-machines-a-tricoter","8":"first","9":"instock","10":"shipping-taxable","11":"purchasable","12":"product-type-simple"},"aioseo_notices":[],"jetpack_sharing_enabled":true,"_links":{"self":[{"href":"https:\/\/berninabrussels.be\/index.php?rest_route=\/wp\/v2\/product\/1939","targetHints":{"allow":["GET"]}}],"collection":[{"href":"https:\/\/berninabrussels.be\/index.php?rest_route=\/wp\/v2\/product"}],"about":[{"href":"https:\/\/berninabrussels.be\/index.php?rest_route=\/wp\/v2\/types\/product"}],"replies":[{"embeddable":true,"href":"https:\/\/berninabrussels.be\/index.php?rest_route=%2Fwp%2Fv2%2Fcomments&post=1939"}],"wp:featuredmedia":[{"embeddable":true,"href":"https:\/\/berninabrussels.be\/index.php?rest_route=\/wp\/v2\/media\/1941"}],"wp:attachment":[{"href":"https:\/\/berninabrussels.be\/index.php?rest_route=%2Fwp%2Fv2%2Fmedia&parent=1939"}],"wp:term":[{"taxonomy":"product_brand","embeddable":true,"href":"https:\/\/berninabrussels.be\/index.php?rest_route=%2Fwp%2Fv2%2Fproduct_brand&post=1939"},{"taxonomy":"product_cat","embeddable":true,"href":"https:\/\/berninabrussels.be\/index.php?rest_route=%2Fwp%2Fv2%2Fproduct_cat&post=1939"},{"taxonomy":"product_tag","embeddable":true,"href":"https:\/\/berninabrussels.be\/index.php?rest_route=%2Fwp%2Fv2%2Fproduct_tag&post=1939"},{"taxonomy":"giftcard-category","embeddable":true,"href":"https:\/\/berninabrussels.be\/index.php?rest_route=%2Fwp%2Fv2%2Fgiftcard-category&post=1939"}],"curies":[{"name":"wp","href":"https:\/\/api.w.org\/{rel}","templated":true}]}}