{"id":1933,"date":"2023-05-11T10:29:49","date_gmt":"2023-05-11T08:29:49","guid":{"rendered":"https:\/\/berninabrussels.be\/?post_type=product&#038;p=1933"},"modified":"2025-06-30T20:28:43","modified_gmt":"2025-06-30T18:28:43","slug":"surjeteuse-bernina-l860","status":"publish","type":"product","link":"https:\/\/berninabrussels.be\/?product=surjeteuse-bernina-l860","title":{"rendered":"Surjeteuse BERNINA L860 + Trolley, Cours de prise en main offert"},"content":{"rendered":"<h3>Surjeteuse BERNINA\u00a0L 860<\/h3>\n<h4>Surjeteuse avec \u00e9cran tactile couleur<\/h4>\n<p>La BERNINA L 860 est parfaitement adapt\u00e9e \u00e0 tous les types de fils et de tissus, en particulier les mati\u00e8res hautement \u00e9lastiques et tricot\u00e9es. La machine propose une vari\u00e9t\u00e9 de points, tous s\u00e9lectionnables via l&rsquo;\u00e9cran tactile couleur. L&rsquo;enfileur \u00e0 air exclusif BERNINA en une seule \u00e9tape facilite incroyablement l&rsquo;enfilage des boucleurs.<\/p>\n","protected":false},"excerpt":{"rendered":"<p>Surjeteuse BERNINA\u00a0L 860 Surjeteuse avec \u00e9cran tactile couleur La BERNINA L 860 est parfaitement adapt\u00e9e \u00e0 tous les types de fils et de tissus, en particulier les mati\u00e8res hautement \u00e9lastiques et tricot\u00e9es. La machine propose une vari\u00e9t\u00e9 de points, tous s\u00e9lectionnables via l&rsquo;\u00e9cran tactile couleur. L&rsquo;enfileur \u00e0 air exclusif BERNINA en une seule \u00e9tape facilite&hellip;<\/p>\n","protected":false},"featured_media":1934,"comment_status":"open","ping_status":"closed","template":"","meta":{"om_disable_all_campaigns":false,"_monsterinsights_skip_tracking":false,"_monsterinsights_sitenote_active":false,"_monsterinsights_sitenote_note":"","_monsterinsights_sitenote_category":0,"_uf_show_specific_survey":0,"_uf_disable_surveys":false},"product_brand":[],"product_cat":[29,45,53],"product_tag":[],"giftcard-category":[],"class_list":{"0":"post-1933","1":"product","2":"type-product","3":"status-publish","4":"has-post-thumbnail","6":"product_cat-machines","7":"product_cat-surjeteuse-accesoires","8":"product_cat-surjeteuse-recouvreuse","10":"first","11":"instock","12":"featured","13":"shipping-taxable","14":"purchasable","15":"product-type-simple"},"aioseo_notices":[],"jetpack_sharing_enabled":true,"_links":{"self":[{"href":"https:\/\/berninabrussels.be\/index.php?rest_route=\/wp\/v2\/product\/1933","targetHints":{"allow":["GET"]}}],"collection":[{"href":"https:\/\/berninabrussels.be\/index.php?rest_route=\/wp\/v2\/product"}],"about":[{"href":"https:\/\/berninabrussels.be\/index.php?rest_route=\/wp\/v2\/types\/product"}],"replies":[{"embeddable":true,"href":"https:\/\/berninabrussels.be\/index.php?rest_route=%2Fwp%2Fv2%2Fcomments&post=1933"}],"wp:featuredmedia":[{"embeddable":true,"href":"https:\/\/berninabrussels.be\/index.php?rest_route=\/wp\/v2\/media\/1934"}],"wp:attachment":[{"href":"https:\/\/berninabrussels.be\/index.php?rest_route=%2Fwp%2Fv2%2Fmedia&parent=1933"}],"wp:term":[{"taxonomy":"product_brand","embeddable":true,"href":"https:\/\/berninabrussels.be\/index.php?rest_route=%2Fwp%2Fv2%2Fproduct_brand&post=1933"},{"taxonomy":"product_cat","embeddable":true,"href":"https:\/\/berninabrussels.be\/index.php?rest_route=%2Fwp%2Fv2%2Fproduct_cat&post=1933"},{"taxonomy":"product_tag","embeddable":true,"href":"https:\/\/berninabrussels.be\/index.php?rest_route=%2Fwp%2Fv2%2Fproduct_tag&post=1933"},{"taxonomy":"giftcard-category","embeddable":true,"href":"https:\/\/berninabrussels.be\/index.php?rest_route=%2Fwp%2Fv2%2Fgiftcard-category&post=1933"}],"curies":[{"name":"wp","href":"https:\/\/api.w.org\/{rel}","templated":true}]}}