{"id":1927,"date":"2023-05-11T10:23:39","date_gmt":"2023-05-11T08:23:39","guid":{"rendered":"https:\/\/berninabrussels.be\/?post_type=product&#038;p=1927"},"modified":"2024-09-17T17:30:19","modified_gmt":"2024-09-17T15:30:19","slug":"jack-2290d-sr-3e-zig-zag","status":"publish","type":"product","link":"https:\/\/berninabrussels.be\/?product=jack-2290d-sr-3e-zig-zag","title":{"rendered":"JACK 2290D-SR-3E Zig-Zag &#8211; LIVRAISON GRATUITE (Belgique- Luxembourg)"},"content":{"rendered":"<h3>Machine \u00e0 coudre industrielle JACK JK-2290D<\/h3>\n<p>Un m\u00e9canisme de transport ind\u00e9pendant, contr\u00f4l\u00e9 par des moteurs pas \u00e0 pas, a consid\u00e9rablement augment\u00e9 les possibilit\u00e9s de programmation des patrons de couture. La machine peut \u00eatre utilis\u00e9e dans la production n\u00e9cessitant un point d\u00e9coratif esth\u00e9tique et flexible, y compris la couture de dentelles et de lacets en caoutchouc en sous-v\u00eatements, dans la production de gants ou de chapeaux.<\/p>\n<p>Un syst\u00e8me de lubrification ferm\u00e9 (pas de carter d&rsquo;huile typique) garantit une faible consommation d&rsquo;huile, une meilleure lubrification des m\u00e9canismes de la machine et prot\u00e8ge contre les taches accidentelles du mat\u00e9riau. La machine fonctionne \u00e0 l&rsquo;aide d&rsquo;un panneau de commande tactile intuitif sur lequel nous pouvons r\u00e9gler les param\u00e8tres de couture disponibles. La m\u00e9moire de la machine comporte 14 mod\u00e8les d&rsquo;usine et vous permet d&rsquo;enregistrer 99 autres mod\u00e8les. Le port USB int\u00e9gr\u00e9 vous permet d&rsquo;enregistrer des motifs sur une m\u00e9moire externe et de mettre \u00e0 jour le logiciel.<\/p>\n","protected":false},"excerpt":{"rendered":"<h3>Utilis\u00e9 pour une grande vari\u00e9t\u00e9 de produits<\/h3>\n<p>La machine peut \u00eatre utilis\u00e9e dans la production qui n\u00e9cessite un point d\u00e9coratif esth\u00e9tique et flexible, y compris la couture de dentelles et de dentelles en caoutchouc en sous-v\u00eatements, dans la production de gants ou de chapeaux.<\/p>\n<h3>Coupe-fil automatique et levage du pied-de-biche<\/h3>\n<p>Les fonctions automatiques facilitent et acc\u00e9l\u00e8rent le processus de couture, augmentant ainsi l&rsquo;efficacit\u00e9 de la production.<\/p>\n<h3>Syst\u00e8me de lubrification ferm\u00e9<\/h3>\n<p>La machine n&rsquo;a pas de carter d&rsquo;huile classique. Une petite quantit\u00e9 d&rsquo;huile est conserv\u00e9e dans un r\u00e9cipient ferm\u00e9 pour \u00e9viter qu&rsquo;elle ne se salisse. Cette solution garantit une consommation d&rsquo;huile moindre, une meilleure lubrification des m\u00e9canismes de la machine et prot\u00e8ge contre les taches accidentelles du mat\u00e9riau.<\/p>\n<h3>\u00c9cran tactile LCD<\/h3>\n<p>La machine est \u00e9quip\u00e9e d&rsquo;un panneau de commande tactile lisible. La m\u00e9moire de la machine comporte 14 mod\u00e8les d&rsquo;usine et vous permet d&rsquo;enregistrer 99 autres mod\u00e8les.<\/p>\n<h3>Port USB int\u00e9gr\u00e9<\/h3>\n<p>Le port USB int\u00e9gr\u00e9 vous permet d&rsquo;enregistrer des motifs sur une m\u00e9moire externe et de mettre \u00e0 jour le logiciel.<\/p>\n<h3>Motifs Personnalisables<\/h3>\n<p>Les utilisateurs peuvent personnaliser des patrons de couture \u00e0 partir du panneau de commande ou charger \/ copier des motifs \u00e0 partir d&rsquo;autres machines, en fonction de leurs besoins. De plus, ces mod\u00e8les suppl\u00e9mentaires peuvent \u00eatre enregistr\u00e9s directement sur le panneau de commande, via le port USB.<\/p>\n<h3>Conversion Du Point De Coquille<\/h3>\n<p>Avec le bouton (illustr\u00e9) qui permet la conversion du point de coquille, lorsque le coin est atteint, la direction peut \u00eatre invers\u00e9e, assurant un point pr\u00e9cis et esth\u00e9tiquement beau.<\/p>\n<p>&nbsp;<\/p>\n","protected":false},"featured_media":1928,"comment_status":"open","ping_status":"closed","template":"","meta":{"om_disable_all_campaigns":false,"_monsterinsights_skip_tracking":false,"_monsterinsights_sitenote_active":false,"_monsterinsights_sitenote_note":"","_monsterinsights_sitenote_category":0,"_uf_show_specific_survey":0,"_uf_disable_surveys":false},"product_brand":[],"product_cat":[29,71,32],"product_tag":[],"giftcard-category":[],"class_list":{"0":"post-1927","1":"product","2":"type-product","3":"status-publish","4":"has-post-thumbnail","6":"product_cat-machines","7":"product_cat-machines-industrielles-zig-zag","8":"product_cat-machines-professionnelles","10":"first","11":"instock","12":"shipping-taxable","13":"purchasable","14":"product-type-simple"},"aioseo_notices":[],"jetpack_sharing_enabled":true,"_links":{"self":[{"href":"https:\/\/berninabrussels.be\/index.php?rest_route=\/wp\/v2\/product\/1927","targetHints":{"allow":["GET"]}}],"collection":[{"href":"https:\/\/berninabrussels.be\/index.php?rest_route=\/wp\/v2\/product"}],"about":[{"href":"https:\/\/berninabrussels.be\/index.php?rest_route=\/wp\/v2\/types\/product"}],"replies":[{"embeddable":true,"href":"https:\/\/berninabrussels.be\/index.php?rest_route=%2Fwp%2Fv2%2Fcomments&post=1927"}],"wp:featuredmedia":[{"embeddable":true,"href":"https:\/\/berninabrussels.be\/index.php?rest_route=\/wp\/v2\/media\/1928"}],"wp:attachment":[{"href":"https:\/\/berninabrussels.be\/index.php?rest_route=%2Fwp%2Fv2%2Fmedia&parent=1927"}],"wp:term":[{"taxonomy":"product_brand","embeddable":true,"href":"https:\/\/berninabrussels.be\/index.php?rest_route=%2Fwp%2Fv2%2Fproduct_brand&post=1927"},{"taxonomy":"product_cat","embeddable":true,"href":"https:\/\/berninabrussels.be\/index.php?rest_route=%2Fwp%2Fv2%2Fproduct_cat&post=1927"},{"taxonomy":"product_tag","embeddable":true,"href":"https:\/\/berninabrussels.be\/index.php?rest_route=%2Fwp%2Fv2%2Fproduct_tag&post=1927"},{"taxonomy":"giftcard-category","embeddable":true,"href":"https:\/\/berninabrussels.be\/index.php?rest_route=%2Fwp%2Fv2%2Fgiftcard-category&post=1927"}],"curies":[{"name":"wp","href":"https:\/\/api.w.org\/{rel}","templated":true}]}}