{"id":1923,"date":"2023-05-11T10:17:21","date_gmt":"2023-05-11T08:17:21","guid":{"rendered":"https:\/\/berninabrussels.be\/?post_type=product&#038;p=1923"},"modified":"2024-01-18T15:18:17","modified_gmt":"2024-01-18T14:18:17","slug":"jack-20u-93z-professionelle-zig-zag","status":"publish","type":"product","link":"https:\/\/berninabrussels.be\/?product=jack-20u-93z-professionelle-zig-zag","title":{"rendered":"JACK 20U-93Z Professionelle Zig-Zag"},"content":{"rendered":"<h3>Machine \u00e0 coudre professionnelle zigzag JACK 20U-93Z<\/h3>\n<h3>Description<\/h3>\n<p>Machine zig-zag \u00e0 bras court pour la couture et la broderie. Zig-zag r\u00e9glable en diff\u00e9rentes largeurs jusqu&rsquo;\u00e0 9 mm id\u00e9al sur les tissus moyennement l\u00e9gers. La machine JK-20U est adapt\u00e9e \u00e0 la couture de : sous-v\u00eatements f\u00e9minins, vestes, gants, renforts \u00e9lastiques et autres produits n\u00e9cessitant un point zigzag.<\/p>\n","protected":false},"excerpt":{"rendered":"<h3>Bouton d&rsquo;ajout de points<\/h3>\n<p>En plus d&rsquo;activer la lumi\u00e8re LED, nous avons ajout\u00e9 un bouton \u00e9lectronique pr\u00e8s de la barre \u00e0 aiguille pour ajouter des points avec pr\u00e9cision, m\u00eame sur les travaux les plus difficiles.<\/p>\n<h3>Moteur int\u00e9gr\u00e9<\/h3>\n<p>Moteur int\u00e9gr\u00e9 \u00e0 entra\u00eenement direct de 550W pour une \u00e9conomie d&rsquo;\u00e9nergie efficiente. Panneau int\u00e9gr\u00e9 pour une vitesse et un positionnement de l&rsquo;aiguille optimaux.<\/p>\n<div class=\"row irow-xs cards\">\n<div class=\"col-sm-6\">\n<h3>Largeur du zig-zag<\/h3>\n<p>La largeur du zig-zag peut aller jusqu\u2019\u00e0 9 mm et peut \u00eatre contr\u00f4l\u00e9e par un levier.<\/p>\n<h3>Lubrification automatique<\/h3>\n<p>Alimentation automatique en huile pour une meilleure lubrification.<\/p>\n<h3>Position de l\u2019aiguille<\/h3>\n<p>L\u2019aiguille peut \u00eatre d\u00e9plac\u00e9e sur 3 positions (centre, droite et gauche) \u00e0 l\u2019aide d\u2019un curseur pratique : cela vous permet de coudre m\u00eame avec des fermetures \u00e9clair.<\/p>\n<\/div>\n<\/div>\n","protected":false},"featured_media":1924,"comment_status":"open","ping_status":"closed","template":"","meta":{"om_disable_all_campaigns":false,"_monsterinsights_skip_tracking":false,"_monsterinsights_sitenote_active":false,"_monsterinsights_sitenote_note":"","_monsterinsights_sitenote_category":0,"_uf_show_specific_survey":0,"_uf_disable_surveys":false},"product_brand":[],"product_cat":[29,71,32],"product_tag":[],"giftcard-category":[],"class_list":{"0":"post-1923","1":"product","2":"type-product","3":"status-publish","4":"has-post-thumbnail","6":"product_cat-machines","7":"product_cat-machines-industrielles-zig-zag","8":"product_cat-machines-professionnelles","10":"first","11":"instock","12":"shipping-taxable","13":"purchasable","14":"product-type-simple"},"aioseo_notices":[],"jetpack_sharing_enabled":true,"_links":{"self":[{"href":"https:\/\/berninabrussels.be\/index.php?rest_route=\/wp\/v2\/product\/1923","targetHints":{"allow":["GET"]}}],"collection":[{"href":"https:\/\/berninabrussels.be\/index.php?rest_route=\/wp\/v2\/product"}],"about":[{"href":"https:\/\/berninabrussels.be\/index.php?rest_route=\/wp\/v2\/types\/product"}],"replies":[{"embeddable":true,"href":"https:\/\/berninabrussels.be\/index.php?rest_route=%2Fwp%2Fv2%2Fcomments&post=1923"}],"wp:featuredmedia":[{"embeddable":true,"href":"https:\/\/berninabrussels.be\/index.php?rest_route=\/wp\/v2\/media\/1924"}],"wp:attachment":[{"href":"https:\/\/berninabrussels.be\/index.php?rest_route=%2Fwp%2Fv2%2Fmedia&parent=1923"}],"wp:term":[{"taxonomy":"product_brand","embeddable":true,"href":"https:\/\/berninabrussels.be\/index.php?rest_route=%2Fwp%2Fv2%2Fproduct_brand&post=1923"},{"taxonomy":"product_cat","embeddable":true,"href":"https:\/\/berninabrussels.be\/index.php?rest_route=%2Fwp%2Fv2%2Fproduct_cat&post=1923"},{"taxonomy":"product_tag","embeddable":true,"href":"https:\/\/berninabrussels.be\/index.php?rest_route=%2Fwp%2Fv2%2Fproduct_tag&post=1923"},{"taxonomy":"giftcard-category","embeddable":true,"href":"https:\/\/berninabrussels.be\/index.php?rest_route=%2Fwp%2Fv2%2Fgiftcard-category&post=1923"}],"curies":[{"name":"wp","href":"https:\/\/api.w.org\/{rel}","templated":true}]}}