{"id":1917,"date":"2023-05-11T10:09:31","date_gmt":"2023-05-11T08:09:31","guid":{"rendered":"https:\/\/berninabrussels.be\/?post_type=product&#038;p=1917"},"modified":"2025-05-25T14:01:51","modified_gmt":"2025-05-25T12:01:51","slug":"jack-t1900ghk-d-machine-a-points-darret","status":"publish","type":"product","link":"https:\/\/berninabrussels.be\/?product=jack-t1900ghk-d-machine-a-points-darret","title":{"rendered":"JACK T1900GHK-D Machine \u00e0 points d&rsquo;arr\u00eat"},"content":{"rendered":"<h3>Machine \u00e0 boutonni\u00e8res industrielle JACK JK-T1900GHK-D<\/h3>\n<h3>Description<\/h3>\n<p>Machine \u00e0 coudre \u00e0 bouton et \u00e0 point d&rsquo;arr\u00eat command\u00e9e par ordinateur, programmable, \u00e0 grande vitesse, entra\u00een\u00e9e par un servomoteur compact \u00e0 courant alternatif, int\u00e9gr\u00e9 \u00e0 la t\u00eate de la machine (syst\u00e8me d&rsquo;entra\u00eenement direct) et \u00e0 des moteurs pas \u00e0 pas, qui contr\u00f4lent les m\u00e9canismes individuels de la machine. Le syst\u00e8me innovant de changement rapide des kits de pinces de travail permet d&rsquo;utiliser la machine comme machine \u00e0 coudre ou \u00e0 coudre des boutons.<\/p>\n","protected":false},"excerpt":{"rendered":"<p>Machine \u00e0 boutonni\u00e8res industrielle JACK JK-T1900GHK-D Description Machine \u00e0 coudre \u00e0 bouton et \u00e0 point d&rsquo;arr\u00eat command\u00e9e par ordinateur, programmable, \u00e0 grande vitesse, entra\u00een\u00e9e par un servomoteur compact \u00e0 courant alternatif, int\u00e9gr\u00e9 \u00e0 la t\u00eate de la machine (syst\u00e8me d&rsquo;entra\u00eenement direct) et \u00e0 des moteurs pas \u00e0 pas, qui contr\u00f4lent les m\u00e9canismes individuels de la&hellip;<\/p>\n","protected":false},"featured_media":1918,"comment_status":"open","ping_status":"closed","template":"","meta":{"om_disable_all_campaigns":false,"_monsterinsights_skip_tracking":false,"_monsterinsights_sitenote_active":false,"_monsterinsights_sitenote_note":"","_monsterinsights_sitenote_category":0,"_uf_show_specific_survey":0,"_uf_disable_surveys":false},"product_brand":[],"product_cat":[70],"product_tag":[],"giftcard-category":[],"class_list":{"0":"post-1917","1":"product","2":"type-product","3":"status-publish","4":"has-post-thumbnail","6":"product_cat-machines-speciales","8":"first","9":"instock","10":"shipping-taxable","11":"purchasable","12":"product-type-simple"},"aioseo_notices":[],"jetpack_sharing_enabled":true,"_links":{"self":[{"href":"https:\/\/berninabrussels.be\/index.php?rest_route=\/wp\/v2\/product\/1917","targetHints":{"allow":["GET"]}}],"collection":[{"href":"https:\/\/berninabrussels.be\/index.php?rest_route=\/wp\/v2\/product"}],"about":[{"href":"https:\/\/berninabrussels.be\/index.php?rest_route=\/wp\/v2\/types\/product"}],"replies":[{"embeddable":true,"href":"https:\/\/berninabrussels.be\/index.php?rest_route=%2Fwp%2Fv2%2Fcomments&post=1917"}],"wp:featuredmedia":[{"embeddable":true,"href":"https:\/\/berninabrussels.be\/index.php?rest_route=\/wp\/v2\/media\/1918"}],"wp:attachment":[{"href":"https:\/\/berninabrussels.be\/index.php?rest_route=%2Fwp%2Fv2%2Fmedia&parent=1917"}],"wp:term":[{"taxonomy":"product_brand","embeddable":true,"href":"https:\/\/berninabrussels.be\/index.php?rest_route=%2Fwp%2Fv2%2Fproduct_brand&post=1917"},{"taxonomy":"product_cat","embeddable":true,"href":"https:\/\/berninabrussels.be\/index.php?rest_route=%2Fwp%2Fv2%2Fproduct_cat&post=1917"},{"taxonomy":"product_tag","embeddable":true,"href":"https:\/\/berninabrussels.be\/index.php?rest_route=%2Fwp%2Fv2%2Fproduct_tag&post=1917"},{"taxonomy":"giftcard-category","embeddable":true,"href":"https:\/\/berninabrussels.be\/index.php?rest_route=%2Fwp%2Fv2%2Fgiftcard-category&post=1917"}],"curies":[{"name":"wp","href":"https:\/\/api.w.org\/{rel}","templated":true}]}}