{"id":1807,"date":"2023-05-10T17:55:51","date_gmt":"2023-05-10T15:55:51","guid":{"rendered":"https:\/\/berninabrussels.be\/?post_type=product&#038;p=1807"},"modified":"2023-05-10T17:55:51","modified_gmt":"2023-05-10T15:55:51","slug":"pied-a-coudre-au-bord-droit-2","status":"publish","type":"product","link":"https:\/\/berninabrussels.be\/?product=pied-a-coudre-au-bord-droit-2","title":{"rendered":"Pied \u00e0 coudre au bord droit"},"content":{"rendered":"<p>Pied \u00e0 coudre au bord droit\u00a0<u>double entrainement<\/u>\u00a0S5000N 0\/5mm<\/p>\n<p>Le pied pour passepoil tr\u00e8s large est id\u00e9al pour ins\u00e9rer de grands passepoils de d\u00e9coration d\u2018int\u00e9rieur dans des coutures ou partout o\u00f9 vous souhaitez ajouter une touche finale ! Le pied pour passepoil tr\u00e8s large s\u2018utilise pour recouvrir des grands cordonnets de tissu pour passepoils sp\u00e9ciaux et ins\u00e9rer les passepoils dans les coutures ou sur les bordures pour une finition professionnelle. La bordure est cousue entre les deux \u00e9paisseurs de tissu en une seule \u00e9tape. Vous pouvez \u00e9galement cr\u00e9er votre propre passepoil pour une finition personnalis\u00e9e. Ce pied peut se poser \u00e0 gauche ou \u00e0 droite de l\u2018aiguille, ce qui permet de cr\u00e9er et de coudre le passepoil dans la couture, ainsi que de surpiquer le long du passepoil.<\/p>\n","protected":false},"excerpt":{"rendered":"<p>Pied \u00e0 coudre au bord droit\u00a0double entrainement\u00a0S5000N 0\/5mm Le pied pour passepoil tr\u00e8s large est id\u00e9al pour ins\u00e9rer de grands passepoils de d\u00e9coration d\u2018int\u00e9rieur dans des coutures ou partout o\u00f9 vous souhaitez ajouter une touche finale ! Le pied pour passepoil tr\u00e8s large s\u2018utilise pour recouvrir des grands cordonnets de tissu pour passepoils sp\u00e9ciaux et&hellip;<\/p>\n","protected":false},"featured_media":1809,"comment_status":"open","ping_status":"closed","template":"","meta":{"om_disable_all_campaigns":false,"_monsterinsights_skip_tracking":false,"_monsterinsights_sitenote_active":false,"_monsterinsights_sitenote_note":"","_monsterinsights_sitenote_category":0,"_uf_show_specific_survey":0,"_uf_disable_surveys":false},"product_brand":[],"product_cat":[211],"product_tag":[],"giftcard-category":[],"class_list":{"0":"post-1807","1":"product","2":"type-product","3":"status-publish","4":"has-post-thumbnail","6":"product_cat-pieds","8":"first","9":"instock","10":"shipping-taxable","11":"purchasable","12":"product-type-simple"},"aioseo_notices":[],"jetpack_sharing_enabled":true,"_links":{"self":[{"href":"https:\/\/berninabrussels.be\/index.php?rest_route=\/wp\/v2\/product\/1807","targetHints":{"allow":["GET"]}}],"collection":[{"href":"https:\/\/berninabrussels.be\/index.php?rest_route=\/wp\/v2\/product"}],"about":[{"href":"https:\/\/berninabrussels.be\/index.php?rest_route=\/wp\/v2\/types\/product"}],"replies":[{"embeddable":true,"href":"https:\/\/berninabrussels.be\/index.php?rest_route=%2Fwp%2Fv2%2Fcomments&post=1807"}],"wp:featuredmedia":[{"embeddable":true,"href":"https:\/\/berninabrussels.be\/index.php?rest_route=\/wp\/v2\/media\/1809"}],"wp:attachment":[{"href":"https:\/\/berninabrussels.be\/index.php?rest_route=%2Fwp%2Fv2%2Fmedia&parent=1807"}],"wp:term":[{"taxonomy":"product_brand","embeddable":true,"href":"https:\/\/berninabrussels.be\/index.php?rest_route=%2Fwp%2Fv2%2Fproduct_brand&post=1807"},{"taxonomy":"product_cat","embeddable":true,"href":"https:\/\/berninabrussels.be\/index.php?rest_route=%2Fwp%2Fv2%2Fproduct_cat&post=1807"},{"taxonomy":"product_tag","embeddable":true,"href":"https:\/\/berninabrussels.be\/index.php?rest_route=%2Fwp%2Fv2%2Fproduct_tag&post=1807"},{"taxonomy":"giftcard-category","embeddable":true,"href":"https:\/\/berninabrussels.be\/index.php?rest_route=%2Fwp%2Fv2%2Fgiftcard-category&post=1807"}],"curies":[{"name":"wp","href":"https:\/\/api.w.org\/{rel}","templated":true}]}}