{"id":1801,"date":"2023-05-10T17:52:37","date_gmt":"2023-05-10T15:52:37","guid":{"rendered":"https:\/\/berninabrussels.be\/?post_type=product&#038;p=1801"},"modified":"2025-05-26T10:57:23","modified_gmt":"2025-05-26T08:57:23","slug":"pied-passepoil-gauche-p69l-1-2-127mm","status":"publish","type":"product","link":"https:\/\/berninabrussels.be\/?product=pied-passepoil-gauche-p69l-1-2-127mm","title":{"rendered":"Pied passepoil gauche P69L 1\/2 12,7mm"},"content":{"rendered":"<h3>Pied passepoil\u00a0gauche P69L 1\/2 12,7mm<\/h3>\n<p>Avec sa large rainure, le pied pour tricots et mailles est l&rsquo;outil id\u00e9al pour piquer les tissus \u00e0 mailles. Gr\u00e2ce \u00e0 ses bords de hauteur diff\u00e9rente, l&rsquo;avancement des tissus dispos\u00e9s ensembles sur plusieurs \u00e9paisseurs et d&rsquo;une hauteur irr\u00e9guli\u00e8re ne pose aucun probl\u00e8me.<\/p>\n<p>Le pied pour tricots et mailles est de plus particuli\u00e8rement appr\u00e9ci\u00e9 pour \u00e9laborer et appliquer des passepoils ainsi que pour coudre rapidement et avec pr\u00e9cision les paillettes et cordons. Vous pouvez ainsi r\u00e9aliser des d\u00e9corations et de ravissants appliqu\u00e9s sur vos v\u00eatements, vos ouvrages manuels et vos tissus d&rsquo;ameublement.<\/p>\n<p>Pour la couture de tricots, tissus en mailles, cordons \u00e9pais, paillettes, la surpiq\u00fbre de fils de laine, fils, cordons, bandes de cuir, etc.<\/p>\n<p>Le pied cod\u00e9 est \u00e9quip\u00e9 en plus d&rsquo;un espace guide ouvert pour la surpiq\u00fbre de fils.<\/p>\n<p>Installez le pied ganseur \u00e0 passepoil simple pour confectionner et ins\u00e9rer avec rapidit\u00e9 et pr\u00e9cision le cordon passepoil dans vos ouvrages de tapisserie et de d\u00e9coration int\u00e9rieure. Que vous utilisiez un cordon passepoil du commerce ou que vous couvriez le cordon, ce pied-de-biche accessoire donne un r\u00e9sultat professionnel. Il fonctionne comme le pied passepoil mais il est con\u00e7u pour des cordons plus \u00e9pais.<\/p>\n","protected":false},"excerpt":{"rendered":"<p>Pied passepoil\u00a0gauche P69L 1\/2 12,7mm Avec sa large rainure, le pied pour tricots et mailles est l&rsquo;outil id\u00e9al pour piquer les tissus \u00e0 mailles. Gr\u00e2ce \u00e0 ses bords de hauteur diff\u00e9rente, l&rsquo;avancement des tissus dispos\u00e9s ensembles sur plusieurs \u00e9paisseurs et d&rsquo;une hauteur irr\u00e9guli\u00e8re ne pose aucun probl\u00e8me. Le pied pour tricots et mailles est de&hellip;<\/p>\n","protected":false},"featured_media":1802,"comment_status":"open","ping_status":"closed","template":"","meta":{"om_disable_all_campaigns":false,"_monsterinsights_skip_tracking":false,"_monsterinsights_sitenote_active":false,"_monsterinsights_sitenote_note":"","_monsterinsights_sitenote_category":0,"_uf_show_specific_survey":0,"_uf_disable_surveys":false},"product_brand":[],"product_cat":[211],"product_tag":[],"giftcard-category":[],"class_list":{"0":"post-1801","1":"product","2":"type-product","3":"status-publish","4":"has-post-thumbnail","6":"product_cat-pieds","8":"first","9":"instock","10":"sale","11":"shipping-taxable","12":"purchasable","13":"product-type-simple"},"aioseo_notices":[],"jetpack_sharing_enabled":true,"_links":{"self":[{"href":"https:\/\/berninabrussels.be\/index.php?rest_route=\/wp\/v2\/product\/1801","targetHints":{"allow":["GET"]}}],"collection":[{"href":"https:\/\/berninabrussels.be\/index.php?rest_route=\/wp\/v2\/product"}],"about":[{"href":"https:\/\/berninabrussels.be\/index.php?rest_route=\/wp\/v2\/types\/product"}],"replies":[{"embeddable":true,"href":"https:\/\/berninabrussels.be\/index.php?rest_route=%2Fwp%2Fv2%2Fcomments&post=1801"}],"wp:featuredmedia":[{"embeddable":true,"href":"https:\/\/berninabrussels.be\/index.php?rest_route=\/wp\/v2\/media\/1802"}],"wp:attachment":[{"href":"https:\/\/berninabrussels.be\/index.php?rest_route=%2Fwp%2Fv2%2Fmedia&parent=1801"}],"wp:term":[{"taxonomy":"product_brand","embeddable":true,"href":"https:\/\/berninabrussels.be\/index.php?rest_route=%2Fwp%2Fv2%2Fproduct_brand&post=1801"},{"taxonomy":"product_cat","embeddable":true,"href":"https:\/\/berninabrussels.be\/index.php?rest_route=%2Fwp%2Fv2%2Fproduct_cat&post=1801"},{"taxonomy":"product_tag","embeddable":true,"href":"https:\/\/berninabrussels.be\/index.php?rest_route=%2Fwp%2Fv2%2Fproduct_tag&post=1801"},{"taxonomy":"giftcard-category","embeddable":true,"href":"https:\/\/berninabrussels.be\/index.php?rest_route=%2Fwp%2Fv2%2Fgiftcard-category&post=1801"}],"curies":[{"name":"wp","href":"https:\/\/api.w.org\/{rel}","templated":true}]}}