{"id":1779,"date":"2023-05-10T17:41:33","date_gmt":"2023-05-10T15:41:33","guid":{"rendered":"https:\/\/berninabrussels.be\/?post_type=product&#038;p=1779"},"modified":"2025-07-31T20:08:12","modified_gmt":"2025-07-31T18:08:12","slug":"pied-a-coudre-au-bord-droit","status":"publish","type":"product","link":"https:\/\/berninabrussels.be\/?product=pied-a-coudre-au-bord-droit","title":{"rendered":"Pied \u00e0 coudre au bord droit"},"content":{"rendered":"<p><b>Pied \u00e0 coudre au bord droit<\/b><\/p>\n<p><b>Cet article est disponible en ELCE ou SUISEI et vendu en 5 ou 8mm<\/b><\/p>\n<div>Avec sa large rainure, le pied pour tricots et mailles est l&rsquo;outil id\u00e9al pour piquer les tissus \u00e0 mailles. Gr\u00e2ce \u00e0 ses bords de hauteur diff\u00e9rente, l&rsquo;avancement des tissus dispos\u00e9s ensembles sur plusieurs \u00e9paisseurs et d&rsquo;une hauteur irr\u00e9guli\u00e8re ne pose aucun probl\u00e8me.<\/div>\n<div><\/div>\n<div>\nLe pied pour tricots et mailles est de plus particuli\u00e8rement appr\u00e9ci\u00e9 pour \u00e9laborer et appliquer des passepoils ainsi que pour coudre rapidement et avec pr\u00e9cision les paillettes et cordons. Vous pouvez ainsi r\u00e9aliser des d\u00e9corations et de ravissants appliqu\u00e9s sur vos v\u00eatements, vos ouvrages manuels et vos tissus d&rsquo;ameublement.<\/div>\n<div>\n<p>Pour la couture de tricots, tissus en mailles, cordons \u00e9pais, paillettes, la surpiq\u00fbre de fils de laine, fils, cordons, bandes de cuir, etc.<\/p><\/div>\n<div><\/div>\n<div>Le pied cod\u00e9 est \u00e9quip\u00e9 en plus d&rsquo;un espace guide ouvert pour la surpiq\u00fbre de fils.<\/div>\n<div><\/div>\n<div>Installez le pied ganseur \u00e0 passepoil simple pour confectionner et ins\u00e9rer avec rapidit\u00e9 et pr\u00e9cision le cordon passepoil dans vos ouvrages de tapisserie et de d\u00e9coration int\u00e9rieure. Que vous utilisiez un cordon passepoil du commerce ou que vous couvriez le cordon, ce pied-de-biche accessoire donne un r\u00e9sultat professionnel. Il fonctionne comme le pied passepoil mais il est con\u00e7u pour des cordons plus \u00e9pais.<\/div>\n","protected":false},"excerpt":{"rendered":"<div><b><span style=\"color: #ba213d; font-size: large;\">Pour fixer le cordon couvert dans une couture avec le pied ganseur \u00e0 passepoil simple<\/span><\/b><\/p>\n<p>1. Mettre le pied pour cordon passepoil simple. S\u00e9lectionner le point droit, position de l\u2019aiguille au centre, longueur de point 3.<\/p><\/div>\n<div>2.Poser le cordon recouvert sur l\u2019endroit du tissu le long de la ligne de couture. Le placer sous le pied pour cordon passepoil simple avec le cordon dans la rainure du pied. Fixer le cordon sur le tissu. Couper le rentr\u00e9 du cordon passepoil dans les angles et les courbes.<\/div>\n<div>3. Placer la seconde pi\u00e8ce de tissu sur la premi\u00e8re, endroit contre endroit. Placer le cordon passepoil entre les deux \u00e9paisseurs. Poser le cordon dans la rainure et piquer avec la premi\u00e8re ligne de point en haut. Ajuster la position de l\u2019aiguille l\u00e9g\u00e8rement vers la droite pour couvrir la premi\u00e8re couture.<\/div>\n<div><\/div>\n<div><b><span style=\"color: #ba213d;\">Cr\u00e9er un passepoil avec votre tissu :<\/span><\/b><\/div>\n<div>\n1. Posez le grand pied passepoil \u00e0 droite de l\u2019aiguille.<br \/>\n2. Coupez des bandes de tissu en biais ou en travers du droit-fil. Coupez des bandes de tissus assez larges pour couvrir le cordon, en tenant compte du surplus de couture.<br \/>\n3. Placez le cordon sur l\u2019envers de la bande de tissu et entourez-le avec le tissu.<br \/>\n4. Placez le tissu et le cordon sous le grand pied passepoil, en positionnant le cordon \u00e0 gauche du pied.<br \/>\n5. S\u00e9lectionnez un point droit pour la position d\u2019aiguille de gauche. Cousez.<br \/>\nAstuce : Lorsque vous cousez ce passepoil dans un ouvrage, ajustez la position de l\u2019aiguille de sorte que la deuxi\u00e8me rang\u00e9e de points se trouve \u00e0 une position d\u2019aiguille plus pr\u00e8s du cordon pour couvrir la premi\u00e8re couture.<\/div>\n<div><b><span style=\"color: #ba213d;\">Piquer un passepoil dans une couture :<br \/>\n<\/span><\/b><\/div>\n<div>1. Posez le grand pied passepoil \u00e0 droite de l\u2019aiguille.<br \/>\n2. Placez le passepoil le long de la ligne de couture sur l\u2019endroit du tissu et cousez en positionnant le passepoil \u00e0 gauche du pied.<br \/>\n3. Disposez le deuxi\u00e8me morceau de tissu par-dessus, endroit contre endroit.<br \/>\n4. Placez les \u00e9paisseurs de tissu et de passepoil sous le grand pied passepoil, en positionnant le cordon \u00e0 gauche du pied.<br \/>\n5. S\u00e9lectionnez un point droit pour la position d\u2019aiguille de gauche. Cousez.<br \/>\nAstuce : Faites une entaille sur le surplus de couture du passepoil au niveau des arrondis et des coins pour r\u00e9duire la masse et aplatir la couture.<\/div>\n<div><\/div>\n<div><b>Surpiq\u00fbre<\/b><br \/>\nPosez le grand pied passepoil \u00e0 gauche de l\u2019aiguille. Ouvrez la couture et pliez de sorte que le passepoil se trouve le long de la bordure du tissu. Repassez. Cousez une rang\u00e9e de surpiq\u00fbre \u00e0 gauche de la ligne de couture.<\/div>\n","protected":false},"featured_media":1784,"comment_status":"open","ping_status":"closed","template":"","meta":{"om_disable_all_campaigns":false,"_monsterinsights_skip_tracking":false,"_monsterinsights_sitenote_active":false,"_monsterinsights_sitenote_note":"","_monsterinsights_sitenote_category":0,"_uf_show_specific_survey":0,"_uf_disable_surveys":false},"product_brand":[],"product_cat":[211],"product_tag":[],"giftcard-category":[],"class_list":{"0":"post-1779","1":"product","2":"type-product","3":"status-publish","4":"has-post-thumbnail","6":"product_cat-pieds","8":"first","9":"instock","10":"shipping-taxable","11":"purchasable","12":"product-type-variable"},"aioseo_notices":[],"jetpack_sharing_enabled":true,"_links":{"self":[{"href":"https:\/\/berninabrussels.be\/index.php?rest_route=\/wp\/v2\/product\/1779","targetHints":{"allow":["GET"]}}],"collection":[{"href":"https:\/\/berninabrussels.be\/index.php?rest_route=\/wp\/v2\/product"}],"about":[{"href":"https:\/\/berninabrussels.be\/index.php?rest_route=\/wp\/v2\/types\/product"}],"replies":[{"embeddable":true,"href":"https:\/\/berninabrussels.be\/index.php?rest_route=%2Fwp%2Fv2%2Fcomments&post=1779"}],"wp:featuredmedia":[{"embeddable":true,"href":"https:\/\/berninabrussels.be\/index.php?rest_route=\/wp\/v2\/media\/1784"}],"wp:attachment":[{"href":"https:\/\/berninabrussels.be\/index.php?rest_route=%2Fwp%2Fv2%2Fmedia&parent=1779"}],"wp:term":[{"taxonomy":"product_brand","embeddable":true,"href":"https:\/\/berninabrussels.be\/index.php?rest_route=%2Fwp%2Fv2%2Fproduct_brand&post=1779"},{"taxonomy":"product_cat","embeddable":true,"href":"https:\/\/berninabrussels.be\/index.php?rest_route=%2Fwp%2Fv2%2Fproduct_cat&post=1779"},{"taxonomy":"product_tag","embeddable":true,"href":"https:\/\/berninabrussels.be\/index.php?rest_route=%2Fwp%2Fv2%2Fproduct_tag&post=1779"},{"taxonomy":"giftcard-category","embeddable":true,"href":"https:\/\/berninabrussels.be\/index.php?rest_route=%2Fwp%2Fv2%2Fgiftcard-category&post=1779"}],"curies":[{"name":"wp","href":"https:\/\/api.w.org\/{rel}","templated":true}]}}