{"id":1777,"date":"2023-05-10T17:38:22","date_gmt":"2023-05-10T15:38:22","guid":{"rendered":"https:\/\/berninabrussels.be\/?post_type=product&#038;p=1777"},"modified":"2023-05-10T17:38:22","modified_gmt":"2023-05-10T15:38:22","slug":"pied-fermeture-invisible-np163g","status":"publish","type":"product","link":"https:\/\/berninabrussels.be\/?product=pied-fermeture-invisible-np163g","title":{"rendered":"Pied fermeture invisible NP163G"},"content":{"rendered":"<p><b>Pied fermeture invisible NP163G\u00a0industrielle<\/b><\/p>\n<div>Le pied pour fermeture \u00e0 glissi\u00e8re est parfait pour poser des fermetures \u00e0 glissi\u00e8re invisibles sur les v\u00eatements. Ce pied est \u00e9galement d&rsquo;une fiabilit\u00e9 extr\u00eame quand il s&rsquo;agit de coudre des \u00e9l\u00e9ments de d\u00e9coration pour la maison ou des accessoires.<\/div>\n<div><\/div>\n<div>Deux rainures obliques op\u00e8rent comme des pattes de guidage et, compar\u00e9es \u00e0 d&rsquo;autres m\u00e9thodes de pose traditionnelles, facilitent grandement la t\u00e2che.<\/div>\n<div><\/div>\n<div>Les rainures du pied pour fermeture \u00e0 glissi\u00e8re sont situ\u00e9es sur sa partie inf\u00e9rieure. Elles lib\u00e8rent suffisamment de place pour faciliter le passage des dents de la fermeture \u00e0 glissi\u00e8re et permettre l&rsquo;entra\u00eenement et la piq\u00fbre du tissu.<\/div>\n<div>\n<div>Tr\u00e8s raffin\u00e9 sur les v\u00eatement \u00e9l\u00e9gants,la d\u00e9coration d&rsquo; int\u00e9rieur et les accessoires.<\/div>\n<div><\/div>\n<div>Installez le pied pour fermeture invisible pour piquer tr\u00e8s pr\u00e8s des dents de la glissi\u00e8re, boutons-pression, bandes pression, perles, etc. Ce pied peut \u00eatre install\u00e9 \u00e0 droite ou \u00e0 gauche de l\u2019aiguille et les rainures sous le pied \u00ab agrippent \u00bb les tissus sp\u00e9ciaux pour un excellent entra\u00eenement.<\/div>\n<\/div>\n","protected":false},"excerpt":{"rendered":"<p>Pied fermeture invisible NP163G\u00a0industrielle Le pied pour fermeture \u00e0 glissi\u00e8re est parfait pour poser des fermetures \u00e0 glissi\u00e8re invisibles sur les v\u00eatements. Ce pied est \u00e9galement d&rsquo;une fiabilit\u00e9 extr\u00eame quand il s&rsquo;agit de coudre des \u00e9l\u00e9ments de d\u00e9coration pour la maison ou des accessoires. Deux rainures obliques op\u00e8rent comme des pattes de guidage et, compar\u00e9es&hellip;<\/p>\n","protected":false},"featured_media":1778,"comment_status":"open","ping_status":"closed","template":"","meta":{"om_disable_all_campaigns":false,"_monsterinsights_skip_tracking":false,"_monsterinsights_sitenote_active":false,"_monsterinsights_sitenote_note":"","_monsterinsights_sitenote_category":0,"_uf_show_specific_survey":0,"_uf_disable_surveys":false},"product_brand":[],"product_cat":[211],"product_tag":[],"giftcard-category":[],"class_list":{"0":"post-1777","1":"product","2":"type-product","3":"status-publish","4":"has-post-thumbnail","6":"product_cat-pieds","8":"first","9":"instock","10":"shipping-taxable","11":"purchasable","12":"product-type-simple"},"aioseo_notices":[],"jetpack_sharing_enabled":true,"_links":{"self":[{"href":"https:\/\/berninabrussels.be\/index.php?rest_route=\/wp\/v2\/product\/1777","targetHints":{"allow":["GET"]}}],"collection":[{"href":"https:\/\/berninabrussels.be\/index.php?rest_route=\/wp\/v2\/product"}],"about":[{"href":"https:\/\/berninabrussels.be\/index.php?rest_route=\/wp\/v2\/types\/product"}],"replies":[{"embeddable":true,"href":"https:\/\/berninabrussels.be\/index.php?rest_route=%2Fwp%2Fv2%2Fcomments&post=1777"}],"wp:featuredmedia":[{"embeddable":true,"href":"https:\/\/berninabrussels.be\/index.php?rest_route=\/wp\/v2\/media\/1778"}],"wp:attachment":[{"href":"https:\/\/berninabrussels.be\/index.php?rest_route=%2Fwp%2Fv2%2Fmedia&parent=1777"}],"wp:term":[{"taxonomy":"product_brand","embeddable":true,"href":"https:\/\/berninabrussels.be\/index.php?rest_route=%2Fwp%2Fv2%2Fproduct_brand&post=1777"},{"taxonomy":"product_cat","embeddable":true,"href":"https:\/\/berninabrussels.be\/index.php?rest_route=%2Fwp%2Fv2%2Fproduct_cat&post=1777"},{"taxonomy":"product_tag","embeddable":true,"href":"https:\/\/berninabrussels.be\/index.php?rest_route=%2Fwp%2Fv2%2Fproduct_tag&post=1777"},{"taxonomy":"giftcard-category","embeddable":true,"href":"https:\/\/berninabrussels.be\/index.php?rest_route=%2Fwp%2Fv2%2Fgiftcard-category&post=1777"}],"curies":[{"name":"wp","href":"https:\/\/api.w.org\/{rel}","templated":true}]}}