{"id":1744,"date":"2023-05-10T17:24:21","date_gmt":"2023-05-10T15:24:21","guid":{"rendered":"https:\/\/berninabrussels.be\/?post_type=product&#038;p=1744"},"modified":"2025-05-26T11:53:43","modified_gmt":"2025-05-26T09:53:43","slug":"semelle-pied-anti-adherent-teflon-gauche","status":"publish","type":"product","link":"https:\/\/berninabrussels.be\/?product=semelle-pied-anti-adherent-teflon-gauche","title":{"rendered":"Semelle pied anti-adh\u00e9rent t\u00e9flon gauche"},"content":{"rendered":"<p><b><u>Semelle ST36LNB<\/u>\u00a0pied anti-adh\u00e9rents, t\u00e9flon gauche<\/b><\/p>\n<div><span style=\"color: black; font-size: small;\">Le pied pour point droit est parfait pour coudre des points droits. La semelle large est particuli\u00e8rement adapt\u00e9e aux tissus \u00e9pais. Elle permet de compresser la couture ou l&rsquo;ourlet, emp\u00eachant ainsi la formation de fronces. Le r\u00e9sultat : des coutures nettes et r\u00e9guli\u00e8res.<\/span><\/div>\n<div><\/div>\n<div><span style=\"color: black; font-size: small;\">Le pied pour point droit est \u00e9galement adapt\u00e9 pour la couture sur des tissus fins. Il maintient ceux-ci bien \u00e0 plat et ne les d\u00e9chire pas.<\/span><\/div>\n<div><\/div>\n<div><span style=\"color: black; font-size: small;\">Le pied pour point droit est en outre \u00e9quip\u00e9 de deux pattes de largeur diff\u00e9rentes. Il dispose donc de deux lignes de rep\u00e8re distinctes correspondant \u00e0 des marges de couture diff\u00e9rentes.<\/span><\/div>\n","protected":false},"excerpt":{"rendered":"<p>Semelle ST36LNB\u00a0pied anti-adh\u00e9rents, t\u00e9flon gauche Le pied pour point droit est parfait pour coudre des points droits. La semelle large est particuli\u00e8rement adapt\u00e9e aux tissus \u00e9pais. Elle permet de compresser la couture ou l&rsquo;ourlet, emp\u00eachant ainsi la formation de fronces. Le r\u00e9sultat : des coutures nettes et r\u00e9guli\u00e8res. Le pied pour point droit est \u00e9galement&hellip;<\/p>\n","protected":false},"featured_media":1745,"comment_status":"open","ping_status":"closed","template":"","meta":{"om_disable_all_campaigns":false,"_monsterinsights_skip_tracking":false,"_monsterinsights_sitenote_active":false,"_monsterinsights_sitenote_note":"","_monsterinsights_sitenote_category":0,"_uf_show_specific_survey":0,"_uf_disable_surveys":false},"product_brand":[],"product_cat":[211],"product_tag":[],"giftcard-category":[],"class_list":{"0":"post-1744","1":"product","2":"type-product","3":"status-publish","4":"has-post-thumbnail","6":"product_cat-pieds","8":"first","9":"instock","10":"shipping-taxable","11":"purchasable","12":"product-type-simple"},"aioseo_notices":[],"jetpack_sharing_enabled":true,"_links":{"self":[{"href":"https:\/\/berninabrussels.be\/index.php?rest_route=\/wp\/v2\/product\/1744","targetHints":{"allow":["GET"]}}],"collection":[{"href":"https:\/\/berninabrussels.be\/index.php?rest_route=\/wp\/v2\/product"}],"about":[{"href":"https:\/\/berninabrussels.be\/index.php?rest_route=\/wp\/v2\/types\/product"}],"replies":[{"embeddable":true,"href":"https:\/\/berninabrussels.be\/index.php?rest_route=%2Fwp%2Fv2%2Fcomments&post=1744"}],"wp:featuredmedia":[{"embeddable":true,"href":"https:\/\/berninabrussels.be\/index.php?rest_route=\/wp\/v2\/media\/1745"}],"wp:attachment":[{"href":"https:\/\/berninabrussels.be\/index.php?rest_route=%2Fwp%2Fv2%2Fmedia&parent=1744"}],"wp:term":[{"taxonomy":"product_brand","embeddable":true,"href":"https:\/\/berninabrussels.be\/index.php?rest_route=%2Fwp%2Fv2%2Fproduct_brand&post=1744"},{"taxonomy":"product_cat","embeddable":true,"href":"https:\/\/berninabrussels.be\/index.php?rest_route=%2Fwp%2Fv2%2Fproduct_cat&post=1744"},{"taxonomy":"product_tag","embeddable":true,"href":"https:\/\/berninabrussels.be\/index.php?rest_route=%2Fwp%2Fv2%2Fproduct_tag&post=1744"},{"taxonomy":"giftcard-category","embeddable":true,"href":"https:\/\/berninabrussels.be\/index.php?rest_route=%2Fwp%2Fv2%2Fgiftcard-category&post=1744"}],"curies":[{"name":"wp","href":"https:\/\/api.w.org\/{rel}","templated":true}]}}