{"id":1735,"date":"2023-05-10T17:21:19","date_gmt":"2023-05-10T15:21:19","guid":{"rendered":"https:\/\/berninabrussels.be\/?post_type=product&#038;p=1735"},"modified":"2023-05-10T17:21:20","modified_gmt":"2023-05-10T15:21:20","slug":"pied-ourleur-plat-zigzag-3mm","status":"publish","type":"product","link":"https:\/\/berninabrussels.be\/?product=pied-ourleur-plat-zigzag-3mm","title":{"rendered":"Pied ourleur plat zigzag 3mm"},"content":{"rendered":"<h1 id=\"h1item\">Pied ourleur plat zigzag 3mm<\/h1>\n<div>L&rsquo;ourleur pour le point zigzag,\u00a03 mm est un outil pratique permettant d&rsquo;ex\u00e9cuter simultan\u00e9ment plusieurs op\u00e9rations de couture.<\/div>\n<div><\/div>\n<div>Ce pied est particuli\u00e8rement adapt\u00e9 pour les tissus d\u00e9licats. L&rsquo;ourleur dirige le tissu vers l&rsquo;ergot qui se charge de le replier deux fois. Cette op\u00e9ration permet d&rsquo;\u00e9viter un effilochage ult\u00e9rieur du tissu.<\/div>\n<div><\/div>\n<div>Le guide maintient l&rsquo;ourlet ainsi form\u00e9 et l&rsquo;entra\u00eene vers la zone de piq\u00fbre. Le bord du tissu est cousu avec un point zigzag pour former un ourlet \u00e9troit et solide qui peut ensuite \u00eatre facilement entra\u00een\u00e9 derri\u00e8re le pied.<\/div>\n<div>\nLe tissu est repli\u00e9 pendant la couture et cousu au point droit. Un ourlet roul\u00e9 est ainsi cr\u00e9\u00e9. ce pied est pour les tissus fins.<\/div>\n<div>\nPour r\u00e9aliser un ourlet roul\u00e9 dans les tissus d\u00e9licats et tr\u00e8s fins tels que v\u00eatements du soir, lingerie, foulards&#8230;<\/div>\n","protected":false},"excerpt":{"rendered":"<p>Pied ourleur plat zigzag 3mm L&rsquo;ourleur pour le point zigzag,\u00a03 mm est un outil pratique permettant d&rsquo;ex\u00e9cuter simultan\u00e9ment plusieurs op\u00e9rations de couture. Ce pied est particuli\u00e8rement adapt\u00e9 pour les tissus d\u00e9licats. L&rsquo;ourleur dirige le tissu vers l&rsquo;ergot qui se charge de le replier deux fois. Cette op\u00e9ration permet d&rsquo;\u00e9viter un effilochage ult\u00e9rieur du tissu. Le&hellip;<\/p>\n","protected":false},"featured_media":1738,"comment_status":"open","ping_status":"closed","template":"","meta":{"om_disable_all_campaigns":false,"_monsterinsights_skip_tracking":false,"_monsterinsights_sitenote_active":false,"_monsterinsights_sitenote_note":"","_monsterinsights_sitenote_category":0,"_uf_show_specific_survey":0,"_uf_disable_surveys":false},"product_brand":[],"product_cat":[211],"product_tag":[],"giftcard-category":[],"class_list":{"0":"post-1735","1":"product","2":"type-product","3":"status-publish","4":"has-post-thumbnail","6":"product_cat-pieds","8":"first","9":"instock","10":"sale","11":"shipping-taxable","12":"purchasable","13":"product-type-simple"},"aioseo_notices":[],"jetpack_sharing_enabled":true,"_links":{"self":[{"href":"https:\/\/berninabrussels.be\/index.php?rest_route=\/wp\/v2\/product\/1735","targetHints":{"allow":["GET"]}}],"collection":[{"href":"https:\/\/berninabrussels.be\/index.php?rest_route=\/wp\/v2\/product"}],"about":[{"href":"https:\/\/berninabrussels.be\/index.php?rest_route=\/wp\/v2\/types\/product"}],"replies":[{"embeddable":true,"href":"https:\/\/berninabrussels.be\/index.php?rest_route=%2Fwp%2Fv2%2Fcomments&post=1735"}],"wp:featuredmedia":[{"embeddable":true,"href":"https:\/\/berninabrussels.be\/index.php?rest_route=\/wp\/v2\/media\/1738"}],"wp:attachment":[{"href":"https:\/\/berninabrussels.be\/index.php?rest_route=%2Fwp%2Fv2%2Fmedia&parent=1735"}],"wp:term":[{"taxonomy":"product_brand","embeddable":true,"href":"https:\/\/berninabrussels.be\/index.php?rest_route=%2Fwp%2Fv2%2Fproduct_brand&post=1735"},{"taxonomy":"product_cat","embeddable":true,"href":"https:\/\/berninabrussels.be\/index.php?rest_route=%2Fwp%2Fv2%2Fproduct_cat&post=1735"},{"taxonomy":"product_tag","embeddable":true,"href":"https:\/\/berninabrussels.be\/index.php?rest_route=%2Fwp%2Fv2%2Fproduct_tag&post=1735"},{"taxonomy":"giftcard-category","embeddable":true,"href":"https:\/\/berninabrussels.be\/index.php?rest_route=%2Fwp%2Fv2%2Fgiftcard-category&post=1735"}],"curies":[{"name":"wp","href":"https:\/\/api.w.org\/{rel}","templated":true}]}}