{"id":170,"date":"2023-05-05T18:04:34","date_gmt":"2023-05-05T16:04:34","guid":{"rendered":"https:\/\/berninabrussels.be\/?post_type=product&#038;p=170"},"modified":"2025-11-29T17:01:34","modified_gmt":"2025-11-29T16:01:34","slug":"machine-a-coudre-bernette-b35","status":"publish","type":"product","link":"https:\/\/berninabrussels.be\/?product=machine-a-coudre-bernette-b35","title":{"rendered":"MACHINE \u00c0 COUDRE BERNETTE B35"},"content":{"rendered":"<div id=\"caracteristiques-principales\" class=\"avia-section av-rqh0o-75bf80bcee53d3b00e18e6edfea9e012 main_color avia-section-default avia-no-border-styling  avia-builder-el-9  el_after_av_submenu  el_before_av_section  avia-bg-style-scroll container_wrap fullsize\">\n<div class=\"av-section-color-overlay-wrap\">\n<div class=\"container av-section-cont-open\">\n<div class=\"template-page content  av-content-full alpha units\">\n<div class=\"post-entry post-entry-type-page post-entry-1830\">\n<div class=\"entry-content-wrapper clearfix\">\n<section class=\"av_textblock_section av-k52qlvux-080fb8d4f7bdc705e0188cf1aea21b12 \">\n<div class=\"avia_textblock\">\n<p>La bernette 35 est une machine \u00e0 coudre m\u00e9canique sans boutons de commande informatis\u00e9s. Le r\u00e9glage de la largeur, de la longueur et du motif de point s\u2019effectue tr\u00e8s facilement \u00e0 l\u2019aide des trois boutons . La tension peut \u00eatre r\u00e9gl\u00e9e pendant la couture \u00e0 l\u2019aide du volant facile d\u2019acc\u00e8s. La bernette 35 a une fonction boutonni\u00e8re automatique en 1 \u00e9tape facile et simple \u00e0 utiliser. Avec un total de 23 points, dont des points utilitaires et des points d\u00e9coratifs, tu pourras laisser libre cours \u00e0 ta cr\u00e9ativit\u00e9 et obtenir une qualit\u00e9 de point exceptionnelle.<\/p>\n<\/div>\n<\/section>\n<div class=\"flex_column av-fozb4-c9eaae517c8f8a30d5474fd634d1daf4 av_one_third  avia-builder-el-11  el_after_av_textblock  el_before_av_one_third  first flex_column_div av-zero-column-padding  column-top-margin\">\n<div class=\"avia-image-container av-jw715hk2-162d45b45e70953ea1fe5c534a5f9141 av-styling- av-img-linked avia-align-center  avia-builder-el-12  el_before_av_heading  avia-builder-el-first \">\n<div class=\"avia-image-container-inner\">\n<div class=\"avia-image-overlay-wrap\"><a class=\"avia_image lightbox-added\" href=\"https:\/\/i0.wp.com\/rkmachinerepairs.be\/wp-content\/uploads\/2020\/01\/bernette35-img1.jpg?ssl=1\" data-srcset=\"https:\/\/rkmachinerepairs.be\/wp-content\/uploads\/2020\/01\/bernette35-img1.jpg 600w, https:\/\/rkmachinerepairs.be\/wp-content\/uploads\/2020\/01\/bernette35-img1-300x240.jpg 300w\" data-sizes=\"(max-width: 600px) 100vw, 600px\" aria-label=\"bernette 35\"><img data-recalc-dims=\"1\" fetchpriority=\"high\" decoding=\"async\" class=\"wp-image-1833 avia-img-lazy-loading-not-1833 avia_image \" title=\"bernette 35\" src=\"https:\/\/i0.wp.com\/rkmachinerepairs.be\/wp-content\/uploads\/2020\/01\/bernette35-img1.jpg?resize=600%2C480&#038;ssl=1\" sizes=\"(max-width: 600px) 100vw, 600px\" srcset=\"https:\/\/rkmachinerepairs.be\/wp-content\/uploads\/2020\/01\/bernette35-img1.jpg 600w, https:\/\/rkmachinerepairs.be\/wp-content\/uploads\/2020\/01\/bernette35-img1-300x240.jpg 300w\" alt=\"bernette 35\" width=\"600\" height=\"480\" \/><\/a><\/div>\n<\/div>\n<\/div>\n<div class=\"av-special-heading av-k55kstjf-45980cec316b52e4468ed55d24e0bf5d av-special-heading-h4 custom-color-heading blockquote modern-quote  avia-builder-el-13  el_after_av_image  el_before_av_textblock  av-inherit-size\">\n<h4 class=\"av-special-heading-tag \">Boutonni\u00e8re automatique \u2013 Coudre des boutonni\u00e8res d\u2019une qualit\u00e9 professionnelle vite et facilement<\/h4>\n<\/div>\n<section class=\"av_textblock_section av-jw6zaub9-976f6bf3a8af9f0d8b52b7ae029b7655 \">\n<div class=\"avia_textblock\">\n<p>Avec la bernette 35, inclure des boutonni\u00e8res dans ton ouvrage de couture n\u2019aura jamais \u00e9t\u00e9 aussi simple. Tu n\u2019auras pas besoin de remonter l\u2019aiguille ou changer les param\u00e8tres de la machine. Ta machine \u00e0 coudre ex\u00e9cutera les quatre \u00e9tapes de la boutonni\u00e8re automatiquement.<\/p>\n<\/div>\n<\/section>\n<\/div>\n<div class=\"flex_column av-io3sg-de9e34b6036371647645e572c6736e03 av_one_third  avia-builder-el-15  el_after_av_one_third  el_before_av_one_third  flex_column_div av-zero-column-padding  column-top-margin\">\n<div class=\"avia-image-container av-jw715hk2-c83d5ae73bccaf9984d5a62b58199325 av-styling- av-img-linked avia-align-center  avia-builder-el-16  el_before_av_heading  avia-builder-el-first \">\n<div class=\"avia-image-container-inner\">\n<div class=\"avia-image-overlay-wrap\"><a class=\"avia_image lightbox-added\" href=\"https:\/\/i0.wp.com\/rkmachinerepairs.be\/wp-content\/uploads\/2020\/01\/bernette35-img2.jpg?ssl=1\" data-srcset=\"https:\/\/rkmachinerepairs.be\/wp-content\/uploads\/2020\/01\/bernette35-img2.jpg 600w, https:\/\/rkmachinerepairs.be\/wp-content\/uploads\/2020\/01\/bernette35-img2-300x240.jpg 300w\" data-sizes=\"(max-width: 600px) 100vw, 600px\" aria-label=\"bernette 35\"><img data-recalc-dims=\"1\" decoding=\"async\" class=\"wp-image-1834 avia-img-lazy-loading-not-1834 avia_image \" title=\"bernette 35\" src=\"https:\/\/i0.wp.com\/rkmachinerepairs.be\/wp-content\/uploads\/2020\/01\/bernette35-img2.jpg?resize=600%2C480&#038;ssl=1\" sizes=\"(max-width: 600px) 100vw, 600px\" srcset=\"https:\/\/rkmachinerepairs.be\/wp-content\/uploads\/2020\/01\/bernette35-img2.jpg 600w, https:\/\/rkmachinerepairs.be\/wp-content\/uploads\/2020\/01\/bernette35-img2-300x240.jpg 300w\" alt=\"bernette 35\" width=\"600\" height=\"480\" \/><\/a><\/div>\n<\/div>\n<\/div>\n<div class=\"av-special-heading av-k55kthqc-5f2d205cc22509bb0233b11cad3bfc9a av-special-heading-h4 custom-color-heading blockquote modern-quote  avia-builder-el-17  el_after_av_image  el_before_av_textblock  av-inherit-size\">\n<h4 class=\"av-special-heading-tag \">De nombreux extras \u2013 Pour rendre la couture encore plus agr\u00e9able<\/h4>\n<\/div>\n<section class=\"av_textblock_section av-jw6zaub9-976f6bf3a8af9f0d8b52b7ae029b7655 \">\n<div class=\"avia_textblock\">\n<div class=\"r-text-block\">\n<p>En plus de la fonction boutonni\u00e8re en 1 \u00e9tape et des 23 points utilitaires et d\u00e9coratifs, la bernette 35 poss\u00e8de \u00e9galement un enfile-aiguille manuel et un coupe-fil manuel. Ces fonctionnalit\u00e9s rendent la couture plus rapide et plus efficace. La bo\u00eete d\u2019accessoires de ta bernette 35 offre un vaste espace pour les accessoires de couture, par ex. les canettes, les pinceaux pour nettoyer, les pieds-de-biche et les fils.<\/p>\n<\/div>\n<\/div>\n<\/section>\n<\/div>\n<div class=\"flex_column av-73jnc-a6a1a9d16abd328463e5713555f79710 av_one_third  avia-builder-el-19  el_after_av_one_third  el_before_av_one_third  flex_column_div av-zero-column-padding  column-top-margin\">\n<div class=\"avia-image-container av-jw715hk2-e4c16a586dff2d36cb1ad4572529e12f av-styling- av-img-linked avia-align-center  avia-builder-el-20  el_before_av_heading  avia-builder-el-first \">\n<div class=\"avia-image-container-inner\">\n<div class=\"avia-image-overlay-wrap\"><a class=\"avia_image lightbox-added\" href=\"https:\/\/i0.wp.com\/rkmachinerepairs.be\/wp-content\/uploads\/2020\/01\/bernette35-img3.jpg?ssl=1\" data-srcset=\"https:\/\/rkmachinerepairs.be\/wp-content\/uploads\/2020\/01\/bernette35-img3.jpg 600w, https:\/\/rkmachinerepairs.be\/wp-content\/uploads\/2020\/01\/bernette35-img3-300x240.jpg 300w\" data-sizes=\"(max-width: 600px) 100vw, 600px\" aria-label=\"bernette 35\"><img data-recalc-dims=\"1\" decoding=\"async\" class=\"wp-image-1835 avia-img-lazy-loading-not-1835 avia_image \" title=\"bernette 35\" src=\"https:\/\/i0.wp.com\/rkmachinerepairs.be\/wp-content\/uploads\/2020\/01\/bernette35-img3.jpg?resize=600%2C480&#038;ssl=1\" sizes=\"(max-width: 600px) 100vw, 600px\" srcset=\"https:\/\/rkmachinerepairs.be\/wp-content\/uploads\/2020\/01\/bernette35-img3.jpg 600w, https:\/\/rkmachinerepairs.be\/wp-content\/uploads\/2020\/01\/bernette35-img3-300x240.jpg 300w\" alt=\"bernette 35\" width=\"600\" height=\"480\" \/><\/a><\/div>\n<\/div>\n<\/div>\n<div class=\"av-special-heading av-k55ku4tk-2b046fb00a40e8c6ede588b7aadfdd1a av-special-heading-h4 custom-color-heading blockquote modern-quote  avia-builder-el-21  el_after_av_image  el_before_av_textblock  av-inherit-size\">\n<h4 class=\"av-special-heading-tag \">Sept pieds-de-biche (semelles) inclus \u2013 Un pied-de-biche adapt\u00e9 en toutes situations<\/h4>\n<\/div>\n<section class=\"av_textblock_section av-jw6zaub9-976f6bf3a8af9f0d8b52b7ae029b7655 \">\n<div class=\"avia_textblock\">\n<p>Sept semelles pour pieds-de-biche et une tige solide sont livr\u00e9s avec ta bernette 35. Tu peux s\u00e9lectionner le pied appropri\u00e9 selon le type d\u2019ouvrage que tu veux confectionner. Par exemple, tu peux choisir le pied pour point zigzag pour ex\u00e9cuter des points zigzag, le pied pour point satin pour tes points satin et le pied pour boutonni\u00e8re pour coudre des boutonni\u00e8res. Avec un pied adapt\u00e9, tu peux r\u00e9aliser tes ouvrages de couture rapidement et b\u00e9n\u00e9ficier d\u2019une qualit\u00e9 exceptionnelle de point.<\/p>\n<\/div>\n<\/section>\n<\/div>\n<div class=\"flex_column av-73jnc-2a58d07484d1cd5b0f63c11dad643e85 av_one_third  avia-builder-el-23  el_after_av_one_third  avia-builder-el-last  first flex_column_div av-zero-column-padding  column-top-margin\">\n<div class=\"avia-image-container av-jw715hk2-76ce1ae40c821020d4d08c6ac3cd2b56 av-styling- av-img-linked avia-align-center  avia-builder-el-24  el_before_av_heading  avia-builder-el-first \">\n<div class=\"avia-image-container-inner\">\n<div class=\"avia-image-overlay-wrap\"><a class=\"avia_image lightbox-added\" href=\"https:\/\/i0.wp.com\/rkmachinerepairs.be\/wp-content\/uploads\/2020\/01\/bernette35-img4.jpg?ssl=1\" data-srcset=\"https:\/\/rkmachinerepairs.be\/wp-content\/uploads\/2020\/01\/bernette35-img4.jpg 600w, https:\/\/rkmachinerepairs.be\/wp-content\/uploads\/2020\/01\/bernette35-img4-300x240.jpg 300w\" data-sizes=\"(max-width: 600px) 100vw, 600px\" aria-label=\"bernette 35\"><img data-recalc-dims=\"1\" loading=\"lazy\" decoding=\"async\" class=\"wp-image-1836 avia-img-lazy-loading-not-1836 avia_image \" title=\"bernette 35\" src=\"https:\/\/i0.wp.com\/rkmachinerepairs.be\/wp-content\/uploads\/2020\/01\/bernette35-img4.jpg?resize=600%2C480&#038;ssl=1\" sizes=\"(max-width: 600px) 100vw, 600px\" srcset=\"https:\/\/rkmachinerepairs.be\/wp-content\/uploads\/2020\/01\/bernette35-img4.jpg 600w, https:\/\/rkmachinerepairs.be\/wp-content\/uploads\/2020\/01\/bernette35-img4-300x240.jpg 300w\" alt=\"bernette 35\" width=\"600\" height=\"480\" \/><\/a><\/div>\n<\/div>\n<\/div>\n<div class=\"av-special-heading av-k55kx1c4-c99026ad9bc038bfd0483839c7aad719 av-special-heading-h4 custom-color-heading blockquote modern-quote  avia-builder-el-25  el_after_av_image  el_before_av_textblock  av-inherit-size\">\n<h4 class=\"av-special-heading-tag \">Le levier du pied-de-biche \u00e0 deux niveaux \u2013 Pour coudre plusieurs \u00e9paisseurs de tissu<\/h4>\n<\/div>\n<section class=\"av_textblock_section av-jw6zaub9-976f6bf3a8af9f0d8b52b7ae029b7655 \">\n<div class=\"avia_textblock\">\n<p>Le levier du pied-de-biche \u00e0 deux niveaux permet la couture d\u2019\u00e9paisseurs multiples de tissu. Cette fonctionnalit\u00e9 est particuli\u00e8rement bienvenue lorsqu\u2019il s\u2019agit de coudre dans des tissus rembourr\u00e9s ou \u00e9pais ou dans plusieurs \u00e9paisseurs de denim. La puissance \u00e9lev\u00e9e de p\u00e9n\u00e9tration de la bernette 35 te permet de travailler sur une vaste gamme de mati\u00e8res, des tissus d\u00e9licats aux \u00e9toffes plus lourdes.<\/p>\n<\/div>\n<\/section>\n<\/div>\n<\/div>\n<\/div>\n<\/div>\n<\/div>\n<\/div>\n<\/div>\n<div id=\"av_section_2\" class=\"avia-section av-k52ugezx-6734bfd4f4a6ed89ea5e660514133e68 main_color avia-section-small avia-no-border-styling  avia-builder-el-27  el_after_av_section  el_before_av_layout_row  avia-bg-style-scroll av-minimum-height av-minimum-height-custom av-height-custom  container_wrap fullsize\" data-av_minimum_height_px=\"50\">\n<div class=\"container av-section-cont-open\">\n<div class=\"template-page content  av-content-full alpha units\">\n<div class=\"post-entry post-entry-type-page post-entry-1830\">\n<div class=\"entry-content-wrapper clearfix\"><\/div>\n<\/div>\n<\/div>\n<\/div>\n<\/div>\n<div id=\"caracteristiques-kit-livre\" class=\"av-layout-grid-container av-2a0hy7-51030ae6390cbf7ace1fffdec2f0588b entry-content-wrapper main_color av-flex-cells  avia-builder-el-28  el_after_av_section  el_before_av_section  grid-row-not-first  container_wrap fullsize\">\n<div class=\"flex_cell av-k52tv4iw-68b47d3cb18b723160f53a220bd89185 av-gridrow-cell av_one_half no_margin  avia-builder-el-29  el_before_av_cell_one_half  avia-builder-el-first  content-align-middle\">\n<div class=\"flex_cell_inner\">\n<div class=\"av-special-heading av-dms2sm-6ee7880e32dba5426bed6ef3beddd790 av-special-heading-h4 custom-color-heading blockquote modern-quote  avia-builder-el-30  el_before_av_textblock  avia-builder-el-first \">\n<h4 class=\"av-special-heading-tag \">Caract\u00e9ristiques<\/h4>\n<\/div>\n<section class=\"av_textblock_section av-k52t43sz-407ac580828d88a7e516a0a4c9694ebc \">\n<div class=\"avia_textblock\">\n<table class=\"features\">\n<tbody>\n<tr>\n<th scope=\"row\">Largeur de point<\/th>\n<td>5 mm<\/td>\n<\/tr>\n<tr>\n<th scope=\"row\">Syst\u00e8me de crochet<\/th>\n<td>CB<\/td>\n<\/tr>\n<tr>\n<th scope=\"row\">Boutonni\u00e8re en<\/th>\n<td>1 \u00e9tape<\/td>\n<\/tr>\n<tr>\n<th scope=\"row\">Points utilitaires<\/th>\n<td>14<\/td>\n<\/tr>\n<tr>\n<th scope=\"row\">Motifs de point<\/th>\n<td>23<\/td>\n<\/tr>\n<tr>\n<th scope=\"row\">Longueur du bras libre<\/th>\n<td>170 mm<\/td>\n<\/tr>\n<tr>\n<th scope=\"row\">Vitesse de couture (points\/minute)<\/th>\n<td>860<\/td>\n<\/tr>\n<\/tbody>\n<\/table>\n<\/div>\n<\/section>\n<\/div>\n<\/div>\n<div class=\"flex_cell av-k52ts5nv-a69bf11d2e32e2b0b885982660c64c14 av-gridrow-cell av_one_half no_margin  avia-builder-el-32  el_after_av_cell_one_half  avia-builder-el-last  content-align-top\">\n<div class=\"flex_cell_inner\">\n<div class=\"av-special-heading av-c9lvxy-3aaa675fe85955eb145c14b56ea4de22 av-special-heading-h4 custom-color-heading blockquote modern-quote  avia-builder-el-33  el_before_av_textblock  avia-builder-el-first \"><\/div>\n<section class=\"av_textblock_section av-k52t43sz-407ac580828d88a7e516a0a4c9694ebc \">\n<div class=\"avia_textblock\">\n<ul>\n<li><\/li>\n<\/ul>\n<\/div>\n<\/section>\n<div class=\"av-special-heading av-k55l15xr-1f1d7f6ebd56b719ad2b5905fcad5b4b av-special-heading-h4 custom-color-heading blockquote modern-quote  avia-builder-el-35  el_after_av_textblock  el_before_av_image \">\n<h4 class=\"av-special-heading-tag \">Combinaisons de points 35<\/h4>\n<\/div>\n<div class=\"avia-image-container av-k54hlzz6-dc3bf743b59ce2c4d08f5e655782b476 av-styling- av-hover-grow av-img-linked avia-align-center  avia-builder-el-36  el_after_av_heading  avia-builder-el-last \">\n<div class=\"avia-image-container-inner\">\n<div class=\"avia-image-overlay-wrap\"><a class=\"avia_image lightbox-added\" href=\"https:\/\/i0.wp.com\/rkmachinerepairs.be\/wp-content\/uploads\/2020\/01\/bernette-35-StitchPattern-4950-1030x256.png?ssl=1\" data-srcset=\"https:\/\/rkmachinerepairs.be\/wp-content\/uploads\/2020\/01\/bernette-35-StitchPattern-4950-1030x256.png 1030w, https:\/\/rkmachinerepairs.be\/wp-content\/uploads\/2020\/01\/bernette-35-StitchPattern-4950-300x75.png 300w, https:\/\/rkmachinerepairs.be\/wp-content\/uploads\/2020\/01\/bernette-35-StitchPattern-4950-768x191.png 768w, https:\/\/rkmachinerepairs.be\/wp-content\/uploads\/2020\/01\/bernette-35-StitchPattern-4950-705x175.png 705w, https:\/\/rkmachinerepairs.be\/wp-content\/uploads\/2020\/01\/bernette-35-StitchPattern-4950-600x149.png 600w, https:\/\/rkmachinerepairs.be\/wp-content\/uploads\/2020\/01\/bernette-35-StitchPattern-4950.png 1200w\" data-sizes=\"(max-width: 1030px) 100vw, 1030px\" aria-label=\"bernette-35-StitchPattern-4950\"><img data-recalc-dims=\"1\" loading=\"lazy\" decoding=\"async\" class=\"wp-image-1837 avia-img-lazy-loading-not-1837 avia_image \" title=\"bernette-35-StitchPattern-4950\" src=\"https:\/\/i0.wp.com\/rkmachinerepairs.be\/wp-content\/uploads\/2020\/01\/bernette-35-StitchPattern-4950.png?resize=1140%2C283&#038;ssl=1\" sizes=\"(max-width: 1200px) 100vw, 1200px\" srcset=\"https:\/\/rkmachinerepairs.be\/wp-content\/uploads\/2020\/01\/bernette-35-StitchPattern-4950.png 1200w, https:\/\/rkmachinerepairs.be\/wp-content\/uploads\/2020\/01\/bernette-35-StitchPattern-4950-300x75.png 300w, https:\/\/rkmachinerepairs.be\/wp-content\/uploads\/2020\/01\/bernette-35-StitchPattern-4950-1030x256.png 1030w, https:\/\/rkmachinerepairs.be\/wp-content\/uploads\/2020\/01\/bernette-35-StitchPattern-4950-768x191.png 768w, https:\/\/rkmachinerepairs.be\/wp-content\/uploads\/2020\/01\/bernette-35-StitchPattern-4950-705x175.png 705w, https:\/\/rkmachinerepairs.be\/wp-content\/uploads\/2020\/01\/bernette-35-StitchPattern-4950-600x149.png 600w\" alt=\"bernette-35-StitchPattern-\" width=\"1140\" height=\"283\" \/><\/a><\/div>\n<\/div>\n<\/div>\n<\/div>\n<\/div>\n<\/div>\n<div id=\"av_section_3\" class=\"avia-section av-k52ugezx-6734bfd4f4a6ed89ea5e660514133e68 main_color avia-section-small avia-no-border-styling  avia-builder-el-37  el_after_av_layout_row  el_before_av_section  avia-bg-style-scroll av-minimum-height av-minimum-height-custom av-height-custom  container_wrap fullsize\" data-av_minimum_height_px=\"50\">\n<div class=\"container av-section-cont-open\">\n<div class=\"template-page content  av-content-full alpha units\">\n<div class=\"post-entry post-entry-type-page post-entry-1830\">\n<div class=\"entry-content-wrapper clearfix\"><\/div>\n<\/div>\n<\/div>\n<\/div>\n<\/div>\n<div id=\"accessoires\" class=\"avia-section av-k52v2gv8-4c6b8710c47c91a89a9a7d999c5488fc main_color avia-section-small avia-no-border-styling  avia-builder-el-38  el_after_av_section  el_before_av_section  avia-bg-style-scroll container_wrap fullsize\">\n<div class=\"av-section-color-overlay-wrap\">\n<div class=\"container av-section-cont-open\">\n<div class=\"template-page content  av-content-full alpha units\">\n<div class=\"post-entry post-entry-type-page post-entry-1830\">\n<div class=\"entry-content-wrapper clearfix\">\n<div class=\"av-special-heading av-axys46-b54b5e307ccf60fa95b8e73983379bc7 av-special-heading-h2 custom-color-heading blockquote modern-quote  avia-builder-el-39  el_before_av_content_slider  avia-builder-el-first \"><\/div>\n<\/div>\n<\/div>\n<\/div>\n<\/div>\n<\/div>\n<\/div>\n<div id=\"telechargements\" class=\"avia-section av-jw7znjrn-a24f1378ae50bf6d10559c990f217bd0 main_color avia-section-default avia-no-border-styling  avia-builder-el-41  el_after_av_section  avia-builder-el-last  avia-bg-style-scroll container_wrap fullsize\">\n<div class=\"container av-section-cont-open\">\n<div class=\"template-page content  av-content-full alpha units\">\n<div class=\"post-entry post-entry-type-page post-entry-1830\">\n<div class=\"entry-content-wrapper clearfix\">\n<div class=\"flex_column av-p7g0g-17b4265c0b19a8c93eda6b5030a6281e av_one_half  avia-builder-el-45  el_after_av_one_half  avia-builder-el-last  flex_column_div av-zero-column-padding  \">\n<div class=\"avia-icon-list-container av-k52vie14-a0116d3ca424e0bcd236e82455f6afbb  avia-builder-el-46  avia-builder-el-no-sibling \">\n<ul class=\"avia-icon-list avia_animate_when_almost_visible avia-icon-list-right av-iconlist-big av-k52vie14-a0116d3ca424e0bcd236e82455f6afbb avia-iconlist-animate avia_start_animation\">\n<li class=\"avia_start_animation\">\n<article class=\"article-icon-entry av-iconlist-empty\">\n<div class=\"iconlist_content_wrap\">\n<header class=\"entry-content-header\" aria-label=\"Icon: &lt;a href='https:\/\/www.mybernette.com\/media\/2656.pdf' title='bernette Leporello b35 FR PDF | 3 MB' target=&quot;_blank&quot;  rel=&quot;noopener noreferrer&quot;&gt;bernette Leporello b35 FR PDF | 3 MB&lt;\/a&gt;\">\n<h4 class=\"av_iconlist_title iconlist_title  \"><\/h4>\n<\/header>\n<\/div>\n<\/article>\n<\/li>\n<\/ul>\n<\/div>\n<\/div>\n<\/div>\n<\/div>\n<\/div>\n<\/div>\n<\/div>\n","protected":false},"excerpt":{"rendered":"<h2><span dir=\"auto\" style=\"vertical-align: inherit;\"><span dir=\"auto\" style=\"vertical-align: inherit;\">D\u00e9couvrez le best-seller de Bernette<\/span><\/span><\/h2>\n<p><span dir=\"auto\" style=\"vertical-align: inherit;\"><span dir=\"auto\" style=\"vertical-align: inherit;\">Depuis des ann\u00e9es, la machine \u00e0 coudre m\u00e9canique Bernette est reconnue comme le choix num\u00e9ro un des couturi\u00e8res et des amateurs. Alliant fiabilit\u00e9, polyvalence et prix imbattable, cette machine a tout ce qu&rsquo;il vous faut pour la couture quotidienne et les projets cr\u00e9atifs. Sa r\u00e9putation de machine performante et fiable en fait une option in\u00e9gal\u00e9e pour celles qui recherchent des performances \u00e9lev\u00e9es sans se ruiner.<\/span><\/span><\/p>\n<div id=\"accessories\" class=\"content-part tabbed-content menu-anchor-Accessories\" data-target=\"menu-anchor-Accessories\">\n<div class=\"content size\">\n<div class=\"tab-wrap\">\n<div id=\"tab-included\" class=\"tab-content\">\n<div class=\"flexgrid accessories-grid equal-grid\" data-hideelements=\"\">\n<div class=\"box box-25\">\n<div class=\"block block-img\">\n<div class=\"inner\" translate=\"yes\">\n<p>&nbsp;<\/p>\n<\/div>\n<\/div>\n<\/div>\n<\/div>\n<\/div>\n<\/div>\n<\/div>\n<\/div>\n","protected":false},"featured_media":181,"comment_status":"open","ping_status":"closed","template":"","meta":{"om_disable_all_campaigns":false,"_monsterinsights_skip_tracking":false,"_monsterinsights_sitenote_active":false,"_monsterinsights_sitenote_note":"","_monsterinsights_sitenote_category":0,"_uf_show_specific_survey":0,"_uf_disable_surveys":false},"product_brand":[],"product_cat":[29,16,41],"product_tag":[],"giftcard-category":[],"class_list":{"0":"post-170","1":"product","2":"type-product","3":"status-publish","4":"has-post-thumbnail","6":"product_cat-machines","7":"product_cat-machines-menageres","8":"product_cat-mecanique","10":"first","11":"instock","12":"sale","13":"shipping-taxable","14":"purchasable","15":"product-type-simple"},"aioseo_notices":[],"jetpack_sharing_enabled":true,"_links":{"self":[{"href":"https:\/\/berninabrussels.be\/index.php?rest_route=\/wp\/v2\/product\/170","targetHints":{"allow":["GET"]}}],"collection":[{"href":"https:\/\/berninabrussels.be\/index.php?rest_route=\/wp\/v2\/product"}],"about":[{"href":"https:\/\/berninabrussels.be\/index.php?rest_route=\/wp\/v2\/types\/product"}],"replies":[{"embeddable":true,"href":"https:\/\/berninabrussels.be\/index.php?rest_route=%2Fwp%2Fv2%2Fcomments&post=170"}],"wp:featuredmedia":[{"embeddable":true,"href":"https:\/\/berninabrussels.be\/index.php?rest_route=\/wp\/v2\/media\/181"}],"wp:attachment":[{"href":"https:\/\/berninabrussels.be\/index.php?rest_route=%2Fwp%2Fv2%2Fmedia&parent=170"}],"wp:term":[{"taxonomy":"product_brand","embeddable":true,"href":"https:\/\/berninabrussels.be\/index.php?rest_route=%2Fwp%2Fv2%2Fproduct_brand&post=170"},{"taxonomy":"product_cat","embeddable":true,"href":"https:\/\/berninabrussels.be\/index.php?rest_route=%2Fwp%2Fv2%2Fproduct_cat&post=170"},{"taxonomy":"product_tag","embeddable":true,"href":"https:\/\/berninabrussels.be\/index.php?rest_route=%2Fwp%2Fv2%2Fproduct_tag&post=170"},{"taxonomy":"giftcard-category","embeddable":true,"href":"https:\/\/berninabrussels.be\/index.php?rest_route=%2Fwp%2Fv2%2Fgiftcard-category&post=170"}],"curies":[{"name":"wp","href":"https:\/\/api.w.org\/{rel}","templated":true}]}}