{"id":1685,"date":"2023-05-10T09:36:55","date_gmt":"2023-05-10T07:36:55","guid":{"rendered":"https:\/\/berninabrussels.be\/?post_type=product&#038;p=1685"},"modified":"2023-05-10T09:36:56","modified_gmt":"2023-05-10T07:36:56","slug":"logiciel-bernina-designer-v9","status":"publish","type":"product","link":"https:\/\/berninabrussels.be\/?product=logiciel-bernina-designer-v9","title":{"rendered":"LOGICIEL BERNINA DESIGNER V9"},"content":{"rendered":"<div class=\"col-sm-6\">\n<ul>\n<li>\u00a0Installation facile et fonctionnalit\u00e9 WiFi<\/li>\n<li>\u00a0Num\u00e9risation manuelle et automatique<\/li>\n<li>\u00a0Plus de 100 polices de caract\u00e8res et de monogrammes<\/li>\n<li>\u00a0Collection de motifs de caract\u00e8res pour les polices cr\u00e9\u00e9es par vous-m\u00eame<\/li>\n<\/ul>\n<\/div>\n<div class=\"col-sm-6\"><\/div>\n","protected":false},"excerpt":{"rendered":"<p>\u00a0Installation facile et fonctionnalit\u00e9 WiFi \u00a0Num\u00e9risation manuelle et automatique \u00a0Plus de 100 polices de caract\u00e8res et de monogrammes \u00a0Collection de motifs de caract\u00e8res pour les polices cr\u00e9\u00e9es par vous-m\u00eame<\/p>\n","protected":false},"featured_media":1686,"comment_status":"open","ping_status":"closed","template":"","meta":{"om_disable_all_campaigns":false,"_monsterinsights_skip_tracking":false,"_monsterinsights_sitenote_active":false,"_monsterinsights_sitenote_note":"","_monsterinsights_sitenote_category":0,"_uf_show_specific_survey":0,"_uf_disable_surveys":false},"product_brand":[],"product_cat":[127],"product_tag":[],"giftcard-category":[],"class_list":{"0":"post-1685","1":"product","2":"type-product","3":"status-publish","4":"has-post-thumbnail","6":"product_cat-logiciel-et-pack-de-broderies","8":"first","9":"instock","10":"sale","11":"shipping-taxable","12":"purchasable","13":"product-type-simple"},"aioseo_notices":[],"jetpack_sharing_enabled":true,"_links":{"self":[{"href":"https:\/\/berninabrussels.be\/index.php?rest_route=\/wp\/v2\/product\/1685","targetHints":{"allow":["GET"]}}],"collection":[{"href":"https:\/\/berninabrussels.be\/index.php?rest_route=\/wp\/v2\/product"}],"about":[{"href":"https:\/\/berninabrussels.be\/index.php?rest_route=\/wp\/v2\/types\/product"}],"replies":[{"embeddable":true,"href":"https:\/\/berninabrussels.be\/index.php?rest_route=%2Fwp%2Fv2%2Fcomments&post=1685"}],"wp:featuredmedia":[{"embeddable":true,"href":"https:\/\/berninabrussels.be\/index.php?rest_route=\/wp\/v2\/media\/1686"}],"wp:attachment":[{"href":"https:\/\/berninabrussels.be\/index.php?rest_route=%2Fwp%2Fv2%2Fmedia&parent=1685"}],"wp:term":[{"taxonomy":"product_brand","embeddable":true,"href":"https:\/\/berninabrussels.be\/index.php?rest_route=%2Fwp%2Fv2%2Fproduct_brand&post=1685"},{"taxonomy":"product_cat","embeddable":true,"href":"https:\/\/berninabrussels.be\/index.php?rest_route=%2Fwp%2Fv2%2Fproduct_cat&post=1685"},{"taxonomy":"product_tag","embeddable":true,"href":"https:\/\/berninabrussels.be\/index.php?rest_route=%2Fwp%2Fv2%2Fproduct_tag&post=1685"},{"taxonomy":"giftcard-category","embeddable":true,"href":"https:\/\/berninabrussels.be\/index.php?rest_route=%2Fwp%2Fv2%2Fgiftcard-category&post=1685"}],"curies":[{"name":"wp","href":"https:\/\/api.w.org\/{rel}","templated":true}]}}