{"id":1683,"date":"2023-05-10T09:35:56","date_gmt":"2023-05-10T07:35:56","guid":{"rendered":"https:\/\/berninabrussels.be\/?post_type=product&#038;p=1683"},"modified":"2023-05-10T09:35:56","modified_gmt":"2023-05-10T07:35:56","slug":"pe-design-11","status":"publish","type":"product","link":"https:\/\/berninabrussels.be\/?product=pe-design-11","title":{"rendered":"PE DESIGN 11"},"content":{"rendered":"<p>Exprimez librement votre cr\u00e9ativit\u00e9 gr\u00e2ce \u00e0 notre logiciel de broderie le plus r\u00e9cent et le plus avanc\u00e9 : PE-Design 11 S\u2019appuyant sur le succ\u00e8s de PE-Design 10, son pr\u00e9d\u00e9cesseur, cette nouvelle version du logiciel de broderie int\u00e8gre des fonctions in\u00e9dites et am\u00e9lior\u00e9es pour cr\u00e9er vos propres polices de caract\u00e8res ou points de couture ainsi que des motifs de broderie uniques.<\/p>\n","protected":false},"excerpt":{"rendered":"<p>Exprimez librement votre cr\u00e9ativit\u00e9 gr\u00e2ce \u00e0 notre logiciel de broderie le plus r\u00e9cent et le plus avanc\u00e9 : PE-Design 11 S\u2019appuyant sur le succ\u00e8s de PE-Design 10, son pr\u00e9d\u00e9cesseur, cette nouvelle version du logiciel de broderie int\u00e8gre des fonctions in\u00e9dites et am\u00e9lior\u00e9es pour cr\u00e9er vos propres polices de caract\u00e8res ou points de couture ainsi que&hellip;<\/p>\n","protected":false},"featured_media":1684,"comment_status":"open","ping_status":"closed","template":"","meta":{"om_disable_all_campaigns":false,"_monsterinsights_skip_tracking":false,"_monsterinsights_sitenote_active":false,"_monsterinsights_sitenote_note":"","_monsterinsights_sitenote_category":0,"_uf_show_specific_survey":0,"_uf_disable_surveys":false},"product_brand":[],"product_cat":[127],"product_tag":[],"giftcard-category":[],"class_list":{"0":"post-1683","1":"product","2":"type-product","3":"status-publish","4":"has-post-thumbnail","6":"product_cat-logiciel-et-pack-de-broderies","8":"first","9":"instock","10":"sale","11":"shipping-taxable","12":"purchasable","13":"product-type-simple"},"aioseo_notices":[],"jetpack_sharing_enabled":true,"_links":{"self":[{"href":"https:\/\/berninabrussels.be\/index.php?rest_route=\/wp\/v2\/product\/1683","targetHints":{"allow":["GET"]}}],"collection":[{"href":"https:\/\/berninabrussels.be\/index.php?rest_route=\/wp\/v2\/product"}],"about":[{"href":"https:\/\/berninabrussels.be\/index.php?rest_route=\/wp\/v2\/types\/product"}],"replies":[{"embeddable":true,"href":"https:\/\/berninabrussels.be\/index.php?rest_route=%2Fwp%2Fv2%2Fcomments&post=1683"}],"wp:featuredmedia":[{"embeddable":true,"href":"https:\/\/berninabrussels.be\/index.php?rest_route=\/wp\/v2\/media\/1684"}],"wp:attachment":[{"href":"https:\/\/berninabrussels.be\/index.php?rest_route=%2Fwp%2Fv2%2Fmedia&parent=1683"}],"wp:term":[{"taxonomy":"product_brand","embeddable":true,"href":"https:\/\/berninabrussels.be\/index.php?rest_route=%2Fwp%2Fv2%2Fproduct_brand&post=1683"},{"taxonomy":"product_cat","embeddable":true,"href":"https:\/\/berninabrussels.be\/index.php?rest_route=%2Fwp%2Fv2%2Fproduct_cat&post=1683"},{"taxonomy":"product_tag","embeddable":true,"href":"https:\/\/berninabrussels.be\/index.php?rest_route=%2Fwp%2Fv2%2Fproduct_tag&post=1683"},{"taxonomy":"giftcard-category","embeddable":true,"href":"https:\/\/berninabrussels.be\/index.php?rest_route=%2Fwp%2Fv2%2Fgiftcard-category&post=1683"}],"curies":[{"name":"wp","href":"https:\/\/api.w.org\/{rel}","templated":true}]}}