{"id":1681,"date":"2023-05-10T09:34:59","date_gmt":"2023-05-10T07:34:59","guid":{"rendered":"https:\/\/berninabrussels.be\/?post_type=product&#038;p=1681"},"modified":"2025-12-16T04:06:15","modified_gmt":"2025-12-16T03:06:15","slug":"logiciel-de-broderie-bernina-toolbox-lettrage","status":"publish","type":"product","link":"https:\/\/berninabrussels.be\/?product=logiciel-de-broderie-bernina-toolbox-lettrage","title":{"rendered":"LOGICIEL DE BRODERIE BERNINA TOOLBOX &#8211; LETTRAGE"},"content":{"rendered":"<p class=\"pageTitle level-2\">Logiciel de broderie Bernina Toolbox &#8211; Lettrage<\/p>\n<p><strong>Encore plus de polices et de motifs de broderie pour donner vie \u00e0 vos id\u00e9es<\/strong><\/p>\n<p>Le module Lettering offre les m\u00eames fonctionnalit\u00e9s que le module Lettering Basic. Et bien plus encore.<\/p>\n<p>Avec des centaines de polices et de motifs de broderie, vous disposerez d&rsquo;une vaste gamme d&rsquo;options pour personnaliser vos cr\u00e9ations. Vous pourrez utiliser et combiner \u00e9galement un grand nombre de formes de texte, de bo\u00eetes et de cadres. Donnez libre cours \u00e0 votre inspiration !<\/p>\n<ul>\n<li>Grande vari\u00e9t\u00e9 de coloris, de formes, d&rsquo;\u00e9l\u00e9ments d\u00e9coratifs, de cadres et de motifs<\/li>\n<li>100 alphabets<\/li>\n<li>S\u00e9lectionnez un motif parmi les 200 motifs de broderies disponibles sur le BERNINA Cloud<\/li>\n<\/ul>\n<p><strong>Aper\u00e7u des fonctionnalit\u00e9s les plus importantes :<\/strong><\/p>\n<ul>\n<li>100 alphabets<\/li>\n<li>5 polices bicolores<\/li>\n<li>6 formes de texte<\/li>\n<li>Bo\u00eetes de texte pour cr\u00e9er des \u00e9l\u00e9ments d\u00e9coratifs<\/li>\n<li>Des cadres exclusifs pour cr\u00e9er des badges<\/li>\n<li>200 motifs de broderie \u00e0 partir du BERNINA Cloud<\/li>\n<\/ul>\n","protected":false},"excerpt":{"rendered":"<p>Logiciel de broderie Bernina Toolbox &#8211; Lettrage Encore plus de polices et de motifs de broderie pour donner vie \u00e0 vos id\u00e9es Le module Lettering offre les m\u00eames fonctionnalit\u00e9s que le module Lettering Basic. Et bien plus encore. Avec des centaines de polices et de motifs de broderie, vous disposerez d&rsquo;une vaste gamme d&rsquo;options pour&hellip;<\/p>\n","protected":false},"featured_media":1682,"comment_status":"open","ping_status":"closed","template":"","meta":{"om_disable_all_campaigns":false,"_monsterinsights_skip_tracking":false,"_monsterinsights_sitenote_active":false,"_monsterinsights_sitenote_note":"","_monsterinsights_sitenote_category":0,"_uf_show_specific_survey":0,"_uf_disable_surveys":false},"product_brand":[],"product_cat":[127],"product_tag":[],"giftcard-category":[],"class_list":{"0":"post-1681","1":"product","2":"type-product","3":"status-publish","4":"has-post-thumbnail","6":"product_cat-logiciel-et-pack-de-broderies","8":"first","9":"instock","10":"shipping-taxable","11":"purchasable","12":"product-type-simple"},"aioseo_notices":[],"jetpack_sharing_enabled":true,"_links":{"self":[{"href":"https:\/\/berninabrussels.be\/index.php?rest_route=\/wp\/v2\/product\/1681","targetHints":{"allow":["GET"]}}],"collection":[{"href":"https:\/\/berninabrussels.be\/index.php?rest_route=\/wp\/v2\/product"}],"about":[{"href":"https:\/\/berninabrussels.be\/index.php?rest_route=\/wp\/v2\/types\/product"}],"replies":[{"embeddable":true,"href":"https:\/\/berninabrussels.be\/index.php?rest_route=%2Fwp%2Fv2%2Fcomments&post=1681"}],"wp:featuredmedia":[{"embeddable":true,"href":"https:\/\/berninabrussels.be\/index.php?rest_route=\/wp\/v2\/media\/1682"}],"wp:attachment":[{"href":"https:\/\/berninabrussels.be\/index.php?rest_route=%2Fwp%2Fv2%2Fmedia&parent=1681"}],"wp:term":[{"taxonomy":"product_brand","embeddable":true,"href":"https:\/\/berninabrussels.be\/index.php?rest_route=%2Fwp%2Fv2%2Fproduct_brand&post=1681"},{"taxonomy":"product_cat","embeddable":true,"href":"https:\/\/berninabrussels.be\/index.php?rest_route=%2Fwp%2Fv2%2Fproduct_cat&post=1681"},{"taxonomy":"product_tag","embeddable":true,"href":"https:\/\/berninabrussels.be\/index.php?rest_route=%2Fwp%2Fv2%2Fproduct_tag&post=1681"},{"taxonomy":"giftcard-category","embeddable":true,"href":"https:\/\/berninabrussels.be\/index.php?rest_route=%2Fwp%2Fv2%2Fgiftcard-category&post=1681"}],"curies":[{"name":"wp","href":"https:\/\/api.w.org\/{rel}","templated":true}]}}