{"id":1679,"date":"2023-05-10T09:33:59","date_gmt":"2023-05-10T07:33:59","guid":{"rendered":"https:\/\/berninabrussels.be\/?post_type=product&#038;p=1679"},"modified":"2025-05-26T07:35:14","modified_gmt":"2025-05-26T05:35:14","slug":"logiciel-de-broderie-bernina-toolbox-complet","status":"publish","type":"product","link":"https:\/\/berninabrussels.be\/?product=logiciel-de-broderie-bernina-toolbox-complet","title":{"rendered":"LOGICIEL DE BRODERIE BERNINA TOOLBOX &#8211; COMPLET"},"content":{"rendered":"<p class=\"pageTitle level-2\">Logiciel de broderie Bernina Toolbox &#8211; Complet<\/p>\n<p><strong>La version compl\u00e8te avec toutes les fonctionnalit\u00e9s et plus de 600 motifs de broderie !<\/strong><\/p>\n<p>Avec le package BERNINA Toolbox, vous avez acc\u00e8s \u00e0 plus de 600 motifs de broderie diff\u00e9rents depuis le BERNINA Cloud. Vous pouvez les t\u00e9l\u00e9charger et les \u00e9diter int\u00e9gralement sur votre ordinateur ou directement dans le BERNINA Cloud \u00e0 l&rsquo;aide de votre tablette ou de votre appareil mobile.<\/p>\n<p>Le Bernina Toolbox complet comprend :<\/p>\n<ul>\n<li>Edition<\/li>\n<li>Ajouter ou modifier du lettrage<\/li>\n<li>Monogrammes<\/li>\n<\/ul>\n","protected":false},"excerpt":{"rendered":"<p>Logiciel de broderie Bernina Toolbox &#8211; Complet La version compl\u00e8te avec toutes les fonctionnalit\u00e9s et plus de 600 motifs de broderie ! Avec le package BERNINA Toolbox, vous avez acc\u00e8s \u00e0 plus de 600 motifs de broderie diff\u00e9rents depuis le BERNINA Cloud. Vous pouvez les t\u00e9l\u00e9charger et les \u00e9diter int\u00e9gralement sur votre ordinateur ou directement&hellip;<\/p>\n","protected":false},"featured_media":1680,"comment_status":"open","ping_status":"closed","template":"","meta":{"om_disable_all_campaigns":false,"_monsterinsights_skip_tracking":false,"_monsterinsights_sitenote_active":false,"_monsterinsights_sitenote_note":"","_monsterinsights_sitenote_category":0,"_uf_show_specific_survey":0,"_uf_disable_surveys":false},"product_brand":[],"product_cat":[127],"product_tag":[],"giftcard-category":[],"class_list":{"0":"post-1679","1":"product","2":"type-product","3":"status-publish","4":"has-post-thumbnail","6":"product_cat-logiciel-et-pack-de-broderies","8":"first","9":"instock","10":"shipping-taxable","11":"purchasable","12":"product-type-simple"},"aioseo_notices":[],"jetpack_sharing_enabled":true,"_links":{"self":[{"href":"https:\/\/berninabrussels.be\/index.php?rest_route=\/wp\/v2\/product\/1679","targetHints":{"allow":["GET"]}}],"collection":[{"href":"https:\/\/berninabrussels.be\/index.php?rest_route=\/wp\/v2\/product"}],"about":[{"href":"https:\/\/berninabrussels.be\/index.php?rest_route=\/wp\/v2\/types\/product"}],"replies":[{"embeddable":true,"href":"https:\/\/berninabrussels.be\/index.php?rest_route=%2Fwp%2Fv2%2Fcomments&post=1679"}],"wp:featuredmedia":[{"embeddable":true,"href":"https:\/\/berninabrussels.be\/index.php?rest_route=\/wp\/v2\/media\/1680"}],"wp:attachment":[{"href":"https:\/\/berninabrussels.be\/index.php?rest_route=%2Fwp%2Fv2%2Fmedia&parent=1679"}],"wp:term":[{"taxonomy":"product_brand","embeddable":true,"href":"https:\/\/berninabrussels.be\/index.php?rest_route=%2Fwp%2Fv2%2Fproduct_brand&post=1679"},{"taxonomy":"product_cat","embeddable":true,"href":"https:\/\/berninabrussels.be\/index.php?rest_route=%2Fwp%2Fv2%2Fproduct_cat&post=1679"},{"taxonomy":"product_tag","embeddable":true,"href":"https:\/\/berninabrussels.be\/index.php?rest_route=%2Fwp%2Fv2%2Fproduct_tag&post=1679"},{"taxonomy":"giftcard-category","embeddable":true,"href":"https:\/\/berninabrussels.be\/index.php?rest_route=%2Fwp%2Fv2%2Fgiftcard-category&post=1679"}],"curies":[{"name":"wp","href":"https:\/\/api.w.org\/{rel}","templated":true}]}}