{"id":1677,"date":"2023-05-10T09:33:06","date_gmt":"2023-05-10T07:33:06","guid":{"rendered":"https:\/\/berninabrussels.be\/?post_type=product&#038;p=1677"},"modified":"2023-05-10T09:33:06","modified_gmt":"2023-05-10T07:33:06","slug":"embroidery-plus-upgrade-comp-b-790-en-et-b-880","status":"publish","type":"product","link":"https:\/\/berninabrussels.be\/?product=embroidery-plus-upgrade-comp-b-790-en-et-b-880","title":{"rendered":"EMBROIDERY PLUS UPGRADE (COMP. B 790 EN\/ET B 880)"},"content":{"rendered":"<div class=\"r-show-product-title\">\n<h1 class=\"accessory-h1\">EMBROIDERY PLUS<\/h1>\n<p class=\"r-lead\">Mise \u00e0 jour pour les machines B\u00a0880 et B\u00a0790<\/p>\n<\/div>\n<ul class=\"r-link-list\">\n<li><span class=\"r-icon r-link-arrow\">Des r\u00e9sultats de broderie parfaits<\/span><\/li>\n<li><span class=\"r-icon r-link-arrow\">Placement pr\u00e9cis du motif de broderie<\/span><\/li>\n<li><span class=\"r-icon r-link-arrow\">Vaste gamme de fonctions d&rsquo;\u00e9dition<\/span><\/li>\n<li><span class=\"r-icon r-link-arrow\">Mini-cadre de broderie avec un syst\u00e8me de fermeture \u00e0 ba\u00efonnette<\/span><\/li>\n<li><span class=\"r-icon r-link-arrow\">Nouveaux motifs et alphabets de broderie<\/span><\/li>\n<\/ul>\n","protected":false},"excerpt":{"rendered":"<p>EMBROIDERY PLUS Mise \u00e0 jour pour les machines B\u00a0880 et B\u00a0790 Des r\u00e9sultats de broderie parfaits Placement pr\u00e9cis du motif de broderie Vaste gamme de fonctions d&rsquo;\u00e9dition Mini-cadre de broderie avec un syst\u00e8me de fermeture \u00e0 ba\u00efonnette Nouveaux motifs et alphabets de broderie<\/p>\n","protected":false},"featured_media":1678,"comment_status":"open","ping_status":"closed","template":"","meta":{"om_disable_all_campaigns":false,"_monsterinsights_skip_tracking":false,"_monsterinsights_sitenote_active":false,"_monsterinsights_sitenote_note":"","_monsterinsights_sitenote_category":0,"_uf_show_specific_survey":0,"_uf_disable_surveys":false},"product_brand":[],"product_cat":[127],"product_tag":[],"giftcard-category":[],"class_list":{"0":"post-1677","1":"product","2":"type-product","3":"status-publish","4":"has-post-thumbnail","6":"product_cat-logiciel-et-pack-de-broderies","8":"first","9":"instock","10":"shipping-taxable","11":"purchasable","12":"product-type-simple"},"aioseo_notices":[],"jetpack_sharing_enabled":true,"_links":{"self":[{"href":"https:\/\/berninabrussels.be\/index.php?rest_route=\/wp\/v2\/product\/1677","targetHints":{"allow":["GET"]}}],"collection":[{"href":"https:\/\/berninabrussels.be\/index.php?rest_route=\/wp\/v2\/product"}],"about":[{"href":"https:\/\/berninabrussels.be\/index.php?rest_route=\/wp\/v2\/types\/product"}],"replies":[{"embeddable":true,"href":"https:\/\/berninabrussels.be\/index.php?rest_route=%2Fwp%2Fv2%2Fcomments&post=1677"}],"wp:featuredmedia":[{"embeddable":true,"href":"https:\/\/berninabrussels.be\/index.php?rest_route=\/wp\/v2\/media\/1678"}],"wp:attachment":[{"href":"https:\/\/berninabrussels.be\/index.php?rest_route=%2Fwp%2Fv2%2Fmedia&parent=1677"}],"wp:term":[{"taxonomy":"product_brand","embeddable":true,"href":"https:\/\/berninabrussels.be\/index.php?rest_route=%2Fwp%2Fv2%2Fproduct_brand&post=1677"},{"taxonomy":"product_cat","embeddable":true,"href":"https:\/\/berninabrussels.be\/index.php?rest_route=%2Fwp%2Fv2%2Fproduct_cat&post=1677"},{"taxonomy":"product_tag","embeddable":true,"href":"https:\/\/berninabrussels.be\/index.php?rest_route=%2Fwp%2Fv2%2Fproduct_tag&post=1677"},{"taxonomy":"giftcard-category","embeddable":true,"href":"https:\/\/berninabrussels.be\/index.php?rest_route=%2Fwp%2Fv2%2Fgiftcard-category&post=1677"}],"curies":[{"name":"wp","href":"https:\/\/api.w.org\/{rel}","templated":true}]}}