{"id":1663,"date":"2023-05-09T23:18:10","date_gmt":"2023-05-09T21:18:10","guid":{"rendered":"https:\/\/berninabrussels.be\/?post_type=product&#038;p=1663"},"modified":"2023-05-09T23:19:01","modified_gmt":"2023-05-09T21:19:01","slug":"code-dactivation-crystalwork","status":"publish","type":"product","link":"https:\/\/berninabrussels.be\/?product=code-dactivation-crystalwork","title":{"rendered":"CODE D&rsquo;ACTIVATION CRYSTALWORK"},"content":{"rendered":"<p>Avec CrystalWork, en combinant le module de broderie et le logiciel, les dessins cr\u00e9\u00e9s se transforment en gabarits de motifs parfaits pour appliquer vos strass. Votre imagination peut enfin \u00eatre sans limite ! Pour parvenir au r\u00e9sultat souhait\u00e9, il suffira d&rsquo;installer l&rsquo;outil CrystalWork \u00e0 la place de l&rsquo;aiguille sur votre BERNINA \u00e9quip\u00e9e de la fonction broderie. Testez de nouvelles techniques et personnifiez vos broderies \u00e0 l&rsquo;aide de CrystalWork. Vous serez \u00e9tonn\u00e9e du r\u00e9sultat ! Qu&rsquo;il s&rsquo;agisse de v\u00eatements, d&rsquo;accessoires ou d&rsquo;un quilt.<\/p>\n","protected":false},"excerpt":{"rendered":"<p>Avec CrystalWork, en combinant le module de broderie et le logiciel, les dessins cr\u00e9\u00e9s se transforment en gabarits de motifs parfaits pour appliquer vos strass. Votre imagination peut enfin \u00eatre sans limite ! Pour parvenir au r\u00e9sultat souhait\u00e9, il suffira d&rsquo;installer l&rsquo;outil CrystalWork \u00e0 la place de l&rsquo;aiguille sur votre BERNINA \u00e9quip\u00e9e de la fonction&hellip;<\/p>\n","protected":false},"featured_media":1664,"comment_status":"open","ping_status":"closed","template":"","meta":{"om_disable_all_campaigns":false,"_monsterinsights_skip_tracking":false,"_monsterinsights_sitenote_active":false,"_monsterinsights_sitenote_note":"","_monsterinsights_sitenote_category":0,"_uf_show_specific_survey":0,"_uf_disable_surveys":false},"product_brand":[],"product_cat":[127],"product_tag":[],"giftcard-category":[],"class_list":{"0":"post-1663","1":"product","2":"type-product","3":"status-publish","4":"has-post-thumbnail","6":"product_cat-logiciel-et-pack-de-broderies","8":"first","9":"instock","10":"shipping-taxable","11":"purchasable","12":"product-type-simple"},"aioseo_notices":[],"jetpack_sharing_enabled":true,"_links":{"self":[{"href":"https:\/\/berninabrussels.be\/index.php?rest_route=\/wp\/v2\/product\/1663","targetHints":{"allow":["GET"]}}],"collection":[{"href":"https:\/\/berninabrussels.be\/index.php?rest_route=\/wp\/v2\/product"}],"about":[{"href":"https:\/\/berninabrussels.be\/index.php?rest_route=\/wp\/v2\/types\/product"}],"replies":[{"embeddable":true,"href":"https:\/\/berninabrussels.be\/index.php?rest_route=%2Fwp%2Fv2%2Fcomments&post=1663"}],"wp:featuredmedia":[{"embeddable":true,"href":"https:\/\/berninabrussels.be\/index.php?rest_route=\/wp\/v2\/media\/1664"}],"wp:attachment":[{"href":"https:\/\/berninabrussels.be\/index.php?rest_route=%2Fwp%2Fv2%2Fmedia&parent=1663"}],"wp:term":[{"taxonomy":"product_brand","embeddable":true,"href":"https:\/\/berninabrussels.be\/index.php?rest_route=%2Fwp%2Fv2%2Fproduct_brand&post=1663"},{"taxonomy":"product_cat","embeddable":true,"href":"https:\/\/berninabrussels.be\/index.php?rest_route=%2Fwp%2Fv2%2Fproduct_cat&post=1663"},{"taxonomy":"product_tag","embeddable":true,"href":"https:\/\/berninabrussels.be\/index.php?rest_route=%2Fwp%2Fv2%2Fproduct_tag&post=1663"},{"taxonomy":"giftcard-category","embeddable":true,"href":"https:\/\/berninabrussels.be\/index.php?rest_route=%2Fwp%2Fv2%2Fgiftcard-category&post=1663"}],"curies":[{"name":"wp","href":"https:\/\/api.w.org\/{rel}","templated":true}]}}