{"id":1661,"date":"2023-05-09T23:16:41","date_gmt":"2023-05-09T21:16:41","guid":{"rendered":"https:\/\/berninabrussels.be\/?post_type=product&#038;p=1661"},"modified":"2023-05-09T23:17:41","modified_gmt":"2023-05-09T21:17:41","slug":"codes-logiciels-cutwork-update-v1-a-v2-windows-8","status":"publish","type":"product","link":"https:\/\/berninabrussels.be\/?product=codes-logiciels-cutwork-update-v1-a-v2-windows-8","title":{"rendered":"CODES LOGICIELS CUTWORK UPDATE (V1 \u00c0 V2\/WINDOWS 8)"},"content":{"rendered":"<div class=\"r-show-product-title\">\n<h2 class=\"style-like-h1\">Logiciel BERNINA CutWork<\/h2>\n<div id=\"p_lt_zoneContent_pageplaceholder_p_lt_zoneHeader_Bernina_ParagraphHeaderImage_presserFootCategoryIconsDesktop_pnlItems\" class=\"presser-foot-category-icons\"><\/div>\n<p class=\"r-lead\">D\u00e9couvrez de nouveaux horizons cr\u00e9atifs avec le logiciel CutWork de BERNINA<\/p>\n<\/div>\n<ul class=\"r-link-list\">\n<li><span class=\"r-icon r-link-arrow\">Cr\u00e9er des motifs personnalis\u00e9s<\/span><\/li>\n<li><span class=\"r-icon r-link-arrow\">Modifier les motifs<\/span><\/li>\n<li><span class=\"r-icon r-link-arrow\">Couper avec l&rsquo;outil CutWork<\/span><\/li>\n<\/ul>\n","protected":false},"excerpt":{"rendered":"<p>Logiciel BERNINA CutWork D\u00e9couvrez de nouveaux horizons cr\u00e9atifs avec le logiciel CutWork de BERNINA Cr\u00e9er des motifs personnalis\u00e9s Modifier les motifs Couper avec l&rsquo;outil CutWork<\/p>\n","protected":false},"featured_media":1662,"comment_status":"open","ping_status":"closed","template":"","meta":{"om_disable_all_campaigns":false,"_monsterinsights_skip_tracking":false,"_monsterinsights_sitenote_active":false,"_monsterinsights_sitenote_note":"","_monsterinsights_sitenote_category":0,"_uf_show_specific_survey":0,"_uf_disable_surveys":false},"product_brand":[],"product_cat":[127],"product_tag":[],"giftcard-category":[],"class_list":{"0":"post-1661","1":"product","2":"type-product","3":"status-publish","4":"has-post-thumbnail","6":"product_cat-logiciel-et-pack-de-broderies","8":"first","9":"instock","10":"shipping-taxable","11":"purchasable","12":"product-type-simple"},"aioseo_notices":[],"jetpack_sharing_enabled":true,"_links":{"self":[{"href":"https:\/\/berninabrussels.be\/index.php?rest_route=\/wp\/v2\/product\/1661","targetHints":{"allow":["GET"]}}],"collection":[{"href":"https:\/\/berninabrussels.be\/index.php?rest_route=\/wp\/v2\/product"}],"about":[{"href":"https:\/\/berninabrussels.be\/index.php?rest_route=\/wp\/v2\/types\/product"}],"replies":[{"embeddable":true,"href":"https:\/\/berninabrussels.be\/index.php?rest_route=%2Fwp%2Fv2%2Fcomments&post=1661"}],"wp:featuredmedia":[{"embeddable":true,"href":"https:\/\/berninabrussels.be\/index.php?rest_route=\/wp\/v2\/media\/1662"}],"wp:attachment":[{"href":"https:\/\/berninabrussels.be\/index.php?rest_route=%2Fwp%2Fv2%2Fmedia&parent=1661"}],"wp:term":[{"taxonomy":"product_brand","embeddable":true,"href":"https:\/\/berninabrussels.be\/index.php?rest_route=%2Fwp%2Fv2%2Fproduct_brand&post=1661"},{"taxonomy":"product_cat","embeddable":true,"href":"https:\/\/berninabrussels.be\/index.php?rest_route=%2Fwp%2Fv2%2Fproduct_cat&post=1661"},{"taxonomy":"product_tag","embeddable":true,"href":"https:\/\/berninabrussels.be\/index.php?rest_route=%2Fwp%2Fv2%2Fproduct_tag&post=1661"},{"taxonomy":"giftcard-category","embeddable":true,"href":"https:\/\/berninabrussels.be\/index.php?rest_route=%2Fwp%2Fv2%2Fgiftcard-category&post=1661"}],"curies":[{"name":"wp","href":"https:\/\/api.w.org\/{rel}","templated":true}]}}