{"id":165,"date":"2023-05-05T17:58:32","date_gmt":"2023-05-05T15:58:32","guid":{"rendered":"https:\/\/berninabrussels.be\/?post_type=product&#038;p=165"},"modified":"2025-11-29T16:47:52","modified_gmt":"2025-11-29T15:47:52","slug":"machine-a-coudre-bernette-b33","status":"publish","type":"product","link":"https:\/\/berninabrussels.be\/?product=machine-a-coudre-bernette-b33","title":{"rendered":"MACHINE \u00c0 COUDRE BERNETTE B33"},"content":{"rendered":"<div class=\"bc-product-b33\">\n<style>\n    \/* ====== MISE EN PAGE PRODUIT \u2013 BERNETTE B33 ====== *\/<br \/>\n    .bc-product-b33{<br \/>\n      font-family: system-ui,-apple-system,BlinkMacSystemFont,\"Segoe UI\",Roboto,Arial,sans-serif;<br \/>\n      color:#111827;<br \/>\n      background:#ffffff;<br \/>\n      border-radius:18px;<br \/>\n      padding:18px 16px 20px;<br \/>\n      box-shadow:0 12px 30px rgba(0,0,0,0.08);<br \/>\n      margin-top:18px;<br \/>\n    }<\/p>\n<p>    .bc-product-b33 h2,<br \/>\n    .bc-product-b33 h3{<br \/>\n      margin-top:0;<br \/>\n      color:#111827;<br \/>\n    }<\/p>\n<p>    .bc-product-b33 p{<br \/>\n      margin:0 0 8px;<br \/>\n      font-size:14px;<br \/>\n      line-height:1.6;<br \/>\n      color:#4b5563;<br \/>\n    }<\/p>\n<p>    .bc-product-b33-header{<br \/>\n      display:flex;<br \/>\n      flex-wrap:wrap;<br \/>\n      justify-content:space-between;<br \/>\n      gap:10px;<br \/>\n      margin-bottom:12px;<br \/>\n      border-bottom:1px solid #e5e7eb;<br \/>\n      padding-bottom:10px;<br \/>\n    }<\/p>\n<p>    .bc-product-b33-title{<br \/>\n      font-size:20px;<br \/>\n      font-weight:700;<br \/>\n      margin:0;<br \/>\n    }<\/p>\n<p>    .bc-product-b33-tagline{<br \/>\n      font-size:13px;<br \/>\n      color:#6b7280;<br \/>\n    }<\/p>\n<p>    .bc-product-b33-badges{<br \/>\n      display:flex;<br \/>\n      flex-wrap:wrap;<br \/>\n      gap:6px;<br \/>\n    }<\/p>\n<p>    .bc-product-b33-badge{<br \/>\n      font-size:12px;<br \/>\n      padding:3px 9px;<br \/>\n      border-radius:999px;<br \/>\n      border:1px solid #e5e7eb;<br \/>\n      background:#f9fafb;<br \/>\n      display:inline-flex;<br \/>\n      align-items:center;<br \/>\n      gap:5px;<br \/>\n      white-space:nowrap;<br \/>\n    }<\/p>\n<p>    .bc-product-b33-badge span{<br \/>\n      font-size:14px;<br \/>\n    }<\/p>\n<p>    .bc-product-b33-grid{<br \/>\n      display:grid;<br \/>\n      grid-template-columns: minmax(0,1.3fr) minmax(0,1fr);<br \/>\n      gap:18px;<br \/>\n      margin-top:12px;<br \/>\n    }<\/p>\n<p>    .bc-product-b33-block{<br \/>\n      background:#f9fafb;<br \/>\n      border-radius:14px;<br \/>\n      padding:10px 12px;<br \/>\n      border:1px solid #e5e7eb;<br \/>\n    }<\/p>\n<p>    .bc-product-b33-block h3{<br \/>\n      font-size:14px;<br \/>\n      font-weight:700;<br \/>\n      margin:0 0 6px;<br \/>\n      display:flex;<br \/>\n      align-items:center;<br \/>\n      gap:6px;<br \/>\n    }<\/p>\n<p>    .bc-product-b33-block h3 span{<br \/>\n      font-size:16px;<br \/>\n    }<\/p>\n<p>    .bc-product-b33-list{<br \/>\n      list-style:none;<br \/>\n      padding:0;<br \/>\n      margin:0;<br \/>\n      font-size:13px;<br \/>\n      color:#374151;<br \/>\n    }<\/p>\n<p>    .bc-product-b33-list li{<br \/>\n      display:flex;<br \/>\n      align-items:flex-start;<br \/>\n      gap:6px;<br \/>\n      margin-bottom:4px;<br \/>\n    }<\/p>\n<p>    .bc-product-b33-list li span{<br \/>\n      font-size:14px;<br \/>\n      margin-top:1px;<br \/>\n    }<\/p>\n<p>    .bc-product-b33-specs{<br \/>\n      font-size:13px;<br \/>\n      border-collapse:collapse;<br \/>\n      width:100%;<br \/>\n      margin-top:4px;<br \/>\n    }<\/p>\n<p>    .bc-product-b33-specs th,<br \/>\n    .bc-product-b33-specs td{<br \/>\n      padding:4px 0;<br \/>\n      border-bottom:1px solid #e5e7eb;<br \/>\n      font-size:13px;<br \/>\n      text-align:left;<br \/>\n    }<\/p>\n<p>    .bc-product-b33-specs th{<br \/>\n      width:45%;<br \/>\n      font-weight:600;<br \/>\n      color:#4b5563;<br \/>\n    }<\/p>\n<p>    .bc-product-b33-bottom{<br \/>\n      margin-top:14px;<br \/>\n      padding-top:10px;<br \/>\n      border-top:1px solid #e5e7eb;<br \/>\n      display:grid;<br \/>\n      grid-template-columns: minmax(0,1.4fr) minmax(0,1fr);<br \/>\n      gap:14px;<br \/>\n    }<\/p>\n<p>    .bc-product-b33-note{<br \/>\n      font-size:12px;<br \/>\n      color:#6b7280;<br \/>\n    }<\/p>\n<p>    .bc-product-b33-highlight{<br \/>\n      background:#111827;<br \/>\n      color:#f9fafb;<br \/>\n      border-radius:14px;<br \/>\n      padding:10px 12px;<br \/>\n      font-size:13px;<br \/>\n    }<\/p>\n<p>    .bc-product-b33-highlight strong{<br \/>\n      color:#ffffff;<br \/>\n    }<\/p>\n<p>    @media (max-width:768px){<br \/>\n      .bc-product-b33{<br \/>\n        border-radius:0;<br \/>\n        box-shadow:none;<br \/>\n        padding:14px 10px 16px;<br \/>\n      }<br \/>\n      .bc-product-b33-grid,<br \/>\n      .bc-product-b33-bottom{<br \/>\n        grid-template-columns:1fr;<br \/>\n      }<br \/>\n    }<br \/>\n  <\/style>\n<p><!-- En-t\u00eate --><\/p>\n<div class=\"bc-product-b33-header\">\n<div>\n<h2 class=\"bc-product-b33-title\">bernette B33 \u2013 Machine \u00e0 coudre m\u00e9canique simple &amp; fiable<\/h2>\n<p class=\"bc-product-b33-tagline\">Id\u00e9ale pour d\u00e9buter et progresser sereinement en couture : v\u00eatements, retouches, accessoires, d\u00e9co\u2026<\/p>\n<\/div>\n<div class=\"bc-product-b33-badges\">\n<div class=\"bc-product-b33-badge\">\ud83e\uddf5 D\u00e9butant \u00e0 interm\u00e9diaire<\/div>\n<div class=\"bc-product-b33-badge\">\u2699\ufe0f 15 points + boutonni\u00e8re<\/div>\n<div class=\"bc-product-b33-badge\">\ud83d\udca1 Tr\u00e8s simple d\u2019utilisation<\/div>\n<\/div>\n<\/div>\n<p><!-- Texte d'intro --><\/p>\n<p>La bernette B33 est une machine \u00e0 coudre m\u00e9canique robuste, parfaite pour les couturiers et couturi\u00e8res<br \/>\nqui souhaitent une machine simple, fiable et facile \u00e0 prendre en main. Elle couvre tous les besoins de base :<br \/>\ncouture droite, zigzag, points \u00e9lastiques, ourlets et boutonni\u00e8res.<\/p>\n<p><!-- Deux colonnes : fonctionnalit\u00e9s + accessoires --><\/p>\n<div class=\"bc-product-b33-grid\">\n<div class=\"bc-product-b33-block\">\n<h3>\u2728 Points forts de la B33<\/h3>\n<ul class=\"bc-product-b33-list\">\n<li>\u2714\ufe0f\n<div>15 points utilitaires et d\u00e9coratifs (couture droite, zigzag, points stretch\u2026)<\/div>\n<\/li>\n<li>\u2714\ufe0f\n<div>Boutonni\u00e8re en 4 \u00e9tapes pour vos chemises, vestes et accessoires.<\/div>\n<\/li>\n<li>\u2714\ufe0f\n<div>Deux molettes simples sur le devant : r\u00e9glage intuitif de la longueur de point et du type de point.<\/div>\n<\/li>\n<li>\u2714\ufe0f\n<div>Enfile-aiguille int\u00e9gr\u00e9 pour gagner du temps \u00e0 chaque changement de fil.<\/div>\n<\/li>\n<li>\u2714\ufe0f\n<div>\u00c9clairage LED de la zone de couture pour une meilleure visibilit\u00e9.<\/div>\n<\/li>\n<li>\u2714\ufe0f\n<div>Vitesse adapt\u00e9e pour d\u00e9buter sans stress, tout en restant confortable pour un usage r\u00e9gulier.<\/div>\n<\/li>\n<li>\u2714\ufe0f\n<div>Bras libre pratique pour les manches, jambes de pantalons, v\u00eatements d\u2019enfant, etc.<\/div>\n<\/li>\n<\/ul>\n<table class=\"bc-product-b33-specs\">\n<tbody>\n<tr>\n<th>Type de machine<\/th>\n<td>M\u00e9canique<\/td>\n<\/tr>\n<tr>\n<th>Nombre de points<\/th>\n<td>Env. 15 programmes<\/td>\n<\/tr>\n<tr>\n<th>Boutonni\u00e8re<\/th>\n<td>4 \u00e9tapes<\/td>\n<\/tr>\n<tr>\n<th>Enfile-aiguille<\/th>\n<td>Oui, int\u00e9gr\u00e9<\/td>\n<\/tr>\n<tr>\n<th>\u00c9clairage<\/th>\n<td>LED<\/td>\n<\/tr>\n<\/tbody>\n<\/table>\n<\/div>\n<div class=\"bc-product-b33-block\">\n<h3>\ud83c\udf81 Accessoires inclus<\/h3>\n<ul class=\"bc-product-b33-list\">\n<li>\ud83e\uddb6\n<div>Pied standard pour couture droite et zigzag.<\/div>\n<\/li>\n<li>\ud83e\uddb6\n<div>Pied pour boutonni\u00e8re.<\/div>\n<\/li>\n<li>\ud83e\uddb6\n<div>Pied pour fermeture \u00e9clair.<\/div>\n<\/li>\n<li>\ud83e\uddf7\n<div>Canettes, jeu d\u2019aiguilles, d\u00e9coud-vite, tournevis, brosses, etc.<\/div>\n<\/li>\n<li>\ud83e\uddf5\n<div>Capuchons de bobine et porte-bobine suppl\u00e9mentaires.<\/div>\n<\/li>\n<li>\ud83e\uddf3\n<div>Couvercle ou housse de protection selon configuration.<\/div>\n<\/li>\n<\/ul>\n<p>nous vous informons en magasin si un accessoire sp\u00e9cifique est indispensable pour votre projet.<\/p>\n<\/div>\n<\/div>\n<p><!-- Bas de bloc : pour qui \/ chez Bernina Center Brussels --><\/p>\n<div class=\"bc-product-b33-bottom\">\n<div>\n<h3 style=\"font-size: 14px; font-weight: bold; margin: 0 0 6px;\">Pour qui est faite cette machine\u00a0?<\/h3>\n<p>\u2714\ufe0f Pour une personne qui veut une premi\u00e8re machine s\u00e9rieuse, simple \u00e0 utiliser et qui durera dans le temps.<br \/>\n\u2714\ufe0f Pour les retouches, ourlets de pantalons, raccourcissements de rideaux, petits accessoires, sacs, coussins\u2026<br \/>\n\u2714\ufe0f Pour les cr\u00e9ateurs qui pr\u00e9f\u00e8rent une machine m\u00e9canique fiable plut\u00f4t qu\u2019une \u00e9lectronique trop complexe.<\/p>\n<p class=\"bc-product-b33-note\">Si vous envisagez beaucoup de jersey \/ sweat \/ stretch ou des projets tr\u00e8s volumineux,<br \/>\nnous pouvons vous orienter vers un mod\u00e8le plus complet ou vous conseiller l\u2019ajout d\u2019une surjeteuse.<\/p>\n<\/div>\n<div class=\"bc-product-b33-highlight\"><strong>Pourquoi acheter votre B33 chez Bernina Center Brussels\u00a0?<\/strong><\/p>\n<p style=\"margin-top: 6px;\">\u2022 Conseil avant l\u2019achat pour v\u00e9rifier que le mod\u00e8le correspond vraiment \u00e0 vos projets.<br \/>\n\u2022 Mise en route et explications de base offertes en magasin.<br \/>\n\u2022 Service apr\u00e8s-vente et atelier de r\u00e9paration sur place (Bruxelles &amp; Sterrebeek).<br \/>\n\u2022 Possibilit\u00e9 de compl\u00e9ter plus tard avec des pieds sp\u00e9ciaux, une surjeteuse ou une machine \u00e0 broder.<\/p>\n<\/div>\n<\/div>\n<\/div>\n","protected":false},"excerpt":{"rendered":"<h2>Une machine m\u00e9canique id\u00e9ale pour les d\u00e9butants<\/h2>\n<p>D\u00e9couvrez une tres belle machine m\u00e9canique qui fait partie de notre gamme depuis de nombreuses ann\u00e9es. Con\u00e7ue pour r\u00e9pondre aux besoins des d\u00e9butants, cette machine est une solution fiable et durable pour ceux qui d\u00e9butent dans la couture. Que vous soyez passionn\u00e9 ou que vous commenciez tout juste votre aventure cr\u00e9ative, cette machine sera votre alli\u00e9e parfaite.<\/p>\n<div id=\"accessories\" class=\"content-part tabbed-content menu-anchor-Accessories\" data-target=\"menu-anchor-Accessories\">\n<div class=\"content size\">\n<div class=\"tab-wrap\">\n<div id=\"tab-included\" class=\"tab-content\">\n<div class=\"flexgrid accessories-grid equal-grid\" data-hideelements=\"\">\n<div class=\"box box-25\">\n<div class=\"block block-img\">\n<div class=\"inner\" translate=\"yes\">\n<p>&nbsp;<\/p>\n<\/div>\n<\/div>\n<\/div>\n<\/div>\n<\/div>\n<\/div>\n<\/div>\n<\/div>\n","protected":false},"featured_media":169,"comment_status":"open","ping_status":"closed","template":"","meta":{"om_disable_all_campaigns":false,"_monsterinsights_skip_tracking":false,"_monsterinsights_sitenote_active":false,"_monsterinsights_sitenote_note":"","_monsterinsights_sitenote_category":0,"_uf_show_specific_survey":0,"_uf_disable_surveys":false},"product_brand":[],"product_cat":[29,16,41],"product_tag":[],"giftcard-category":[],"class_list":{"0":"post-165","1":"product","2":"type-product","3":"status-publish","4":"has-post-thumbnail","6":"product_cat-machines","7":"product_cat-machines-menageres","8":"product_cat-mecanique","10":"first","11":"instock","12":"sale","13":"shipping-taxable","14":"purchasable","15":"product-type-simple"},"aioseo_notices":[],"jetpack_sharing_enabled":true,"_links":{"self":[{"href":"https:\/\/berninabrussels.be\/index.php?rest_route=\/wp\/v2\/product\/165","targetHints":{"allow":["GET"]}}],"collection":[{"href":"https:\/\/berninabrussels.be\/index.php?rest_route=\/wp\/v2\/product"}],"about":[{"href":"https:\/\/berninabrussels.be\/index.php?rest_route=\/wp\/v2\/types\/product"}],"replies":[{"embeddable":true,"href":"https:\/\/berninabrussels.be\/index.php?rest_route=%2Fwp%2Fv2%2Fcomments&post=165"}],"wp:featuredmedia":[{"embeddable":true,"href":"https:\/\/berninabrussels.be\/index.php?rest_route=\/wp\/v2\/media\/169"}],"wp:attachment":[{"href":"https:\/\/berninabrussels.be\/index.php?rest_route=%2Fwp%2Fv2%2Fmedia&parent=165"}],"wp:term":[{"taxonomy":"product_brand","embeddable":true,"href":"https:\/\/berninabrussels.be\/index.php?rest_route=%2Fwp%2Fv2%2Fproduct_brand&post=165"},{"taxonomy":"product_cat","embeddable":true,"href":"https:\/\/berninabrussels.be\/index.php?rest_route=%2Fwp%2Fv2%2Fproduct_cat&post=165"},{"taxonomy":"product_tag","embeddable":true,"href":"https:\/\/berninabrussels.be\/index.php?rest_route=%2Fwp%2Fv2%2Fproduct_tag&post=165"},{"taxonomy":"giftcard-category","embeddable":true,"href":"https:\/\/berninabrussels.be\/index.php?rest_route=%2Fwp%2Fv2%2Fgiftcard-category&post=165"}],"curies":[{"name":"wp","href":"https:\/\/api.w.org\/{rel}","templated":true}]}}