{"id":1645,"date":"2023-05-09T23:01:37","date_gmt":"2023-05-09T21:01:37","guid":{"rendered":"https:\/\/berninabrussels.be\/?post_type=product&#038;p=1645"},"modified":"2023-05-09T23:02:56","modified_gmt":"2023-05-09T21:02:56","slug":"aiguille-elx705-cf-2022-sb5","status":"publish","type":"product","link":"https:\/\/berninabrussels.be\/?product=aiguille-elx705-cf-2022-sb5","title":{"rendered":"Aiguille ELx705 CF 2022 (SB5)"},"content":{"rendered":"<p><b><span style=\"font-size: medium;\">Aiguilles ELx705 2022 Coverstitch<\/span><\/b><\/p>\n<div>\n<div>Aiguilles ELx705CF pour machine cover ou machine combin\u00e9e avec surjeteuse et cover.<\/div>\n<div><\/div>\n<div>Il s&rsquo;agit d&rsquo;une aiguille de ELX705 avec un point de la balle l\u00e9g\u00e8re. Le syst\u00e8me d&rsquo;aiguille ELX705 est sp\u00e9cialement con\u00e7u pour les machines cover. Cette aiguille a une longue bosquet sur l&rsquo;avant et \u00e0 l&rsquo;arri\u00e8re ainsi que d&rsquo;un foulard un peu plus grande et un point de la balle l\u00e9g\u00e8re.<\/div>\n<div><\/div>\n<div>Les aiguilles Elx705 ou Elx705CF fonctionnent sur toutes les machines de m\u00e9nage Cover<\/div>\n<\/div>\n","protected":false},"excerpt":{"rendered":"<p>Aiguilles ELx705 2022 Coverstitch Aiguilles ELx705CF pour machine cover ou machine combin\u00e9e avec surjeteuse et cover. Il s&rsquo;agit d&rsquo;une aiguille de ELX705 avec un point de la balle l\u00e9g\u00e8re. Le syst\u00e8me d&rsquo;aiguille ELX705 est sp\u00e9cialement con\u00e7u pour les machines cover. Cette aiguille a une longue bosquet sur l&rsquo;avant et \u00e0 l&rsquo;arri\u00e8re ainsi que d&rsquo;un foulard&hellip;<\/p>\n","protected":false},"featured_media":1648,"comment_status":"open","ping_status":"closed","template":"","meta":{"om_disable_all_campaigns":false,"_monsterinsights_skip_tracking":false,"_monsterinsights_sitenote_active":false,"_monsterinsights_sitenote_note":"","_monsterinsights_sitenote_category":0,"_uf_show_specific_survey":0,"_uf_disable_surveys":false},"product_brand":[],"product_cat":[42,113,47],"product_tag":[],"giftcard-category":[],"class_list":{"0":"post-1645","1":"product","2":"type-product","3":"status-publish","4":"has-post-thumbnail","6":"product_cat-accesoires","7":"product_cat-aiguilles-recouvreuse","8":"product_cat-aiguilles","10":"first","11":"instock","12":"shipping-taxable","13":"purchasable","14":"product-type-variable"},"aioseo_notices":[],"jetpack_sharing_enabled":true,"_links":{"self":[{"href":"https:\/\/berninabrussels.be\/index.php?rest_route=\/wp\/v2\/product\/1645","targetHints":{"allow":["GET"]}}],"collection":[{"href":"https:\/\/berninabrussels.be\/index.php?rest_route=\/wp\/v2\/product"}],"about":[{"href":"https:\/\/berninabrussels.be\/index.php?rest_route=\/wp\/v2\/types\/product"}],"replies":[{"embeddable":true,"href":"https:\/\/berninabrussels.be\/index.php?rest_route=%2Fwp%2Fv2%2Fcomments&post=1645"}],"wp:featuredmedia":[{"embeddable":true,"href":"https:\/\/berninabrussels.be\/index.php?rest_route=\/wp\/v2\/media\/1648"}],"wp:attachment":[{"href":"https:\/\/berninabrussels.be\/index.php?rest_route=%2Fwp%2Fv2%2Fmedia&parent=1645"}],"wp:term":[{"taxonomy":"product_brand","embeddable":true,"href":"https:\/\/berninabrussels.be\/index.php?rest_route=%2Fwp%2Fv2%2Fproduct_brand&post=1645"},{"taxonomy":"product_cat","embeddable":true,"href":"https:\/\/berninabrussels.be\/index.php?rest_route=%2Fwp%2Fv2%2Fproduct_cat&post=1645"},{"taxonomy":"product_tag","embeddable":true,"href":"https:\/\/berninabrussels.be\/index.php?rest_route=%2Fwp%2Fv2%2Fproduct_tag&post=1645"},{"taxonomy":"giftcard-category","embeddable":true,"href":"https:\/\/berninabrussels.be\/index.php?rest_route=%2Fwp%2Fv2%2Fgiftcard-category&post=1645"}],"curies":[{"name":"wp","href":"https:\/\/api.w.org\/{rel}","templated":true}]}}