{"id":1641,"date":"2023-05-09T23:00:01","date_gmt":"2023-05-09T21:00:01","guid":{"rendered":"https:\/\/berninabrussels.be\/?post_type=product&#038;p=1641"},"modified":"2023-05-09T23:01:18","modified_gmt":"2023-05-09T21:01:18","slug":"aiguille-130-705-hax1-sp-su-black-sb5","status":"publish","type":"product","link":"https:\/\/berninabrussels.be\/?product=aiguille-130-705-hax1-sp-su-black-sb5","title":{"rendered":"Aiguille 130\/705 HAX1 SP SU black (SB5)"},"content":{"rendered":"<h3>Syst\u00e8me 130\/705 HAx1 SP SU BLACK Super Stretch &#8211; Schmetz<\/h3>\n<p><b><span style=\"color: #ba213d;\">Vendu par bo\u00eete de 5 aiguilles<\/span><\/b><\/p>\n<p>L&rsquo;aiguille Black Super Stretch est adapt\u00e9e \u00e0 la couture des tissus extensibles d\u00e9licats.<\/p>\n","protected":false},"excerpt":{"rendered":"<p>Syst\u00e8me 130\/705 HAx1 SP SU BLACK Super Stretch &#8211; Schmetz Vendu par bo\u00eete de 5 aiguilles L&rsquo;aiguille Black Super Stretch est adapt\u00e9e \u00e0 la couture des tissus extensibles d\u00e9licats.<\/p>\n","protected":false},"featured_media":1644,"comment_status":"open","ping_status":"closed","template":"","meta":{"om_disable_all_campaigns":false,"_monsterinsights_skip_tracking":false,"_monsterinsights_sitenote_active":false,"_monsterinsights_sitenote_note":"","_monsterinsights_sitenote_category":0,"_uf_show_specific_survey":0,"_uf_disable_surveys":false},"product_brand":[],"product_cat":[42,114,47],"product_tag":[],"giftcard-category":[],"class_list":{"0":"post-1641","1":"product","2":"type-product","3":"status-publish","4":"has-post-thumbnail","6":"product_cat-accesoires","7":"product_cat-aiguille-machine-a-broder","8":"product_cat-aiguilles","10":"first","11":"instock","12":"shipping-taxable","13":"purchasable","14":"product-type-variable"},"aioseo_notices":[],"jetpack_sharing_enabled":true,"_links":{"self":[{"href":"https:\/\/berninabrussels.be\/index.php?rest_route=\/wp\/v2\/product\/1641","targetHints":{"allow":["GET"]}}],"collection":[{"href":"https:\/\/berninabrussels.be\/index.php?rest_route=\/wp\/v2\/product"}],"about":[{"href":"https:\/\/berninabrussels.be\/index.php?rest_route=\/wp\/v2\/types\/product"}],"replies":[{"embeddable":true,"href":"https:\/\/berninabrussels.be\/index.php?rest_route=%2Fwp%2Fv2%2Fcomments&post=1641"}],"wp:featuredmedia":[{"embeddable":true,"href":"https:\/\/berninabrussels.be\/index.php?rest_route=\/wp\/v2\/media\/1644"}],"wp:attachment":[{"href":"https:\/\/berninabrussels.be\/index.php?rest_route=%2Fwp%2Fv2%2Fmedia&parent=1641"}],"wp:term":[{"taxonomy":"product_brand","embeddable":true,"href":"https:\/\/berninabrussels.be\/index.php?rest_route=%2Fwp%2Fv2%2Fproduct_brand&post=1641"},{"taxonomy":"product_cat","embeddable":true,"href":"https:\/\/berninabrussels.be\/index.php?rest_route=%2Fwp%2Fv2%2Fproduct_cat&post=1641"},{"taxonomy":"product_tag","embeddable":true,"href":"https:\/\/berninabrussels.be\/index.php?rest_route=%2Fwp%2Fv2%2Fproduct_tag&post=1641"},{"taxonomy":"giftcard-category","embeddable":true,"href":"https:\/\/berninabrussels.be\/index.php?rest_route=%2Fwp%2Fv2%2Fgiftcard-category&post=1641"}],"curies":[{"name":"wp","href":"https:\/\/api.w.org\/{rel}","templated":true}]}}