{"id":1633,"date":"2023-05-09T22:57:05","date_gmt":"2023-05-09T20:57:05","guid":{"rendered":"https:\/\/berninabrussels.be\/?post_type=product&#038;p=1633"},"modified":"2023-05-09T22:58:19","modified_gmt":"2023-05-09T20:58:19","slug":"aiguillet-gold-broderie-sb5","status":"publish","type":"product","link":"https:\/\/berninabrussels.be\/?product=aiguillet-gold-broderie-sb5","title":{"rendered":"AiguilleT GOLD broderie (SB5)"},"content":{"rendered":"<h3>Syst\u00e8me 130\/705H Bo\u00eete de 5 aiguilles BRODERIE GOLD TITANIUM \/ EMBROIDERY<\/h3>\n<p>Fabriqu\u00e9 dans ce mat\u00e9riel dense, sa pointe est l\u00e9g\u00e8rement arrondie et le chas est \u00e9largi. Elles sont donc parfaites pour broder dans tous les tissus et avec des fils fragiles. Le rev\u00eatements en Titanium r\u00e9siste aux adh\u00e9sifs, am\u00e9liore la tenue de l\u2019aiguille et la p\u00e9n\u00e9tration dans des tissus denses.<\/p>\n<div>Pour la broderie.<\/p>\n<div>Marquage couleur : Dor\u00e9e<\/div>\n<\/div>\n","protected":false},"excerpt":{"rendered":"<p>Syst\u00e8me 130\/705H Bo\u00eete de 5 aiguilles BRODERIE GOLD TITANIUM \/ EMBROIDERY Fabriqu\u00e9 dans ce mat\u00e9riel dense, sa pointe est l\u00e9g\u00e8rement arrondie et le chas est \u00e9largi. Elles sont donc parfaites pour broder dans tous les tissus et avec des fils fragiles. Le rev\u00eatements en Titanium r\u00e9siste aux adh\u00e9sifs, am\u00e9liore la tenue de l\u2019aiguille et la&hellip;<\/p>\n","protected":false},"featured_media":1636,"comment_status":"open","ping_status":"closed","template":"","meta":{"om_disable_all_campaigns":false,"_monsterinsights_skip_tracking":false,"_monsterinsights_sitenote_active":false,"_monsterinsights_sitenote_note":"","_monsterinsights_sitenote_category":0,"_uf_show_specific_survey":0,"_uf_disable_surveys":false},"product_brand":[],"product_cat":[42,114,47],"product_tag":[],"giftcard-category":[],"class_list":{"0":"post-1633","1":"product","2":"type-product","3":"status-publish","4":"has-post-thumbnail","6":"product_cat-accesoires","7":"product_cat-aiguille-machine-a-broder","8":"product_cat-aiguilles","10":"first","11":"instock","12":"shipping-taxable","13":"purchasable","14":"product-type-variable"},"aioseo_notices":[],"jetpack_sharing_enabled":true,"_links":{"self":[{"href":"https:\/\/berninabrussels.be\/index.php?rest_route=\/wp\/v2\/product\/1633","targetHints":{"allow":["GET"]}}],"collection":[{"href":"https:\/\/berninabrussels.be\/index.php?rest_route=\/wp\/v2\/product"}],"about":[{"href":"https:\/\/berninabrussels.be\/index.php?rest_route=\/wp\/v2\/types\/product"}],"replies":[{"embeddable":true,"href":"https:\/\/berninabrussels.be\/index.php?rest_route=%2Fwp%2Fv2%2Fcomments&post=1633"}],"wp:featuredmedia":[{"embeddable":true,"href":"https:\/\/berninabrussels.be\/index.php?rest_route=\/wp\/v2\/media\/1636"}],"wp:attachment":[{"href":"https:\/\/berninabrussels.be\/index.php?rest_route=%2Fwp%2Fv2%2Fmedia&parent=1633"}],"wp:term":[{"taxonomy":"product_brand","embeddable":true,"href":"https:\/\/berninabrussels.be\/index.php?rest_route=%2Fwp%2Fv2%2Fproduct_brand&post=1633"},{"taxonomy":"product_cat","embeddable":true,"href":"https:\/\/berninabrussels.be\/index.php?rest_route=%2Fwp%2Fv2%2Fproduct_cat&post=1633"},{"taxonomy":"product_tag","embeddable":true,"href":"https:\/\/berninabrussels.be\/index.php?rest_route=%2Fwp%2Fv2%2Fproduct_tag&post=1633"},{"taxonomy":"giftcard-category","embeddable":true,"href":"https:\/\/berninabrussels.be\/index.php?rest_route=%2Fwp%2Fv2%2Fgiftcard-category&post=1633"}],"curies":[{"name":"wp","href":"https:\/\/api.w.org\/{rel}","templated":true}]}}