{"id":1628,"date":"2023-05-09T22:54:37","date_gmt":"2023-05-09T20:54:37","guid":{"rendered":"https:\/\/berninabrussels.be\/?post_type=product&#038;p=1628"},"modified":"2023-05-09T22:56:55","modified_gmt":"2023-05-09T20:56:55","slug":"aiguilles-broderie-schmetz-sb5","status":"publish","type":"product","link":"https:\/\/berninabrussels.be\/?product=aiguilles-broderie-schmetz-sb5","title":{"rendered":"Aiguilles broderie Schmetz (SB5)"},"content":{"rendered":"<h3>Aiguilles Broderie 130\/705 H-E Schmetz<\/h3>\n<p><b><span style=\"color: #ba213d;\">Vendu par bo\u00eete de 5 aiguilles\u00a0<\/span><\/b><\/p>\n<p>L&rsquo;aiguille \u00e0 broder SCHMETZ est dot\u00e9e d&rsquo;une pointe l\u00e9g\u00e8rement sph\u00e9rique, d&rsquo;un chas \u00e9largi et d&rsquo;une large rainure plus large pour fils plus gros et fils de laine. L&rsquo;aiguille \u00e0 broder prot\u00e8ge les fils fragiles et en mouvement rapide contre les frottements excessifs, ce qui permet de broder et de r\u00e9aliser des points d\u00e9coratifs sans probl\u00e8me.<\/p>\n","protected":false},"excerpt":{"rendered":"<p>Aiguilles Broderie 130\/705 H-E Schmetz Vendu par bo\u00eete de 5 aiguilles\u00a0 L&rsquo;aiguille \u00e0 broder SCHMETZ est dot\u00e9e d&rsquo;une pointe l\u00e9g\u00e8rement sph\u00e9rique, d&rsquo;un chas \u00e9largi et d&rsquo;une large rainure plus large pour fils plus gros et fils de laine. L&rsquo;aiguille \u00e0 broder prot\u00e8ge les fils fragiles et en mouvement rapide contre les frottements excessifs, ce qui&hellip;<\/p>\n","protected":false},"featured_media":1632,"comment_status":"open","ping_status":"closed","template":"","meta":{"om_disable_all_campaigns":false,"_monsterinsights_skip_tracking":false,"_monsterinsights_sitenote_active":false,"_monsterinsights_sitenote_note":"","_monsterinsights_sitenote_category":0,"_uf_show_specific_survey":0,"_uf_disable_surveys":false},"product_brand":[],"product_cat":[42,114,47],"product_tag":[],"giftcard-category":[],"class_list":{"0":"post-1628","1":"product","2":"type-product","3":"status-publish","4":"has-post-thumbnail","6":"product_cat-accesoires","7":"product_cat-aiguille-machine-a-broder","8":"product_cat-aiguilles","10":"first","11":"instock","12":"shipping-taxable","13":"purchasable","14":"product-type-variable"},"aioseo_notices":[],"jetpack_sharing_enabled":true,"_links":{"self":[{"href":"https:\/\/berninabrussels.be\/index.php?rest_route=\/wp\/v2\/product\/1628","targetHints":{"allow":["GET"]}}],"collection":[{"href":"https:\/\/berninabrussels.be\/index.php?rest_route=\/wp\/v2\/product"}],"about":[{"href":"https:\/\/berninabrussels.be\/index.php?rest_route=\/wp\/v2\/types\/product"}],"replies":[{"embeddable":true,"href":"https:\/\/berninabrussels.be\/index.php?rest_route=%2Fwp%2Fv2%2Fcomments&post=1628"}],"wp:featuredmedia":[{"embeddable":true,"href":"https:\/\/berninabrussels.be\/index.php?rest_route=\/wp\/v2\/media\/1632"}],"wp:attachment":[{"href":"https:\/\/berninabrussels.be\/index.php?rest_route=%2Fwp%2Fv2%2Fmedia&parent=1628"}],"wp:term":[{"taxonomy":"product_brand","embeddable":true,"href":"https:\/\/berninabrussels.be\/index.php?rest_route=%2Fwp%2Fv2%2Fproduct_brand&post=1628"},{"taxonomy":"product_cat","embeddable":true,"href":"https:\/\/berninabrussels.be\/index.php?rest_route=%2Fwp%2Fv2%2Fproduct_cat&post=1628"},{"taxonomy":"product_tag","embeddable":true,"href":"https:\/\/berninabrussels.be\/index.php?rest_route=%2Fwp%2Fv2%2Fproduct_tag&post=1628"},{"taxonomy":"giftcard-category","embeddable":true,"href":"https:\/\/berninabrussels.be\/index.php?rest_route=%2Fwp%2Fv2%2Fgiftcard-category&post=1628"}],"curies":[{"name":"wp","href":"https:\/\/api.w.org\/{rel}","templated":true}]}}