{"id":1626,"date":"2023-05-09T22:53:01","date_gmt":"2023-05-09T20:53:01","guid":{"rendered":"https:\/\/berninabrussels.be\/?post_type=product&#038;p=1626"},"modified":"2023-05-09T22:53:42","modified_gmt":"2023-05-09T20:53:42","slug":"aiguilles-universelles-schmetz-705h-nm90-100-2","status":"publish","type":"product","link":"https:\/\/berninabrussels.be\/?product=aiguilles-universelles-schmetz-705h-nm90-100-2","title":{"rendered":"Aiguilles universelles Schmetz 705H NM90 (100)"},"content":{"rendered":"<h3>Syst\u00e8me 130\/705H &#8211; Bo\u00eete de 100 aiguilles universelles<\/h3>\n<ul>\n<li><i class=\"fa fa-check fa-fw text-success\"><\/i>\u00a0Bo\u00eete de 100 aiguilles<\/li>\n<li><i class=\"fa fa-check fa-fw text-success\"><\/i>\u00a0Grosseur d&rsquo;aiguille: 90<\/li>\n<\/ul>\n<p>Avec pointe l\u00e9g\u00e8rement arrondie pour une couture sans probl\u00e8me de nombreuses sortes de mati\u00e8res<\/p>\n","protected":false},"excerpt":{"rendered":"<p>Syst\u00e8me 130\/705H &#8211; Bo\u00eete de 100 aiguilles universelles \u00a0Bo\u00eete de 100 aiguilles \u00a0Grosseur d&rsquo;aiguille: 90 Avec pointe l\u00e9g\u00e8rement arrondie pour une couture sans probl\u00e8me de nombreuses sortes de mati\u00e8res<\/p>\n","protected":false},"featured_media":1627,"comment_status":"open","ping_status":"closed","template":"","meta":{"om_disable_all_campaigns":false,"_monsterinsights_skip_tracking":false,"_monsterinsights_sitenote_active":false,"_monsterinsights_sitenote_note":"","_monsterinsights_sitenote_category":0,"_uf_show_specific_survey":0,"_uf_disable_surveys":false},"product_brand":[],"product_cat":[42,112,47],"product_tag":[],"giftcard-category":[],"class_list":{"0":"post-1626","1":"product","2":"type-product","3":"status-publish","4":"has-post-thumbnail","6":"product_cat-accesoires","7":"product_cat-aiguilles-surjeteuse","8":"product_cat-aiguilles","10":"first","11":"instock","12":"shipping-taxable","13":"purchasable","14":"product-type-simple"},"aioseo_notices":[],"jetpack_sharing_enabled":true,"_links":{"self":[{"href":"https:\/\/berninabrussels.be\/index.php?rest_route=\/wp\/v2\/product\/1626","targetHints":{"allow":["GET"]}}],"collection":[{"href":"https:\/\/berninabrussels.be\/index.php?rest_route=\/wp\/v2\/product"}],"about":[{"href":"https:\/\/berninabrussels.be\/index.php?rest_route=\/wp\/v2\/types\/product"}],"replies":[{"embeddable":true,"href":"https:\/\/berninabrussels.be\/index.php?rest_route=%2Fwp%2Fv2%2Fcomments&post=1626"}],"wp:featuredmedia":[{"embeddable":true,"href":"https:\/\/berninabrussels.be\/index.php?rest_route=\/wp\/v2\/media\/1627"}],"wp:attachment":[{"href":"https:\/\/berninabrussels.be\/index.php?rest_route=%2Fwp%2Fv2%2Fmedia&parent=1626"}],"wp:term":[{"taxonomy":"product_brand","embeddable":true,"href":"https:\/\/berninabrussels.be\/index.php?rest_route=%2Fwp%2Fv2%2Fproduct_brand&post=1626"},{"taxonomy":"product_cat","embeddable":true,"href":"https:\/\/berninabrussels.be\/index.php?rest_route=%2Fwp%2Fv2%2Fproduct_cat&post=1626"},{"taxonomy":"product_tag","embeddable":true,"href":"https:\/\/berninabrussels.be\/index.php?rest_route=%2Fwp%2Fv2%2Fproduct_tag&post=1626"},{"taxonomy":"giftcard-category","embeddable":true,"href":"https:\/\/berninabrussels.be\/index.php?rest_route=%2Fwp%2Fv2%2Fgiftcard-category&post=1626"}],"curies":[{"name":"wp","href":"https:\/\/api.w.org\/{rel}","templated":true}]}}