{"id":1603,"date":"2023-05-09T22:45:25","date_gmt":"2023-05-09T20:45:25","guid":{"rendered":"https:\/\/berninabrussels.be\/?post_type=product&#038;p=1603"},"modified":"2023-05-09T22:47:36","modified_gmt":"2023-05-09T20:47:36","slug":"aiguilles-universelles-schmetz-3","status":"publish","type":"product","link":"https:\/\/berninabrussels.be\/?product=aiguilles-universelles-schmetz-3","title":{"rendered":"Aiguilles universelles Schmetz"},"content":{"rendered":"<h3>Syst\u00e8me 130\/705H &#8211; Bo\u00eete de 5 aiguilles universelles<\/h3>\n<p>Avec pointe l\u00e9g\u00e8rement arrondie pour une couture sans probl\u00e8me de nombreuses sortes de mati\u00e8res.<\/p>\n<p><b>Grosseurs d&rsquo;aiguilles NM disponibles<\/b><\/p>\n<div class=\"row irow-xs\">\n<div class=\"col-sm-6\">\n<ul>\n<li><i class=\"fa fa-check fa-fw text-success\"><\/i>\u00a060<\/li>\n<li><i class=\"fa fa-check fa-fw text-success\"><\/i>\u00a065<\/li>\n<li><i class=\"fa fa-check fa-fw text-success\"><\/i>\u00a070<\/li>\n<li><i class=\"fa fa-check fa-fw text-success\"><\/i>\u00a080<\/li>\n<li><i class=\"fa fa-check fa-fw text-success\"><\/i>\u00a090<\/li>\n<li><i class=\"fa fa-check fa-fw text-success\"><\/i>\u00a0100<\/li>\n<li><i class=\"fa fa-check fa-fw text-success\"><\/i>\u00a0110<\/li>\n<li><i class=\"fa fa-check fa-fw text-success\"><\/i>\u00a0120<\/li>\n<li><i class=\"fa fa-check fa-fw text-success\"><\/i>\u00a0Assortiment 2&#215;70-2&#215;80-1&#215;90<\/li>\n<\/ul>\n<\/div>\n<div class=\"col-sm-6\"><\/div>\n<\/div>\n","protected":false},"excerpt":{"rendered":"<p>Syst\u00e8me 130\/705H &#8211; Bo\u00eete de 5 aiguilles universelles Avec pointe l\u00e9g\u00e8rement arrondie pour une couture sans probl\u00e8me de nombreuses sortes de mati\u00e8res. Grosseurs d&rsquo;aiguilles NM disponibles \u00a060 \u00a065 \u00a070 \u00a080 \u00a090 \u00a0100 \u00a0110 \u00a0120 \u00a0Assortiment 2&#215;70-2&#215;80-1&#215;90<\/p>\n","protected":false},"featured_media":1613,"comment_status":"open","ping_status":"closed","template":"","meta":{"om_disable_all_campaigns":false,"_monsterinsights_skip_tracking":false,"_monsterinsights_sitenote_active":false,"_monsterinsights_sitenote_note":"","_monsterinsights_sitenote_category":0,"_uf_show_specific_survey":0,"_uf_disable_surveys":false},"product_brand":[],"product_cat":[42,112,47],"product_tag":[],"giftcard-category":[],"class_list":{"0":"post-1603","1":"product","2":"type-product","3":"status-publish","4":"has-post-thumbnail","6":"product_cat-accesoires","7":"product_cat-aiguilles-surjeteuse","8":"product_cat-aiguilles","10":"first","11":"instock","12":"shipping-taxable","13":"purchasable","14":"product-type-variable"},"aioseo_notices":[],"jetpack_sharing_enabled":true,"_links":{"self":[{"href":"https:\/\/berninabrussels.be\/index.php?rest_route=\/wp\/v2\/product\/1603","targetHints":{"allow":["GET"]}}],"collection":[{"href":"https:\/\/berninabrussels.be\/index.php?rest_route=\/wp\/v2\/product"}],"about":[{"href":"https:\/\/berninabrussels.be\/index.php?rest_route=\/wp\/v2\/types\/product"}],"replies":[{"embeddable":true,"href":"https:\/\/berninabrussels.be\/index.php?rest_route=%2Fwp%2Fv2%2Fcomments&post=1603"}],"wp:featuredmedia":[{"embeddable":true,"href":"https:\/\/berninabrussels.be\/index.php?rest_route=\/wp\/v2\/media\/1613"}],"wp:attachment":[{"href":"https:\/\/berninabrussels.be\/index.php?rest_route=%2Fwp%2Fv2%2Fmedia&parent=1603"}],"wp:term":[{"taxonomy":"product_brand","embeddable":true,"href":"https:\/\/berninabrussels.be\/index.php?rest_route=%2Fwp%2Fv2%2Fproduct_brand&post=1603"},{"taxonomy":"product_cat","embeddable":true,"href":"https:\/\/berninabrussels.be\/index.php?rest_route=%2Fwp%2Fv2%2Fproduct_cat&post=1603"},{"taxonomy":"product_tag","embeddable":true,"href":"https:\/\/berninabrussels.be\/index.php?rest_route=%2Fwp%2Fv2%2Fproduct_tag&post=1603"},{"taxonomy":"giftcard-category","embeddable":true,"href":"https:\/\/berninabrussels.be\/index.php?rest_route=%2Fwp%2Fv2%2Fgiftcard-category&post=1603"}],"curies":[{"name":"wp","href":"https:\/\/api.w.org\/{rel}","templated":true}]}}